{"id":44909,"date":"2023-06-07T21:11:47","date_gmt":"2023-06-07T19:11:47","guid":{"rendered":"https:\/\/netpet.ch\/?post_type=product&#038;p=44909"},"modified":"2023-06-14T20:41:53","modified_gmt":"2023-06-14T18:41:53","slug":"drinkwell-trinkbrunnen-fuer-haustiere-original-1-5l","status":"publish","type":"product","link":"https:\/\/netpet.ch\/de\/produit\/drinkwell-trinkbrunnen-fuer-haustiere-original-1-5l\/","title":{"rendered":"Drinkwell - Trinkbrunnen f\u00fcr Haustiere \"Original\", 1.5L"},"content":{"rendered":"<p>Die Gesundheit und Vitalit\u00e4t unserer vierbeinigen Freunde h\u00e4ngt unter anderem davon ab, dass sie genug Wasser trinken.<\/p>\n<p>Der Petsafe\u00ae Drinkwell\u00ae Original Haustierbrunnen bietet einen kaskadenartigen Wasserfluss, der die Tiere dazu anregt, mehr zu trinken, und kontinuierlich f\u00fcr die Anreicherung des Wassers mit gesundem Sauerstoff sorgt.<\/p>\n<p>Der Aktivkohlefilter entfernt schlechten Geschmack und Ger\u00fcche und h\u00e4lt das Wasser sauber und frisch.<\/p>\n<p><strong>Hauptmerkmale des Original Haustierbrunnens von Petsafe:<\/strong><br \/>\n\u2022 Modell mit raffiniertem und kompaktem Design, ideal f\u00fcr Katzen und kleine Hunde<br \/>\n\u2022 Fassungsverm\u00f6gen von 1.5L<br \/>\n\u2022 Ausguss und Wasserrutsche reduzieren Spritzwasser und das Ger\u00e4usch des Wasserfalls<br \/>\n\u2022 Tauchpumpe f\u00fcr einen nahezu ger\u00e4uschlosen Betrieb<br \/>\n\u2022 einstellbarer Wasserfluss<br \/>\n\u2022 Vorfilter, der Haare und andere gro\u00dfe Partikel zur\u00fcckh\u00e4lt<br \/>\n\u2022 austauschbarer Kohlefilter (Produktcode: ps-rf6c-intl-19) f\u00fcr sauberes und frisches Wasser<br \/>\n\u2022 sp\u00fclmaschinenfeste Kunststoffteile (ohne Pumpe)<br \/>\n\u2022 Niederspannungssystem (12v); geringer Stromverbrauch von 2.5 Watt<br \/>\n\u2022 Abmessungen: ca. 28x23x18cm (LxBxH)<br \/>\n\u2022 2 Jahre Herstellergarantie, vorbehaltlich einer Online-Registrierung beim Kauf.<\/p>\n<p><strong>Wichtige Hinweise zur Nutzung:<\/strong><br \/>\n\u2022 der Haustierbrunnen muss regelm\u00e4\u00dfig gereinigt bzw. entkalkt werden, um normal zu funktionieren;<br \/>\n\u2022 der Kohlefilter sollte alle 2 bis 4 Wochen ausgetauscht werden; er kann bei der Reinigung des Brunnens ausgesp\u00fclt, aber niemals mit Seifenwasser gereinigt werden;<br \/>\n\u2022 die Pumpe sollte alle 2 bis 4 Wochen gereinigt bzw. entkalkt werden, um ihre Funktionsf\u00e4higkeit zu gew\u00e4hrleisten;<br \/>\n\u2022 nach jeder Reinigung oder Entkalkung ist es wichtig, die Teile gr\u00fcndlich zu sp\u00fclen;<br \/>\n\u2022 die Pumpe darf auf keinen Fall ohne Wasser betrieben werden.<\/p>\n<p>(\u00fcbersetzt mit www.deepL.com)<\/p>\n","protected":false},"excerpt":{"rendered":"<p>Die Gesundheit und Vitalit\u00e4t unserer vierbeinigen Freunde h\u00e4ngt unter anderem davon ab, dass sie genug Wasser trinken. Der Petsafe\u00ae Drinkwell\u00ae Original Haustierbrunnen bietet einen kaskadenartigen Wasserfluss, der die Tiere dazu anregt, mehr zu trinken, und kontinuierlich f\u00fcr die Anreicherung des Wassers mit gesundem Sauerstoff sorgt. Der Aktivkohlefilter entfernt schlechten Geschmack und Ger\u00fcche und h\u00e4lt das [&hellip;]<\/p>\n","protected":false},"featured_media":44900,"template":"","meta":{"_acf_changed":false,"wds_primary_product_brand":0,"wds_primary_product_cat":0},"product_brand":[],"product_cat":[480,520],"product_tag":[444],"class_list":{"0":"post-44909","1":"product","2":"type-product","3":"status-publish","4":"has-post-thumbnail","6":"product_cat-drinkwell-de","7":"product_cat-trinkbrunnen-hunde","8":"product_tag-promo-de","10":"first","11":"instock","12":"sale","13":"taxable","14":"shipping-taxable","15":"purchasable","16":"product-type-simple"},"acf":[],"_links":{"self":[{"href":"https:\/\/netpet.ch\/de\/wp-json\/wp\/v2\/product\/44909","targetHints":{"allow":["GET"]}}],"collection":[{"href":"https:\/\/netpet.ch\/de\/wp-json\/wp\/v2\/product"}],"about":[{"href":"https:\/\/netpet.ch\/de\/wp-json\/wp\/v2\/types\/product"}],"wp:featuredmedia":[{"embeddable":true,"href":"https:\/\/netpet.ch\/de\/wp-json\/wp\/v2\/media\/44900"}],"wp:attachment":[{"href":"https:\/\/netpet.ch\/de\/wp-json\/wp\/v2\/media?parent=44909"}],"wp:term":[{"taxonomy":"product_brand","embeddable":true,"href":"https:\/\/netpet.ch\/de\/wp-json\/wp\/v2\/product_brand?post=44909"},{"taxonomy":"product_cat","embeddable":true,"href":"https:\/\/netpet.ch\/de\/wp-json\/wp\/v2\/product_cat?post=44909"},{"taxonomy":"product_tag","embeddable":true,"href":"https:\/\/netpet.ch\/de\/wp-json\/wp\/v2\/product_tag?post=44909"}],"curies":[{"name":"wp","href":"https:\/\/api.w.org\/{rel}","templated":true}]}}