{"id":45132,"date":"2023-07-31T08:43:51","date_gmt":"2023-07-31T06:43:51","guid":{"rendered":"https:\/\/netpet.ch\/?post_type=product&#038;p=45132"},"modified":"2026-03-04T18:51:33","modified_gmt":"2026-03-04T17:51:33","slug":"chicksafe-advance-von-brinsea-automatischer-tueroeffner-fuer-huehnerstaelle","status":"publish","type":"product","link":"https:\/\/netpet.ch\/de\/produit\/chicksafe-advance-von-brinsea-automatischer-tueroeffner-fuer-huehnerstaelle\/","title":{"rendered":"ChickSafe Advance von Brinsea - Automatischer T\u00fcr\u00f6ffner f\u00fcr H\u00fchnerst\u00e4lle"},"content":{"rendered":"<p><strong>ChickSafe Advance<\/strong>, der elektronische T\u00fcr\u00f6ffner von <strong>Brinsea<\/strong>, der Ihnen Seelenfrieden bietet, indem er die T\u00fcr Ihres H\u00fchnerstalls f\u00fcr Sie \u00f6ffnet und schliesst.<\/p>\n<p><strong>Der Brinsea ChickSafe Advance im \u00dcberblick:<\/strong><br \/>\n\u2022 \u00d6ffnen und Schlie\u00dfen der T\u00fcr Ihres H\u00fchnerstalls mit der programmierbaren Timerfunktion und\/oder einem Lichtsensor<br \/>\n\u2022 Einstellbare Lichtempfindlichkeit f\u00fcr das Schliessen<br \/>\n\u2022 Leicht zu montieren und delbstkalibrierend<br \/>\n\u2022 Kann vertikale H\u00fchnert\u00fcren von 300g bis zu <strong>4kg<\/strong> \u00f6ffnen<br \/>\n\u2022 Einzigartiger, robuster, patentierter Mechanismus<br \/>\n\u2022 Mehrsprachiges digitales Display<br \/>\n\u2022 \"Ausschlaf\"-Funktion f\u00fcr Wochenenden<br \/>\n\u2022 Kann manuell ge\u00f6ffnet und geschlossen werden<br \/>\n\u2022 Automatische Stoppfunktion, wenn Huhn die T\u00fcr verstellt<br \/>\n\u2022 Geeignet f\u00fcr extreme Wetterbedingungen (-20\u00b0C - +50\u00b0C)<br \/>\n\u2022 Wetterfestes Geh\u00e4use aus UV-best\u00e4ndigen Materialien<br \/>\n\u2022 LED-Anzeige f\u00fcr geschlossene und offene T\u00fcr<br \/>\n\u2022 LED-Anzeige f\u00fcr schwache Batterie und Pannenwarnung<br \/>\n\u2022 Stromversorgung \u00fcber 4 AA-Batterien (im Lieferumfang enthalten)<br \/>\n\u2022 Batterielebensdauer bis zu 1 Jahr<br \/>\n\u2022 Abmessungen von 15x15x7cm (HxBxT)<br \/>\n\u2022 3 Jahre Herstellergarantie, vorbehaltlich einer Online-Registrierung beim Kauf auf <span style=\"color: #FFC50B\"><a style=\"color: #FFC50B\" href=\"http:\/\/www.brinsea.co.uk\" target=\"_blank\" rel=\"noopener\">brinsea.co.uk<\/a><\/span><br \/>\n\u2022 Hergestellt in Gro\u00dfbritannien<\/p>\n<p>(\u00fcbersetzt mit www.deepL.com)<\/p>\n<p>&nbsp;<\/p>\n<p><img loading=\"lazy\" decoding=\"async\" class=\"alignnone size-medium wp-image-45147\" src=\"https:\/\/netpet.ch\/wp-content\/uploads\/2023\/07\/Brinsea-Authorised-Distributor_rond-300x300.jpg\" alt=\"\" width=\"300\" height=\"300\" srcset=\"https:\/\/netpet.ch\/wp-content\/uploads\/2023\/07\/Brinsea-Authorised-Distributor_rond-300x300.jpg 300w, https:\/\/netpet.ch\/wp-content\/uploads\/2023\/07\/Brinsea-Authorised-Distributor_rond-1024x1021.jpg 1024w, https:\/\/netpet.ch\/wp-content\/uploads\/2023\/07\/Brinsea-Authorised-Distributor_rond-150x150.jpg 150w, https:\/\/netpet.ch\/wp-content\/uploads\/2023\/07\/Brinsea-Authorised-Distributor_rond-768x766.jpg 768w, https:\/\/netpet.ch\/wp-content\/uploads\/2023\/07\/Brinsea-Authorised-Distributor_rond-600x598.jpg 600w, https:\/\/netpet.ch\/wp-content\/uploads\/2023\/07\/Brinsea-Authorised-Distributor_rond-100x100.jpg 100w, https:\/\/netpet.ch\/wp-content\/uploads\/2023\/07\/Brinsea-Authorised-Distributor_rond.jpg 1438w\" sizes=\"auto, (max-width: 300px) 100vw, 300px\" \/><\/p>\n","protected":false},"excerpt":{"rendered":"<p style=\"text-align: left\"><em><strong><span style=\"color: #f05957\">NEU IM SORTIMENT von netpet.ch<\/span><\/strong><\/em><\/p>\n<p><span style=\"color: #339966\">KOSTENLOSER VERSAND - schneller Versand aus unserem Lager<\/span><\/p>\n","protected":false},"featured_media":45109,"template":"","meta":{"_acf_changed":false,"wds_primary_product_brand":0,"wds_primary_product_cat":0},"product_brand":[],"product_cat":[445],"product_tag":[444],"class_list":{"0":"post-45132","1":"product","2":"type-product","3":"status-publish","4":"has-post-thumbnail","6":"product_cat-automatische-tueroeffner-fuer-huehnerstaelle","7":"product_tag-promo-de","9":"first","10":"instock","11":"taxable","12":"shipping-taxable","13":"purchasable","14":"product-type-simple"},"acf":[],"_links":{"self":[{"href":"https:\/\/netpet.ch\/de\/wp-json\/wp\/v2\/product\/45132","targetHints":{"allow":["GET"]}}],"collection":[{"href":"https:\/\/netpet.ch\/de\/wp-json\/wp\/v2\/product"}],"about":[{"href":"https:\/\/netpet.ch\/de\/wp-json\/wp\/v2\/types\/product"}],"wp:featuredmedia":[{"embeddable":true,"href":"https:\/\/netpet.ch\/de\/wp-json\/wp\/v2\/media\/45109"}],"wp:attachment":[{"href":"https:\/\/netpet.ch\/de\/wp-json\/wp\/v2\/media?parent=45132"}],"wp:term":[{"taxonomy":"product_brand","embeddable":true,"href":"https:\/\/netpet.ch\/de\/wp-json\/wp\/v2\/product_brand?post=45132"},{"taxonomy":"product_cat","embeddable":true,"href":"https:\/\/netpet.ch\/de\/wp-json\/wp\/v2\/product_cat?post=45132"},{"taxonomy":"product_tag","embeddable":true,"href":"https:\/\/netpet.ch\/de\/wp-json\/wp\/v2\/product_tag?post=45132"}],"curies":[{"name":"wp","href":"https:\/\/api.w.org\/{rel}","templated":true}]}}