{"id":45189,"date":"2023-08-02T21:54:51","date_gmt":"2023-08-02T19:54:51","guid":{"rendered":"https:\/\/netpet.ch\/?post_type=product&#038;p=45189"},"modified":"2026-05-05T22:11:38","modified_gmt":"2026-05-05T20:11:38","slug":"petsafe-mikrochip-katzenklappe","status":"publish","type":"product","link":"https:\/\/netpet.ch\/de\/produit\/petsafe-mikrochip-katzenklappe\/","title":{"rendered":"PetSafe - Mikrochip Katzenklappe"},"content":{"rendered":"<p>Mit ihrer fortschrittlichen selektiven Eingangstechnologie ist die PetSafe\u00ae Mikrochip Katzenklappe so konzipiert, dass sie Ihrer Katze einen leichten Zugang zur Au\u00dfenwelt erm\u00f6glicht und gleichzeitig andere Katzen und unerw\u00fcnschte Tiere aus Ihrem Haus fernh\u00e4lt.<\/p>\n<p>Mit der RFID-Technologie (Radio Frequency Identification) liest diese Katzenklappe den Identifikationschip Ihrer Katze, wenn sie sich n\u00e4hert, und erlaubt ihr den Zutritt. Ein Halsband oder andere Hilfsmittel sind nicht erforderlich. Die Katzenklappe bleibt jedoch geschlossen und verhindert den Zutritt unerw\u00fcnschter Tiere (andere Katzen, streunende oder wilde Tiere) ohne vorher registrierten Identifikationschip.<\/p>\n<p><strong>Hauptmerkmale der PetSafe\u00ae Mikrochip Katzenklappe:<\/strong><br \/>\n\u2022 Katzenklappe mit Mikrochip-Leseger\u00e4t, das den Zugang f\u00fcr streunende Katzen und fremde Tieren verhindert<br \/>\n\u2022 einfache Programmierung<br \/>\n\u2022 M\u00f6glichkeit, bis zu 40 Chipnummern zu speichern<br \/>\n\u2022 Batteriebetrieb (4 AA-Batterien, nicht im Lieferumfang enthalten); Anzeige bei niedrigem Batteriestand<br \/>\n\u2022 Magnetverschluss h\u00e4lt die T\u00fcr geschlossen, wenn sie nicht benutzt wird<br \/>\n\u2022 verst\u00e4rkte, doppelte automatische Verriegelung mit 4 manuellen Verschlussoptionen: Ein- und Ausgang, nur Ausgang, nur Eingang, vollst\u00e4ndig geschlossen<br \/>\n\u2022 in der Schwingklappe integrierte Anti-Zugluft-Abdichtung<br \/>\n\u2022 Installation m\u00f6glich auf Holz und Kunststoff, Einfach- und *Doppelverglasung, Metall** oder in einer Wand**<br \/>\n\u2022 3 Jahre Herstellergarantie<\/p>\n<p><strong>Abmessungen:<\/strong><br \/>\n\u2022 Abmessungen des Au\u00dfenrahmens: 220x239mm (BxH)<br \/>\n\u2022 Abmessungen der Klappen\u00f6ffnung (Durchgang des Tieres): 150x121mm (BxH)<br \/>\n\u2022 Ausschnittsgr\u00f6sse: 168x175mm (BxH)<br \/>\n\u2022 optimaler Durchmesser des Ausschnitts f\u00fcr den Einbau in Glas: 212mm (die Katzenklappe kann in L\u00f6cher mit einem Durchmesser von bis zu 260mm eingebaut werden)<br \/>\n\u2022 Tunneltiefe: 72mm<br \/>\n\u2022 maximales Gewicht des Tieres: 8kg<\/p>\n<p>(*mit Montageadapter, Produktcode: ps-pac54-16246)<br \/>\n(**mit Tunnelverl\u00e4ngerung, Produktcode: ps-pac54-16248)<\/p>\n<p>(\u00fcbersetzt mit www.deepL.com)<\/p>\n","protected":false},"excerpt":{"rendered":"<p>Mit ihrer fortschrittlichen selektiven Eingangstechnologie ist die PetSafe\u00ae Mikrochip Katzenklappe so konzipiert, dass sie Ihrer Katze einen leichten Zugang zur Au\u00dfenwelt erm\u00f6glicht und gleichzeitig andere Katzen und unerw\u00fcnschte Tiere aus Ihrem Haus fernh\u00e4lt. Mit der RFID-Technologie (Radio Frequency Identification) liest diese Katzenklappe den Identifikationschip Ihrer Katze, wenn sie sich n\u00e4hert, und erlaubt ihr den Zutritt. [&hellip;]<\/p>\n","protected":false},"featured_media":45167,"template":"","meta":{"_acf_changed":false,"wds_primary_product_brand":0,"wds_primary_product_cat":0},"product_brand":[],"product_cat":[470,473],"product_tag":[444],"class_list":{"0":"post-45189","1":"product","2":"type-product","3":"status-publish","4":"has-post-thumbnail","6":"product_cat-katzenklappen-mit-chip","7":"product_cat-katzenklappen-de-2","8":"product_tag-promo-de","10":"first","11":"instock","12":"sale","13":"taxable","14":"shipping-taxable","15":"purchasable","16":"product-type-simple"},"acf":[],"_links":{"self":[{"href":"https:\/\/netpet.ch\/de\/wp-json\/wp\/v2\/product\/45189","targetHints":{"allow":["GET"]}}],"collection":[{"href":"https:\/\/netpet.ch\/de\/wp-json\/wp\/v2\/product"}],"about":[{"href":"https:\/\/netpet.ch\/de\/wp-json\/wp\/v2\/types\/product"}],"wp:featuredmedia":[{"embeddable":true,"href":"https:\/\/netpet.ch\/de\/wp-json\/wp\/v2\/media\/45167"}],"wp:attachment":[{"href":"https:\/\/netpet.ch\/de\/wp-json\/wp\/v2\/media?parent=45189"}],"wp:term":[{"taxonomy":"product_brand","embeddable":true,"href":"https:\/\/netpet.ch\/de\/wp-json\/wp\/v2\/product_brand?post=45189"},{"taxonomy":"product_cat","embeddable":true,"href":"https:\/\/netpet.ch\/de\/wp-json\/wp\/v2\/product_cat?post=45189"},{"taxonomy":"product_tag","embeddable":true,"href":"https:\/\/netpet.ch\/de\/wp-json\/wp\/v2\/product_tag?post=45189"}],"curies":[{"name":"wp","href":"https:\/\/api.w.org\/{rel}","templated":true}]}}