{"id":45246,"date":"2023-08-11T18:00:42","date_gmt":"2023-08-11T16:00:42","guid":{"rendered":"https:\/\/netpet.ch\/?post_type=product&#038;p=45246"},"modified":"2023-08-13T19:30:14","modified_gmt":"2023-08-13T17:30:14","slug":"petsafe-automatisches-katzenspielzeug-frolicat-flik","status":"publish","type":"product","link":"https:\/\/netpet.ch\/de\/produit\/petsafe-automatisches-katzenspielzeug-frolicat-flik\/","title":{"rendered":"PetSafe - Automatisches Katzenspielzeug FroliCat\u00ae FLIK\u2122"},"content":{"rendered":"<p>Das automatische FroliCat\u00ae FLIK\u2122-System wird Ihre Katze stundenlang unterhalten!<\/p>\n<p>Mittels einer Schnur, die ausgeworfen wird, imitiert das Spielzeug den Schwanz eines Tieres, der sich zuf\u00e4llig bewegt und dann wieder verschwindet. Die Bewegungen der Schnur regen den nat\u00fcrlichen Jagdinstinkt Ihrer Katze an, sodass sie immer wieder versuchen wird, die Schnur zu fangen, bevor sie wieder verschwindet. Noch nie hat eine Katze so viel Spa\u00df mit einer einfachen Schnur gehabt!<\/p>\n<p>Das Spielzeug mit einem Durchmesser von ca. 24cm und einer H\u00f6he von ca. 6cm wird mit 3 AA-Batterien (nicht im Lieferumfang enthalten) betrieben und verf\u00fcgt \u00fcber einen praktischen Ein-\/Ausschalter. Im eingeschalteten Zustand schaltet er sich ein, wenn er die Bewegungen Ihrer Katze erkennt.<\/p>\n<p>2 Jahre Herstellergarantie.<\/p>\n<p>(\u00fcbersetzt mit www.deepL.com)<\/p>\n<p>&nbsp;<\/p>\n<p><iframe loading=\"lazy\" title=\"FroliCat. L&#039;amusement mobile.\" width=\"500\" height=\"281\" src=\"https:\/\/www.youtube.com\/embed\/MTXK9pBavyY?feature=oembed\" frameborder=\"0\" allow=\"accelerometer; autoplay; clipboard-write; encrypted-media; gyroscope; picture-in-picture; web-share\" referrerpolicy=\"strict-origin-when-cross-origin\" allowfullscreen><\/iframe><\/p>\n<p>&nbsp;<\/p>\n","protected":false},"excerpt":{"rendered":"<p>Das automatische FroliCat\u00ae FLIK\u2122-System wird Ihre Katze stundenlang unterhalten! Mittels einer Schnur, die ausgeworfen wird, imitiert das Spielzeug den Schwanz eines Tieres, der sich zuf\u00e4llig bewegt und dann wieder verschwindet. Die Bewegungen der Schnur regen den nat\u00fcrlichen Jagdinstinkt Ihrer Katze an, sodass sie immer wieder versuchen wird, die Schnur zu fangen, bevor sie wieder verschwindet. [&hellip;]<\/p>\n","protected":false},"featured_media":45200,"template":"","meta":{"_acf_changed":false,"wds_primary_product_brand":0,"wds_primary_product_cat":0},"product_brand":[],"product_cat":[504],"product_tag":[],"class_list":{"0":"post-45246","1":"product","2":"type-product","3":"status-publish","4":"has-post-thumbnail","6":"product_cat-spielzeug","8":"first","9":"instock","10":"taxable","11":"shipping-taxable","12":"purchasable","13":"product-type-simple"},"acf":[],"_links":{"self":[{"href":"https:\/\/netpet.ch\/de\/wp-json\/wp\/v2\/product\/45246","targetHints":{"allow":["GET"]}}],"collection":[{"href":"https:\/\/netpet.ch\/de\/wp-json\/wp\/v2\/product"}],"about":[{"href":"https:\/\/netpet.ch\/de\/wp-json\/wp\/v2\/types\/product"}],"wp:featuredmedia":[{"embeddable":true,"href":"https:\/\/netpet.ch\/de\/wp-json\/wp\/v2\/media\/45200"}],"wp:attachment":[{"href":"https:\/\/netpet.ch\/de\/wp-json\/wp\/v2\/media?parent=45246"}],"wp:term":[{"taxonomy":"product_brand","embeddable":true,"href":"https:\/\/netpet.ch\/de\/wp-json\/wp\/v2\/product_brand?post=45246"},{"taxonomy":"product_cat","embeddable":true,"href":"https:\/\/netpet.ch\/de\/wp-json\/wp\/v2\/product_cat?post=45246"},{"taxonomy":"product_tag","embeddable":true,"href":"https:\/\/netpet.ch\/de\/wp-json\/wp\/v2\/product_tag?post=45246"}],"curies":[{"name":"wp","href":"https:\/\/api.w.org\/{rel}","templated":true}]}}