{"id":45247,"date":"2023-08-11T21:32:31","date_gmt":"2023-08-11T19:32:31","guid":{"rendered":"https:\/\/netpet.ch\/?post_type=product&#038;p=45247"},"modified":"2023-08-13T19:33:15","modified_gmt":"2023-08-13T17:33:15","slug":"petsafe-rotierendes-katzenspielzeug-frolicat-pounce","status":"publish","type":"product","link":"https:\/\/netpet.ch\/de\/produit\/petsafe-rotierendes-katzenspielzeug-frolicat-pounce\/","title":{"rendered":"PetSafe - Rotierendes Katzenspielzeug FroliCat\u00ae POUNCE\u2122"},"content":{"rendered":"<p>FroliCat\u00ae POUNCE\u2122 spielt Verstecken mit Ihrer Katze!<\/p>\n<p>Die Marshal\u2122-Maus bewegt sich auf unvorhersehbare Weise kreisf\u00f6rmig, geht vor und zur\u00fcck und versteckt sich unter Schutzh\u00fctten. Auf diese Weise neckt sie Ihre Katze und regt ihren Jagdinstinkt an. Dar\u00fcber hinaus tragen die vier Geschwindigkeitseinstellungen (langsam, mittel, schnell und variabel) dazu bei, das Interesse Ihres Haustiers am Spiel aufrechtzuerhalten.<\/p>\n<p>Das FroliCat\u00ae POUNCE\u2122, mit einem Durchmesser von ca. 31cm und einer H\u00f6he von ca. 7,5cm, wird mit 3 AA-Batterien (nicht enthalten) betrieben. Ein Timer sorgt daf\u00fcr, dass er sich nach 10 Minuten Betrieb abschaltet.<\/p>\n<p>2 Jahre Herstellergarantie.<\/p>\n<p>(\u00fcbersetzt mit www.deepL.com)<\/p>\n<p>&nbsp;<\/p>\n<p><iframe loading=\"lazy\" title=\"FroliCat. L&#039;amusement mobile.\" width=\"500\" height=\"281\" src=\"https:\/\/www.youtube.com\/embed\/MTXK9pBavyY?feature=oembed\" frameborder=\"0\" allow=\"accelerometer; autoplay; clipboard-write; encrypted-media; gyroscope; picture-in-picture; web-share\" referrerpolicy=\"strict-origin-when-cross-origin\" allowfullscreen><\/iframe><\/p>\n<p>&nbsp;<\/p>\n","protected":false},"excerpt":{"rendered":"<p>FroliCat\u00ae POUNCE\u2122 spielt Verstecken mit Ihrer Katze! Die Marshal\u2122-Maus bewegt sich auf unvorhersehbare Weise kreisf\u00f6rmig, geht vor und zur\u00fcck und versteckt sich unter Schutzh\u00fctten. Auf diese Weise neckt sie Ihre Katze und regt ihren Jagdinstinkt an. Dar\u00fcber hinaus tragen die vier Geschwindigkeitseinstellungen (langsam, mittel, schnell und variabel) dazu bei, das Interesse Ihres Haustiers am Spiel [&hellip;]<\/p>\n","protected":false},"featured_media":45203,"template":"","meta":{"_acf_changed":false,"wds_primary_product_brand":0,"wds_primary_product_cat":0},"product_brand":[],"product_cat":[504],"product_tag":[],"class_list":{"0":"post-45247","1":"product","2":"type-product","3":"status-publish","4":"has-post-thumbnail","6":"product_cat-spielzeug","8":"first","9":"instock","10":"taxable","11":"shipping-taxable","12":"purchasable","13":"product-type-simple"},"acf":[],"_links":{"self":[{"href":"https:\/\/netpet.ch\/de\/wp-json\/wp\/v2\/product\/45247","targetHints":{"allow":["GET"]}}],"collection":[{"href":"https:\/\/netpet.ch\/de\/wp-json\/wp\/v2\/product"}],"about":[{"href":"https:\/\/netpet.ch\/de\/wp-json\/wp\/v2\/types\/product"}],"wp:featuredmedia":[{"embeddable":true,"href":"https:\/\/netpet.ch\/de\/wp-json\/wp\/v2\/media\/45203"}],"wp:attachment":[{"href":"https:\/\/netpet.ch\/de\/wp-json\/wp\/v2\/media?parent=45247"}],"wp:term":[{"taxonomy":"product_brand","embeddable":true,"href":"https:\/\/netpet.ch\/de\/wp-json\/wp\/v2\/product_brand?post=45247"},{"taxonomy":"product_cat","embeddable":true,"href":"https:\/\/netpet.ch\/de\/wp-json\/wp\/v2\/product_cat?post=45247"},{"taxonomy":"product_tag","embeddable":true,"href":"https:\/\/netpet.ch\/de\/wp-json\/wp\/v2\/product_tag?post=45247"}],"curies":[{"name":"wp","href":"https:\/\/api.w.org\/{rel}","templated":true}]}}