{"id":45251,"date":"2023-08-12T10:10:17","date_gmt":"2023-08-12T08:10:17","guid":{"rendered":"https:\/\/netpet.ch\/?post_type=product&#038;p=45251"},"modified":"2024-11-15T17:38:41","modified_gmt":"2024-11-15T16:38:41","slug":"cat-mate-elite-tunnelverlaengerung-fuer-katzenklappen-ref-308","status":"publish","type":"product","link":"https:\/\/netpet.ch\/de\/produit\/cat-mate-elite-tunnelverlaengerung-fuer-katzenklappen-ref-308\/","title":{"rendered":"Cat Mate - Elite Tunnelverl\u00e4ngerung f\u00fcr Katzenklappen (Ref: 308)"},"content":{"rendered":"<p>Dieses Tunnelelement f\u00fcr Cat Mate Katzenklappen kann verwendet werden, um den Tunnel der folgenden Cat Mate Katzenklappen zu verl\u00e4ngern:<\/p>\n<p>\u2022 Mikrochip Katzenklappe mit Zeitschaltuhr-Funktion (Ref: 355)<br \/>\n\u2022 I.D.-Marke Katzenklappe mit Zeitschaltuhr-Funktion (Ref: 305)<br \/>\n\u2022 Mikrochip Katzenklappe (Ref: 360)*<br \/>\n\u2022 Katzenklappe mit Zeitschaltuhrsteuerung (Ref: 359)*<br \/>\n\u2022 4-Wege-Drehverriegelung Katzenklappe (Ref: 358)*.<\/p>\n<p>Diese 50mm langen Verl\u00e4ngerungen passen perfekt in den Tunnel der Katzenklappe; mehrere Verl\u00e4ngerungen k\u00f6nnen hinzugef\u00fcgt werden, um einen Tunnel mit der richtigen L\u00e4nge zu bilden; sie sind \u00fcberstreichbar.<\/p>\n<p>*erfordert ausserdem das Katzenklappen-Adapter-Kit f\u00fcr W\u00e4nde und Glasscheiben von Cat Mate (Ref: 361, Produktcode: cmuk-361)<\/p>\n<p>(\u00fcbersetzt mit www.deepL.com)<\/p>\n","protected":false},"excerpt":{"rendered":"<p>Dieses Tunnelelement f\u00fcr Cat Mate Katzenklappen kann verwendet werden, um den Tunnel der folgenden Cat Mate Katzenklappen zu verl\u00e4ngern: \u2022 Mikrochip Katzenklappe mit Zeitschaltuhr-Funktion (Ref: 355) \u2022 I.D.-Marke Katzenklappe mit Zeitschaltuhr-Funktion (Ref: 305) \u2022 Mikrochip Katzenklappe (Ref: 360)* \u2022 Katzenklappe mit Zeitschaltuhrsteuerung (Ref: 359)* \u2022 4-Wege-Drehverriegelung Katzenklappe (Ref: 358)*. Diese 50mm langen Verl\u00e4ngerungen passen perfekt [&hellip;]<\/p>\n","protected":false},"featured_media":45225,"template":"","meta":{"_acf_changed":false,"wds_primary_product_brand":0,"wds_primary_product_cat":0},"product_brand":[],"product_cat":[469],"product_tag":[],"class_list":{"0":"post-45251","1":"product","2":"type-product","3":"status-publish","4":"has-post-thumbnail","6":"product_cat-ersatzteile-zubehor","8":"first","9":"instock","10":"taxable","11":"shipping-taxable","12":"purchasable","13":"product-type-simple"},"acf":[],"_links":{"self":[{"href":"https:\/\/netpet.ch\/de\/wp-json\/wp\/v2\/product\/45251","targetHints":{"allow":["GET"]}}],"collection":[{"href":"https:\/\/netpet.ch\/de\/wp-json\/wp\/v2\/product"}],"about":[{"href":"https:\/\/netpet.ch\/de\/wp-json\/wp\/v2\/types\/product"}],"wp:featuredmedia":[{"embeddable":true,"href":"https:\/\/netpet.ch\/de\/wp-json\/wp\/v2\/media\/45225"}],"wp:attachment":[{"href":"https:\/\/netpet.ch\/de\/wp-json\/wp\/v2\/media?parent=45251"}],"wp:term":[{"taxonomy":"product_brand","embeddable":true,"href":"https:\/\/netpet.ch\/de\/wp-json\/wp\/v2\/product_brand?post=45251"},{"taxonomy":"product_cat","embeddable":true,"href":"https:\/\/netpet.ch\/de\/wp-json\/wp\/v2\/product_cat?post=45251"},{"taxonomy":"product_tag","embeddable":true,"href":"https:\/\/netpet.ch\/de\/wp-json\/wp\/v2\/product_tag?post=45251"}],"curies":[{"name":"wp","href":"https:\/\/api.w.org\/{rel}","templated":true}]}}