{"id":45253,"date":"2023-08-12T13:57:27","date_gmt":"2023-08-12T11:57:27","guid":{"rendered":"https:\/\/netpet.ch\/?post_type=product&#038;p=45253"},"modified":"2024-08-01T00:00:32","modified_gmt":"2024-07-31T22:00:32","slug":"petsafe-automatisches-rotierendes-laserlicht-frolicat-dart-duo-fuer-katzen-und-hunde","status":"publish","type":"product","link":"https:\/\/netpet.ch\/de\/produit\/petsafe-automatisches-rotierendes-laserlicht-frolicat-dart-duo-fuer-katzen-und-hunde\/","title":{"rendered":"PetSafe - Automatisches rotierendes Laserlicht FroliCat\u00ae DART DUO\u2122 f\u00fcr Katzen und Hunde"},"content":{"rendered":"<p>Mit diesem automatischen Doppellaser werden Ihre Katzen und Hunde nicht mehr aufh\u00f6ren zu spielen! Mit diesem Spielzeug haben Sie die perfekte L\u00f6sung, um sie nicht nur zum Auspowern zu bringen, sondern auch die Beziehung zwischen ihnen zu st\u00e4rken.<\/p>\n<p>Das Spielzeug besteht aus einer auf dem Boden stehenden Plattform, auf der sich <strong>eine um 360\u00b0 drehbare Struktur mit zwei zuf\u00e4llig bewegten Laserpointern<\/strong> befindet.<\/p>\n<p>DART DUO\u2122 erm\u00f6glicht 16 Spielmodi, dank seiner vier w\u00e4hlbaren Bewegungsgeschwindigkeiten (langsam, mittel, schnell, variabel) und seiner vier m\u00f6glichen Laufzeiten (5, 10, 15 oder 20 Minuten Wahnsinn).<\/p>\n<p>Das FroliCat\u00ae DART DUO\u2122, mit einem Durchmesser von ca. 18cm und einer H\u00f6he von ca. 21cm, wird mit 3 AA-Batterien (nicht enthalten) betrieben. <\/p>\n<p>2 Jahre Herstellergarantie.<\/p>\n<p>(\u00fcbersetzt mit www.deepL.com)<\/p>\n<p>&nbsp;<\/p>\n<p><iframe loading=\"lazy\" title=\"FroliCat. L&#039;amusement mobile.\" width=\"500\" height=\"281\" src=\"https:\/\/www.youtube.com\/embed\/MTXK9pBavyY?feature=oembed\" frameborder=\"0\" allow=\"accelerometer; autoplay; clipboard-write; encrypted-media; gyroscope; picture-in-picture; web-share\" referrerpolicy=\"strict-origin-when-cross-origin\" allowfullscreen><\/iframe><\/p>\n<p>&nbsp;<\/p>\n","protected":false},"excerpt":{"rendered":"<p>Mit diesem automatischen Doppellaser werden Ihre Katzen und Hunde nicht mehr aufh\u00f6ren zu spielen! Mit diesem Spielzeug haben Sie die perfekte L\u00f6sung, um sie nicht nur zum Auspowern zu bringen, sondern auch die Beziehung zwischen ihnen zu st\u00e4rken. Das Spielzeug besteht aus einer auf dem Boden stehenden Plattform, auf der sich eine um 360\u00b0 drehbare [&hellip;]<\/p>\n","protected":false},"featured_media":45234,"template":"","meta":{"_acf_changed":false,"wds_primary_product_brand":0,"wds_primary_product_cat":0},"product_brand":[],"product_cat":[504,523],"product_tag":[444],"class_list":{"0":"post-45253","1":"product","2":"type-product","3":"status-publish","4":"has-post-thumbnail","6":"product_cat-spielzeug","7":"product_cat-spielzeug-de","8":"product_tag-promo-de","10":"first","11":"instock","12":"taxable","13":"shipping-taxable","14":"purchasable","15":"product-type-simple"},"acf":[],"_links":{"self":[{"href":"https:\/\/netpet.ch\/de\/wp-json\/wp\/v2\/product\/45253","targetHints":{"allow":["GET"]}}],"collection":[{"href":"https:\/\/netpet.ch\/de\/wp-json\/wp\/v2\/product"}],"about":[{"href":"https:\/\/netpet.ch\/de\/wp-json\/wp\/v2\/types\/product"}],"wp:featuredmedia":[{"embeddable":true,"href":"https:\/\/netpet.ch\/de\/wp-json\/wp\/v2\/media\/45234"}],"wp:attachment":[{"href":"https:\/\/netpet.ch\/de\/wp-json\/wp\/v2\/media?parent=45253"}],"wp:term":[{"taxonomy":"product_brand","embeddable":true,"href":"https:\/\/netpet.ch\/de\/wp-json\/wp\/v2\/product_brand?post=45253"},{"taxonomy":"product_cat","embeddable":true,"href":"https:\/\/netpet.ch\/de\/wp-json\/wp\/v2\/product_cat?post=45253"},{"taxonomy":"product_tag","embeddable":true,"href":"https:\/\/netpet.ch\/de\/wp-json\/wp\/v2\/product_tag?post=45253"}],"curies":[{"name":"wp","href":"https:\/\/api.w.org\/{rel}","templated":true}]}}