{"id":45383,"date":"2023-08-20T09:47:29","date_gmt":"2023-08-20T07:47:29","guid":{"rendered":"https:\/\/netpet.ch\/?post_type=product&#038;p=45383"},"modified":"2023-08-20T18:16:54","modified_gmt":"2023-08-20T16:16:54","slug":"dog-mate-disc-o-dog-frisbee","status":"publish","type":"product","link":"https:\/\/netpet.ch\/de\/produit\/dog-mate-disc-o-dog-frisbee\/","title":{"rendered":"Dog Mate - Disc-O-Dog Frisbee"},"content":{"rendered":"<p>Die Wurfscheibe von Dog Mate sorgt f\u00fcr viel Spa\u00df beim Spielen mit Ihrem Hund!<\/p>\n<p>Sie hat eine sch\u00f6ne gelbe Farbe und ist aus hochfestem Polymer hergestellt. Der Durchmesser betr\u00e4gt 22.5cm.<\/p>\n<p>Die Scheibe l\u00e4sst sich von Ihrem Hund leicht aufheben und schwimmt auch auf dem Wasser.<\/p>\n<p>(\u00fcbersetzt mit www.deepL.com)<\/p>\n","protected":false},"excerpt":{"rendered":"<p>Die Wurfscheibe von Dog Mate sorgt f\u00fcr viel Spa\u00df beim Spielen mit Ihrem Hund! Sie hat eine sch\u00f6ne gelbe Farbe und ist aus hochfestem Polymer hergestellt. Der Durchmesser betr\u00e4gt 22.5cm. Die Scheibe l\u00e4sst sich von Ihrem Hund leicht aufheben und schwimmt auch auf dem Wasser. (\u00fcbersetzt mit www.deepL.com)<\/p>\n","protected":false},"featured_media":45382,"template":"","meta":{"_acf_changed":false,"wds_primary_product_brand":0,"wds_primary_product_cat":0},"product_brand":[],"product_cat":[523],"product_tag":[],"class_list":{"0":"post-45383","1":"product","2":"type-product","3":"status-publish","4":"has-post-thumbnail","6":"product_cat-spielzeug-de","8":"first","9":"instock","10":"taxable","11":"shipping-taxable","12":"purchasable","13":"product-type-simple"},"acf":[],"_links":{"self":[{"href":"https:\/\/netpet.ch\/de\/wp-json\/wp\/v2\/product\/45383","targetHints":{"allow":["GET"]}}],"collection":[{"href":"https:\/\/netpet.ch\/de\/wp-json\/wp\/v2\/product"}],"about":[{"href":"https:\/\/netpet.ch\/de\/wp-json\/wp\/v2\/types\/product"}],"wp:featuredmedia":[{"embeddable":true,"href":"https:\/\/netpet.ch\/de\/wp-json\/wp\/v2\/media\/45382"}],"wp:attachment":[{"href":"https:\/\/netpet.ch\/de\/wp-json\/wp\/v2\/media?parent=45383"}],"wp:term":[{"taxonomy":"product_brand","embeddable":true,"href":"https:\/\/netpet.ch\/de\/wp-json\/wp\/v2\/product_brand?post=45383"},{"taxonomy":"product_cat","embeddable":true,"href":"https:\/\/netpet.ch\/de\/wp-json\/wp\/v2\/product_cat?post=45383"},{"taxonomy":"product_tag","embeddable":true,"href":"https:\/\/netpet.ch\/de\/wp-json\/wp\/v2\/product_tag?post=45383"}],"curies":[{"name":"wp","href":"https:\/\/api.w.org\/{rel}","templated":true}]}}