{"id":45384,"date":"2023-08-19T10:08:49","date_gmt":"2023-08-19T08:08:49","guid":{"rendered":"https:\/\/netpet.ch\/?post_type=product&#038;p=45384"},"modified":"2023-12-31T16:33:02","modified_gmt":"2023-12-31T15:33:02","slug":"automatisches-traenkesystem-schwimmerschale-aus-kunststoff-0-4l","status":"publish","type":"product","link":"https:\/\/netpet.ch\/de\/produit\/automatisches-traenkesystem-schwimmerschale-aus-kunststoff-0-4l\/","title":{"rendered":"Automatisches Tr\u00e4nkesystem - Schwimmerschale aus Kunststoff, 0.4L"},"content":{"rendered":"<p>Die Tr\u00e4nke mit Schale aus robustem und dauerhaftem ABS-Kunststoff mit einem Fassungsverm\u00f6gen von 0.4L eignet sich f\u00fcr alle Gefl\u00fcgelarten und Haustiere.<\/p>\n<p>Sie l\u00e4sst sich mit einem 9mm PVC-Schlauch (Produktcode: olnl-s9z-1_bySPS und olnl-s9z-50) einfach an ein Tr\u00e4nkesystem anschlie\u00dfen und verf\u00fcgt \u00fcber eine praktische, schraubengesteuerte Einstellung des Schwimmers, der den Wasserstand in der Schale konstant h\u00e4lt.<\/p>\n<p>Abmessungen : ca. 16x14.5x6cm (TxBxH).<\/p>\n<p><em><strong>Achtung:<\/strong>\u00a0dieses Trinksystem ist nur mit einem\u00a0<strong>niedrigen Wasserdruck<\/strong> zu verwenden. M\u00f6chten Sie das Trinksystem doch an einen hohen Wasserdruck anschlie\u00dfen (zum Beispiel direkt an die Wasserleitung), dann muss\u00a0 ein Wasserbeh\u00e4lter mit Schwimmerventil verwendet werden (Produktcode: olnl-vb8z). <\/em><\/p>\n<p>(\u00fcbersetzt mit www.deepL.com)<\/p>\n","protected":false},"excerpt":{"rendered":"<p>Die Tr\u00e4nke mit Schale aus robustem und dauerhaftem ABS-Kunststoff mit einem Fassungsverm\u00f6gen von 0.4L eignet sich f\u00fcr alle Gefl\u00fcgelarten und Haustiere. Sie l\u00e4sst sich mit einem 9mm PVC-Schlauch (Produktcode: olnl-s9z-1_bySPS und olnl-s9z-50) einfach an ein Tr\u00e4nkesystem anschlie\u00dfen und verf\u00fcgt \u00fcber eine praktische, schraubengesteuerte Einstellung des Schwimmers, der den Wasserstand in der Schale konstant h\u00e4lt. Abmessungen [&hellip;]<\/p>\n","protected":false},"featured_media":45277,"template":"","meta":{"_acf_changed":false,"wds_primary_product_brand":0,"wds_primary_product_cat":0},"product_brand":[],"product_cat":[433],"product_tag":[],"class_list":{"0":"post-45384","1":"product","2":"type-product","3":"status-publish","4":"has-post-thumbnail","6":"product_cat-tranken","8":"first","9":"instock","10":"taxable","11":"shipping-taxable","12":"purchasable","13":"product-type-simple"},"acf":[],"_links":{"self":[{"href":"https:\/\/netpet.ch\/de\/wp-json\/wp\/v2\/product\/45384","targetHints":{"allow":["GET"]}}],"collection":[{"href":"https:\/\/netpet.ch\/de\/wp-json\/wp\/v2\/product"}],"about":[{"href":"https:\/\/netpet.ch\/de\/wp-json\/wp\/v2\/types\/product"}],"wp:featuredmedia":[{"embeddable":true,"href":"https:\/\/netpet.ch\/de\/wp-json\/wp\/v2\/media\/45277"}],"wp:attachment":[{"href":"https:\/\/netpet.ch\/de\/wp-json\/wp\/v2\/media?parent=45384"}],"wp:term":[{"taxonomy":"product_brand","embeddable":true,"href":"https:\/\/netpet.ch\/de\/wp-json\/wp\/v2\/product_brand?post=45384"},{"taxonomy":"product_cat","embeddable":true,"href":"https:\/\/netpet.ch\/de\/wp-json\/wp\/v2\/product_cat?post=45384"},{"taxonomy":"product_tag","embeddable":true,"href":"https:\/\/netpet.ch\/de\/wp-json\/wp\/v2\/product_tag?post=45384"}],"curies":[{"name":"wp","href":"https:\/\/api.w.org\/{rel}","templated":true}]}}