{"id":45386,"date":"2023-08-19T18:23:24","date_gmt":"2023-08-19T16:23:24","guid":{"rendered":"https:\/\/netpet.ch\/?post_type=product&#038;p=45386"},"modified":"2025-11-03T14:18:16","modified_gmt":"2025-11-03T13:18:16","slug":"petsafe-katzenklappe-mit-manueller-verriegelung","status":"publish","type":"product","link":"https:\/\/netpet.ch\/de\/produit\/petsafe-katzenklappe-mit-manueller-verriegelung\/","title":{"rendered":"PetSafe - Katzenklappe mit manueller Verriegelung"},"content":{"rendered":"<p>Die PetSafe\u00ae Katzenklappe mit Handverriegelung ist eine einfache und kosteng\u00fcnstige L\u00f6sung, um Ihrer Katze den Zugang zu Ihrem Haus und den Ausgang zu erm\u00f6glichen, w\u00e4hrend Sie gleichzeitig eine M\u00f6glichkeit haben, ihr Kommen und Gehen zu kontrollieren, wenn Sie dies w\u00fcnschen.<\/p>\n<p>Dank des einstellbaren Verriegelungssystems mit vier Positionen entscheiden Sie, wann und wie Ihr Haustier die T\u00fcr benutzen kann. Die Einstellung auf vollst\u00e4ndig geschlossen oder nur Ausgang verhindert, dass Tiere aus der Umgebung und streunende oder unerw\u00fcnschte Tiere in Ihr Haus eindringen k\u00f6nnen.<\/p>\n<p><strong>Hauptmerkmale der PetSafe\u00ae Katzenklappe mit Handverriegelung:<\/strong><br \/>\n\u2022 Konstruktion aus stossfestem, widerstandsf\u00e4higem und langlebigem Kunststoff<br \/>\n\u2022 manuelles Verriegelungssystem mit 4 Positionen: Ein- und Ausgang, nur Ausgang, nur Eingang, vollst\u00e4ndig geschlossen<br \/>\n\u2022 Schwingklappe wird von zwei Magneten in Position gehalten<br \/>\n\u2022 langlebiger Zugluftstopper sorgt f\u00fcr eine bessere Isolierung und Energieeffizienz<br \/>\n\u2022 einfacher Einbau mithilfe der mitgelieferten Schneideschablone und der Montageanleitung<br \/>\n\u2022 Installation m\u00f6glich auf Holz und Kunststoff, Einfach- und Doppelverglasung, Metall oder in einer Wand*<br \/>\n\u2022 Anpassungsf\u00e4higkeit an die Ausschnittformate der Staywell\u00ae Katzenklappen der Serie 300<br \/>\n\u2022 3 Jahre Herstellergarantie<\/p>\n<p><strong>Abmessungen:<\/strong><br \/>\n\u2022 Abmessungen des Au\u00dfenrahmens: 219x219mm (BxH)<br \/>\n\u2022 Abmessungen der Klappen\u00f6ffnung (Durchgang des Tieres): 146x135mm (BxH)<br \/>\n\u2022 Ausschnittsgr\u00f6sse: 168x175mm (BxH)<br \/>\n\u2022 Durchmesser des erforderlichen Glasausschnitts: 215mm<br \/>\n\u2022 Tiefe des im Lieferumfang enthaltenen optionalen Tunnels: 48mm<br \/>\n\u2022 maximales Gewicht des Tieres:\u00a08kg<\/p>\n<p>Ebenfalls in braun erh\u00e4ltlich (Produktcode: ps-ppa19-16731).<\/p>\n<p>(*Montageadapter f\u00fcr Glas, Metallt\u00fcren und Wandmontage, Produktcode: ps-pac54-16246; Tunnelverl\u00e4ngerung f\u00fcr Strukturen, die breiter als 48mm sind, Produktcode: ps-pac54-16248)<\/p>\n<p>(\u00fcbersetzt mit www.deepL.com)<\/p>\n","protected":false},"excerpt":{"rendered":"<p>Wei\u00dfes Modell<\/p>\n","protected":false},"featured_media":45329,"template":"","meta":{"_acf_changed":false,"wds_primary_product_brand":0,"wds_primary_product_cat":0},"product_brand":[],"product_cat":[473],"product_tag":[],"class_list":{"0":"post-45386","1":"product","2":"type-product","3":"status-publish","4":"has-post-thumbnail","6":"product_cat-katzenklappen-de-2","8":"first","9":"instock","10":"sale","11":"taxable","12":"shipping-taxable","13":"purchasable","14":"product-type-simple"},"acf":[],"_links":{"self":[{"href":"https:\/\/netpet.ch\/de\/wp-json\/wp\/v2\/product\/45386","targetHints":{"allow":["GET"]}}],"collection":[{"href":"https:\/\/netpet.ch\/de\/wp-json\/wp\/v2\/product"}],"about":[{"href":"https:\/\/netpet.ch\/de\/wp-json\/wp\/v2\/types\/product"}],"wp:featuredmedia":[{"embeddable":true,"href":"https:\/\/netpet.ch\/de\/wp-json\/wp\/v2\/media\/45329"}],"wp:attachment":[{"href":"https:\/\/netpet.ch\/de\/wp-json\/wp\/v2\/media?parent=45386"}],"wp:term":[{"taxonomy":"product_brand","embeddable":true,"href":"https:\/\/netpet.ch\/de\/wp-json\/wp\/v2\/product_brand?post=45386"},{"taxonomy":"product_cat","embeddable":true,"href":"https:\/\/netpet.ch\/de\/wp-json\/wp\/v2\/product_cat?post=45386"},{"taxonomy":"product_tag","embeddable":true,"href":"https:\/\/netpet.ch\/de\/wp-json\/wp\/v2\/product_tag?post=45386"}],"curies":[{"name":"wp","href":"https:\/\/api.w.org\/{rel}","templated":true}]}}