{"id":45624,"date":"2023-08-20T15:21:45","date_gmt":"2023-08-20T13:21:45","guid":{"rendered":"https:\/\/netpet.ch\/?post_type=product&#038;p=45624"},"modified":"2023-09-11T18:09:15","modified_gmt":"2023-09-11T16:09:15","slug":"cat-mate-verschliessbare-katzenklappe-ref-304","status":"publish","type":"product","link":"https:\/\/netpet.ch\/de\/produit\/cat-mate-verschliessbare-katzenklappe-ref-304\/","title":{"rendered":"Cat Mate - Verschliessbare Katzenklappe (Ref: 304)"},"content":{"rendered":"<p>Wenn sich Ihre Katze gerne im Freien aufh\u00e4lt, warum machen Sie es ihr dann nicht mit dieser veschliessbaren Katzenklappe von Cat Mate einfach, nach draussen zu kommen und wieder zur\u00fcckzukehren? Egal, ob Ihre Katze ihr Gesch\u00e4ft verrichten, die Nachbarskatze beobachten oder in der Sonne faulenzen m\u00f6chte, lassen Sie sie in Ruhe ihren t\u00e4glichen Aufgaben nachgehen.<\/p>\n<p>Und wenn Sie Ihren vierbeinigen Freund im Haus behalten m\u00fcssen, hilft Ihnen der praktische Verriegelungsmechanismus dieser Katzenklappe. Ausserdem verhindert er auch n\u00e4chtliche Besuche von potenziellen Lebensmitteldieben!<\/p>\n<p><strong>Hauptmerkmale der verschliessbaren Katzenklappe von Cat Mate:<\/strong><br \/>\n\u2022 einfach zu bedienende Verriegelung mit 2 Positionen (rein und raus oder gesperrt)<br \/>\n\u2022 ger\u00e4uscharmer Mechanismus beim \u00d6ffnen oder Schliessen<br \/>\n\u2022 ideal f\u00fcr d\u00fcnne Platten und Bildschirmt\u00fcre mit einer Dicke von 0 bis 13mm<br \/>\n\u2022 Herstellung aus sehr widerstandsf\u00e4higem Polymer<br \/>\n\u2022 Klappe mit Magnetverschluss ist dank der B\u00fcrstendichtung zug- und wetterfest<br \/>\n\u2022 Anti-Regen-Dichtung<br \/>\n\u2022 3 Jahre Herstellergarantie, vorbehaltlich einer Online-Registrierung beim Kauf.<\/p>\n<p><strong>Abmessungen:<\/strong><br \/>\n\u2022 Selbstverkleidung f\u00fcr Einbautiefen bis 13mm<br \/>\n\u2022 Abmessungen des Aussenrahmens: 192x200mm (BxH)<br \/>\n\u2022 Abmessungen der Klappen\u00f6ffnung: 145x145mm (BxH)<br \/>\n\u2022 Ausschnittsgr\u00f6sse: 165x174mm (BxH).<\/p>\n<p>Ebenfalls in braun erh\u00e4ltlich (Produktcode: cmuk-304b).<\/p>\n<p>(\u00fcbersetzt mit www.deepL.com)<\/p>\n","protected":false},"excerpt":{"rendered":"<p>Weisses Modell<\/p>\n","protected":false},"featured_media":45395,"template":"","meta":{"_acf_changed":false,"wds_primary_product_brand":0,"wds_primary_product_cat":0},"product_brand":[],"product_cat":[468],"product_tag":[],"class_list":{"0":"post-45624","1":"product","2":"type-product","3":"status-publish","4":"has-post-thumbnail","6":"product_cat-katzenklappen-de","8":"first","9":"instock","10":"taxable","11":"shipping-taxable","12":"purchasable","13":"product-type-simple"},"acf":[],"_links":{"self":[{"href":"https:\/\/netpet.ch\/de\/wp-json\/wp\/v2\/product\/45624","targetHints":{"allow":["GET"]}}],"collection":[{"href":"https:\/\/netpet.ch\/de\/wp-json\/wp\/v2\/product"}],"about":[{"href":"https:\/\/netpet.ch\/de\/wp-json\/wp\/v2\/types\/product"}],"wp:featuredmedia":[{"embeddable":true,"href":"https:\/\/netpet.ch\/de\/wp-json\/wp\/v2\/media\/45395"}],"wp:attachment":[{"href":"https:\/\/netpet.ch\/de\/wp-json\/wp\/v2\/media?parent=45624"}],"wp:term":[{"taxonomy":"product_brand","embeddable":true,"href":"https:\/\/netpet.ch\/de\/wp-json\/wp\/v2\/product_brand?post=45624"},{"taxonomy":"product_cat","embeddable":true,"href":"https:\/\/netpet.ch\/de\/wp-json\/wp\/v2\/product_cat?post=45624"},{"taxonomy":"product_tag","embeddable":true,"href":"https:\/\/netpet.ch\/de\/wp-json\/wp\/v2\/product_tag?post=45624"}],"curies":[{"name":"wp","href":"https:\/\/api.w.org\/{rel}","templated":true}]}}