{"id":45663,"date":"2023-09-05T21:05:13","date_gmt":"2023-09-05T19:05:13","guid":{"rendered":"https:\/\/netpet.ch\/?post_type=product&#038;p=45663"},"modified":"2024-10-20T22:02:09","modified_gmt":"2024-10-20T20:02:09","slug":"petsafe-extension-de-tunnel-de-chatiere","status":"publish","type":"product","link":"https:\/\/netpet.ch\/de\/produit\/petsafe-extension-de-tunnel-de-chatiere\/","title":{"rendered":"PetSafe - Tunnelverl\u00e4ngerung f\u00fcr Katzenklappen"},"content":{"rendered":"<p>Dieses Tunnelelement f\u00fcr PetSafe\u00ae Katzenklappen kann verwendet werden, um den Tunnel der folgenden PetSafe\u00ae Katzenklappen* zu verl\u00e4ngern, wenn sie in eine Wand oder T\u00fcr eingebaut werden:<\/p>\n<p>\u2022 Mikrochip Katzenklappe (Produktcode: ps-ppa19-16145)<br \/>\n\u2022 Katzenklappe mit manueller Verriegelung (Produktcodes: ps-ppa19-16731 und ps-ppa19-16732).<\/p>\n<p>Diese 50mm langen Verl\u00e4ngerungen sind einfach zu installieren und passen perfekt in den Tunnel der Katzenklappe; mehrere Verl\u00e4ngerungen k\u00f6nnen hinzugef\u00fcgt werden, um einen Tunnel mit der richtigen L\u00e4nge zu bilden.<\/p>\n<p>*Katzenklappen werden separat verkauft.<\/p>\n<p>(\u00fcbersetzt mit www.deepL.com)<\/p>\n","protected":false},"excerpt":{"rendered":"<p>Dieses Tunnelelement f\u00fcr PetSafe\u00ae Katzenklappen kann verwendet werden, um den Tunnel der folgenden PetSafe\u00ae Katzenklappen* zu verl\u00e4ngern, wenn sie in eine Wand oder T\u00fcr eingebaut werden: \u2022 Mikrochip Katzenklappe (Produktcode: ps-ppa19-16145) \u2022 Katzenklappe mit manueller Verriegelung (Produktcodes: ps-ppa19-16731 und ps-ppa19-16732). Diese 50mm langen Verl\u00e4ngerungen sind einfach zu installieren und passen perfekt in den Tunnel der [&hellip;]<\/p>\n","protected":false},"featured_media":45464,"template":"","meta":{"_acf_changed":false,"wds_primary_product_brand":0,"wds_primary_product_cat":0},"product_brand":[],"product_cat":[474],"product_tag":[],"class_list":{"0":"post-45663","1":"product","2":"type-product","3":"status-publish","4":"has-post-thumbnail","6":"product_cat-ersatzteile-zubehor-de","8":"first","9":"instock","10":"taxable","11":"shipping-taxable","12":"purchasable","13":"product-type-simple"},"acf":[],"_links":{"self":[{"href":"https:\/\/netpet.ch\/de\/wp-json\/wp\/v2\/product\/45663","targetHints":{"allow":["GET"]}}],"collection":[{"href":"https:\/\/netpet.ch\/de\/wp-json\/wp\/v2\/product"}],"about":[{"href":"https:\/\/netpet.ch\/de\/wp-json\/wp\/v2\/types\/product"}],"wp:featuredmedia":[{"embeddable":true,"href":"https:\/\/netpet.ch\/de\/wp-json\/wp\/v2\/media\/45464"}],"wp:attachment":[{"href":"https:\/\/netpet.ch\/de\/wp-json\/wp\/v2\/media?parent=45663"}],"wp:term":[{"taxonomy":"product_brand","embeddable":true,"href":"https:\/\/netpet.ch\/de\/wp-json\/wp\/v2\/product_brand?post=45663"},{"taxonomy":"product_cat","embeddable":true,"href":"https:\/\/netpet.ch\/de\/wp-json\/wp\/v2\/product_cat?post=45663"},{"taxonomy":"product_tag","embeddable":true,"href":"https:\/\/netpet.ch\/de\/wp-json\/wp\/v2\/product_tag?post=45663"}],"curies":[{"name":"wp","href":"https:\/\/api.w.org\/{rel}","templated":true}]}}