{"id":45669,"date":"2023-09-07T19:44:16","date_gmt":"2023-09-07T17:44:16","guid":{"rendered":"https:\/\/netpet.ch\/?post_type=product&#038;p=45669"},"modified":"2023-11-22T09:21:58","modified_gmt":"2023-11-22T08:21:58","slug":"cat-mate-elektroniche-i-d-marke-ref-310","status":"publish","type":"product","link":"https:\/\/netpet.ch\/de\/produit\/cat-mate-elektroniche-i-d-marke-ref-310\/","title":{"rendered":"Cat Mate - Elektroniche I.D.-Marke (Ref: 310)"},"content":{"rendered":"<p>Der elektronische Identifikationsanh\u00e4nger von Cat Mate eignet sich, wenn Ihr Haustier nicht gechippt ist; er verleiht ihm eine einzigartige Identit\u00e4t.<\/p>\n<p>Nach der Registrierung in Ihrer Cat Mate Mikrochip-Katzenklappe l\u00e4sst diese Ihr Haustier herein und verhindert gleichzeitig den Zugang f\u00fcr streunende Katzen und Eindringlinge.<\/p>\n<p>Das Medaillon hat einen Durchmesser von 3.5cm, ist sehr leicht und l\u00e4sst sich direkt am Halsband Ihres Tieres befestigen.<\/p>\n<p>Es ist mit folgenden Cat Mate Katzenklappen verwendbar:<\/p>\n<p>\u2022 Mikrochip-Katzenklappe (Ref: 360)<br \/>\n\u2022 Elite Mikrochip-Katzenklappe mit Zeitschaltuhr-Funktion (Ref: 355)<br \/>\n\u2022 I.D.-Marke Katzenklappe mit Zeitschaltuhr-Funktion (Ref: 305).<\/p>\n<p>(\u00fcbersetzt mit www.deepL.com)<\/p>\n","protected":false},"excerpt":{"rendered":"<p>Der elektronische Identifikationsanh\u00e4nger von Cat Mate eignet sich, wenn Ihr Haustier nicht gechippt ist; er verleiht ihm eine einzigartige Identit\u00e4t. Nach der Registrierung in Ihrer Cat Mate Mikrochip-Katzenklappe l\u00e4sst diese Ihr Haustier herein und verhindert gleichzeitig den Zugang f\u00fcr streunende Katzen und Eindringlinge. Das Medaillon hat einen Durchmesser von 3.5cm, ist sehr leicht und l\u00e4sst [&hellip;]<\/p>\n","protected":false},"featured_media":45523,"template":"","meta":{"_acf_changed":false,"wds_primary_product_brand":0,"wds_primary_product_cat":0},"product_brand":[],"product_cat":[469],"product_tag":[],"class_list":{"0":"post-45669","1":"product","2":"type-product","3":"status-publish","4":"has-post-thumbnail","6":"product_cat-ersatzteile-zubehor","8":"first","9":"instock","10":"taxable","11":"shipping-taxable","12":"purchasable","13":"product-type-simple"},"acf":[],"_links":{"self":[{"href":"https:\/\/netpet.ch\/de\/wp-json\/wp\/v2\/product\/45669","targetHints":{"allow":["GET"]}}],"collection":[{"href":"https:\/\/netpet.ch\/de\/wp-json\/wp\/v2\/product"}],"about":[{"href":"https:\/\/netpet.ch\/de\/wp-json\/wp\/v2\/types\/product"}],"wp:featuredmedia":[{"embeddable":true,"href":"https:\/\/netpet.ch\/de\/wp-json\/wp\/v2\/media\/45523"}],"wp:attachment":[{"href":"https:\/\/netpet.ch\/de\/wp-json\/wp\/v2\/media?parent=45669"}],"wp:term":[{"taxonomy":"product_brand","embeddable":true,"href":"https:\/\/netpet.ch\/de\/wp-json\/wp\/v2\/product_brand?post=45669"},{"taxonomy":"product_cat","embeddable":true,"href":"https:\/\/netpet.ch\/de\/wp-json\/wp\/v2\/product_cat?post=45669"},{"taxonomy":"product_tag","embeddable":true,"href":"https:\/\/netpet.ch\/de\/wp-json\/wp\/v2\/product_tag?post=45669"}],"curies":[{"name":"wp","href":"https:\/\/api.w.org\/{rel}","templated":true}]}}