{"id":45670,"date":"2023-09-07T22:08:58","date_gmt":"2023-09-07T20:08:58","guid":{"rendered":"https:\/\/netpet.ch\/?post_type=product&#038;p=45670"},"modified":"2025-04-25T00:58:05","modified_gmt":"2025-04-24T22:58:05","slug":"petsafe-staywell-haustiertuer-original-mit-2-verschlussoptionen","status":"publish","type":"product","link":"https:\/\/netpet.ch\/de\/produit\/petsafe-staywell-haustiertuer-original-mit-2-verschlussoptionen\/","title":{"rendered":"PetSafe - Staywell Haustiert\u00fcr \"Original\" mit 2 Verschlussoptionen"},"content":{"rendered":"<p>Die Staywell\u00ae Haustiert\u00fcr \"Original\" von PetSafe\u00ae erm\u00f6glicht es Ihren vierbeinigen Freunden, das Haus frei zu betreten und zu verlassen.<\/p>\n<p>Sie ist mittelgross und eignet sich f\u00fcr grosse Katzen und f\u00fcr Hunde mit einem Gewicht von bis zu 18kg.<\/p>\n<p>Die Innenseite der T\u00fcr ist mit einem Schiebepaneel ausgestattet, das zum Schliessen der T\u00fcr bei starkem Wind oder in kalten N\u00e4chten verwendet werden kann, um den W\u00e4rmeverlust zu verringern. Das Verschlusspaneel dient auch dazu, Ihre Hunde und Katzen daran zu hindern, nach draussen zu gehen, wenn Sie es w\u00fcnschen.<\/p>\n<p><strong>Hauptmerkmale der Staywell Haustiert\u00fcr \"Original\" mit 2 Verschlussoptionen:<\/strong><br \/>\n\u2022 2-Wege-Verriegelungssystem: Ein- und Ausgang oder gesperrter Durchgang mithilfe eines Verschlussplatte<br \/>\n\u2022 Verschlussplatte f\u00fcr die Verriegelung enthalten<br \/>\n\u2022 bestehend aus einem eleganten, robusten Kunststoffrahmen und einer transparenten, starren Klappe<br \/>\n\u2022 witterungsbest\u00e4ndig<br \/>\n\u2022 selbstschliessende Magnetklappe<br \/>\n\u2022 einfache Montage, m\u00f6glich auf Holz, Kunststoff und Metall oder in einer Wand<br \/>\n\u2022 optionale Tunnelverl\u00e4ngerung von 50mm enthalten<br \/>\n\u2022 3 Jahre Herstellergarantie.<\/p>\n<p><strong>Abmessungen:<\/strong><br \/>\n\u2022 Abmessungen des Aussenrahmens: 294x352mm (BxH)<br \/>\n\u2022 Ausschnittsgr\u00f6sse: 237x281mm (BxH)<br \/>\n\u2022 maximale Schulterbreite des Haustieres: 219mm<br \/>\n\u2022 maximales Gewicht des Tieres: 18kg.<\/p>\n<p>Ebenfalls in braun und grau (Produktcodes: ps-755sgifd und ps-757sgifd) sowie in grosser Gr\u00f6sse L (Produktcodes: ps-775sgifd und ps-777ml) erh\u00e4ltlich.<\/p>\n<p>(\u00fcbersetzt mit www.deepL.com)<\/p>\n","protected":false},"excerpt":{"rendered":"<p>Weisses Modell, mittelgross (M)<\/p>\n","protected":false},"featured_media":45530,"template":"","meta":{"_acf_changed":false,"wds_primary_product_brand":0,"wds_primary_product_cat":0},"product_brand":[],"product_cat":[473,526],"product_tag":[444],"class_list":{"0":"post-45670","1":"product","2":"type-product","3":"status-publish","4":"has-post-thumbnail","6":"product_cat-katzenklappen-de-2","7":"product_cat-tueren","8":"product_tag-promo-de","10":"first","11":"instock","12":"sale","13":"taxable","14":"shipping-taxable","15":"purchasable","16":"product-type-simple"},"acf":[],"_links":{"self":[{"href":"https:\/\/netpet.ch\/de\/wp-json\/wp\/v2\/product\/45670","targetHints":{"allow":["GET"]}}],"collection":[{"href":"https:\/\/netpet.ch\/de\/wp-json\/wp\/v2\/product"}],"about":[{"href":"https:\/\/netpet.ch\/de\/wp-json\/wp\/v2\/types\/product"}],"wp:featuredmedia":[{"embeddable":true,"href":"https:\/\/netpet.ch\/de\/wp-json\/wp\/v2\/media\/45530"}],"wp:attachment":[{"href":"https:\/\/netpet.ch\/de\/wp-json\/wp\/v2\/media?parent=45670"}],"wp:term":[{"taxonomy":"product_brand","embeddable":true,"href":"https:\/\/netpet.ch\/de\/wp-json\/wp\/v2\/product_brand?post=45670"},{"taxonomy":"product_cat","embeddable":true,"href":"https:\/\/netpet.ch\/de\/wp-json\/wp\/v2\/product_cat?post=45670"},{"taxonomy":"product_tag","embeddable":true,"href":"https:\/\/netpet.ch\/de\/wp-json\/wp\/v2\/product_tag?post=45670"}],"curies":[{"name":"wp","href":"https:\/\/api.w.org\/{rel}","templated":true}]}}