{"id":45682,"date":"2023-09-10T09:09:41","date_gmt":"2023-09-10T07:09:41","guid":{"rendered":"https:\/\/netpet.ch\/produit\/cat-mate-grande-chatiere-electromagnetique-ref-256\/"},"modified":"2023-09-12T18:39:55","modified_gmt":"2023-09-12T16:39:55","slug":"cat-mate-grande-chatiere-electromagnetique-ref-256","status":"publish","type":"product","link":"https:\/\/netpet.ch\/de\/produit\/cat-mate-grande-chatiere-electromagnetique-ref-256\/","title":{"rendered":"Cat Mate - Grosse elektromagnetische Katzenklappe (Ref: 256)"},"content":{"rendered":"<p>Mit der grossen elektromagnetischen Katzenklappe von Cat Mate k\u00f6nnen Sie Ihren Katzen und kleinen Hunden einen exklusiven Zugang zu Ihrem Haus erm\u00f6glichen.<\/p>\n<p>Alles, was sie tun m\u00fcssen, ist, einen niedlichen kleinen Cat Mate-Halsbandmagneten um ihren Hals zu tragen, und sie werden sicher das Beste aus beiden Welten haben \u2013 den Komfort im Haus und das Abenteuer im Freien!<\/p>\n<p>Diese clever gestaltete Haustierklappe kann es sich leisten, w\u00e4hlerisch zu sein, wer auf der pelzigen G\u00e4steliste steht, da sie einen empfindlichen und schnell reagierenden Schaltkreis verwendet, um genau zu verfolgen, wer ein- und ausgeht. Das gibt Ihnen und Ihren Haustieren die Gewissheit, dass Sie auf keine unbekannten Gesichter sto\u00dfen werden!<\/p>\n<p><strong>Hauptmerkmale der grossen elektromagnetischen Katzenklappe von Cat Mate:<\/strong><br \/>\n\u2022 Eingang betrieben von Cat Mate Halsbandmagneten (2 Katzenhalsbandmagneten im Lieferumfang enthalten; zus\u00e4tzliche Magneten sind separat erh\u00e4ltlich, Produktcode: cmuk-257)<br \/>\n\u2022 geeignet f\u00fcr Katzen und kleine Hunden mit einer Schulterh\u00f6he von bis zu 360mm; h\u00e4lt andere Tiere fern<br \/>\n\u2022 einfach zu bedienende 4-Positionen-Verriegelung: entriegelt, nur Eingang, nur Ausgang, verriegelt<br \/>\n\u2022 stille Aktion<br \/>\n\u2022 Klappe mit Magnetverschluss ist dank der B\u00fcrstendichtung zug- und wetterfest<br \/>\n\u2022 Batteriebetrieb (1 PP3\/9V-Batterie, nicht im Lieferumfang enthalten); Batterielebensdauer bis zu 12 Monaten<br \/>\n\u2022 Installation m\u00f6glich auf Kunststoff-\/Metallt\u00fcr, Wand, Holzt\u00fcr<br \/>\n\u2022 3 Jahre Herstellergarantie, vorbehaltlich einer Online-Registrierung beim Kauf.<\/p>\n<p><strong>Abmessungen:<\/strong><br \/>\n\u2022 Abmessungen des Au\u00dfenrahmens: 235x300mm (BxH)<br \/>\n\u2022 Abmessungen der Klappen\u00f6ffnung (Durchgang des Tieres): 178x185mm (BxH)<br \/>\n\u2022 Ausschnittsgr\u00f6sse: 203x266mm (BxH)<br \/>\n\u2022 Selbstauskleidend bis zu einer Dicke von 60mm.<\/p>\n<p>(\u00fcbersetzt mit www.deepL.com)<\/p>\n","protected":false},"excerpt":{"rendered":"<p>Mit der grossen elektromagnetischen Katzenklappe von Cat Mate k\u00f6nnen Sie Ihren Katzen und kleinen Hunden einen exklusiven Zugang zu Ihrem Haus erm\u00f6glichen. Alles, was sie tun m\u00fcssen, ist, einen niedlichen kleinen Cat Mate-Halsbandmagneten um ihren Hals zu tragen, und sie werden sicher das Beste aus beiden Welten haben \u2013 den Komfort im Haus und das [&hellip;]<\/p>\n","protected":false},"featured_media":45612,"template":"","meta":{"_acf_changed":false,"wds_primary_product_brand":0,"wds_primary_product_cat":0},"product_brand":[],"product_cat":[468,526],"product_tag":[],"class_list":{"0":"post-45682","1":"product","2":"type-product","3":"status-publish","4":"has-post-thumbnail","6":"product_cat-katzenklappen-de","7":"product_cat-tueren","9":"first","10":"instock","11":"sale","12":"taxable","13":"shipping-taxable","14":"purchasable","15":"product-type-simple"},"acf":[],"_links":{"self":[{"href":"https:\/\/netpet.ch\/de\/wp-json\/wp\/v2\/product\/45682","targetHints":{"allow":["GET"]}}],"collection":[{"href":"https:\/\/netpet.ch\/de\/wp-json\/wp\/v2\/product"}],"about":[{"href":"https:\/\/netpet.ch\/de\/wp-json\/wp\/v2\/types\/product"}],"wp:featuredmedia":[{"embeddable":true,"href":"https:\/\/netpet.ch\/de\/wp-json\/wp\/v2\/media\/45612"}],"wp:attachment":[{"href":"https:\/\/netpet.ch\/de\/wp-json\/wp\/v2\/media?parent=45682"}],"wp:term":[{"taxonomy":"product_brand","embeddable":true,"href":"https:\/\/netpet.ch\/de\/wp-json\/wp\/v2\/product_brand?post=45682"},{"taxonomy":"product_cat","embeddable":true,"href":"https:\/\/netpet.ch\/de\/wp-json\/wp\/v2\/product_cat?post=45682"},{"taxonomy":"product_tag","embeddable":true,"href":"https:\/\/netpet.ch\/de\/wp-json\/wp\/v2\/product_tag?post=45682"}],"curies":[{"name":"wp","href":"https:\/\/api.w.org\/{rel}","templated":true}]}}