{"id":45844,"date":"2023-09-17T09:43:19","date_gmt":"2023-09-17T07:43:19","guid":{"rendered":"https:\/\/netpet.ch\/?post_type=product&#038;p=45844"},"modified":"2023-10-07T20:13:30","modified_gmt":"2023-10-07T18:13:30","slug":"cat-mate-4-wege-drehverriegelung-katzenklappe-ref-358","status":"publish","type":"product","link":"https:\/\/netpet.ch\/de\/produit\/cat-mate-4-wege-drehverriegelung-katzenklappe-ref-358\/","title":{"rendered":"Cat Mate - 4-Wege-Drehverriegelung Katzenklappe (Ref: 358)"},"content":{"rendered":"<p>Wenn Sie nach einer schicken und dennoch robusten Katzenklappe f\u00fcr Ihre fabelhaften Katzen suchen, wird die drehbare 4-Wege-Katzenklappe alle Kriterien erf\u00fcllen. Sie ist extrem vielseitig und kann in jeder Einfach- oder Mehrfachverglasung, jeder PVC-\/Metall-\/Holzt\u00fcr oder sogar einer Wand installiert werden. So haben Ihre Katzen unabh\u00e4ngig von der Einrichtung Ihres Hauses immer die Freiheit, stolz zwischen drinnen und drau\u00dfen herumzustreifen, ganz wie es ihnen gef\u00e4llt.<\/p>\n<p>Sie werden schnell feststellen, wie einfach diese zug- und wetterfeste Katzenklappe zu bedienen ist. Mithilfe des manuellen Drehverschlusses k\u00f6nnen Sie entscheiden, ob Ihre liebenswerten Entdecker nur hinein oder nur hinaus d\u00fcrfen, ob sie beide Welten erkunden k\u00f6nnen oder \u00fcber Nacht sicher drinnen bleiben sollen. Die Wahl liegt bei Ihnen!<\/p>\n<p><strong>Hauptmerkmale der drehbare 4-Wege-Katzenklappe von Cat Mate:<\/strong><br \/>\n\u2022 geeignet f\u00fcr kleine bis mittelgrosse Katzen; h\u00e4lt andere Tiere fern<br \/>\n\u2022 einfach zu bedienende 4-Positionen-Drehverschluss: entriegelt, nur Eingang, nur Ausgang, verriegelt<br \/>\n\u2022 Herstellung aus sehr widerstandsf\u00e4higem Polymer<br \/>\n\u2022 stille Aktion<br \/>\n\u2022 Klappe mit Magnetverschluss ist dank der B\u00fcrstendichtung zug- und wetterfest<br \/>\n\u2022 Installation m\u00f6glich auf Einfach- und Mehrfachverglasung*, Kunststoff-\/Metallt\u00fcr, Wand*, Holzt\u00fcr<br \/>\n\u2022 3 Jahre Herstellergarantie, vorbehaltlich einer Online-Registrierung beim Kauf.<\/p>\n<p><strong>Abmessungen:<\/strong><br \/>\n\u2022 Abmessungen des Au\u00dfenrahmens: 197x246mm (BxH)<br \/>\n\u2022 Ausschnittsgr\u00f6sse: 173x198mm (BxH)<br \/>\n\u2022 Selbstauskleidend bis zu einer Dicke von 50mm.<\/p>\n<p>*das Adapter-Kit f\u00fcr W\u00e4nde und Glasscheiben von Cat Mate (Ref: 361, Produktcode: cmuk-361) ist separat erh\u00e4ltlich; f\u00fcr W\u00e4nde mit einer Dicke von mehr als 50mm sind die Elite Tunnelverl\u00e4ngerungen f\u00fcr Katzenklappen separat erh\u00e4ltlich (Ref: 308, Produktcode: cmuk-308).<\/p>\n<p>&nbsp;<\/p>\n<p><em><span style=\"color: #993300\"><strong>Hinweis: Die Artikel sind neu, unbenutzt und voll funktionsf\u00e4hig. Die Verpackungen einiger Artikel weisen Manipulationsspuren auf; diese Exemplare, die unter Variante <\/strong><\/span><\/em><span style=\"color: #993300\"><strong>\"Verpackung -&gt; Neu, Spuren von Manipulationen\" <\/strong><\/span><em><span style=\"color: #993300\"><strong> erh\u00e4ltlich sind, werden zu reduzierten Preisen angeboten, solange der Vorrat reicht, im Zustand ihrer Verpackung und ohne R\u00fcckgaberecht aufgrund dieser Spuren auf den Verpackungen.<\/strong><\/span><\/em><\/p>\n<p>(\u00fcbersetzt mit www.deepL.com)<\/p>\n","protected":false},"excerpt":{"rendered":"<p><em><span style=\"color: #993300\"><strong>Neuartikel, der in seiner unbesch\u00e4digten Originalverpackung oder, bei niedrigeren Preisen, in seiner Originalverpackung mit Spuren von Manipulationen erh\u00e4ltlich ist.<\/strong><\/span><\/em><\/p>\n","protected":false},"featured_media":45728,"template":"","meta":{"_acf_changed":false,"wds_primary_product_brand":0,"wds_primary_product_cat":0},"product_brand":[],"product_cat":[468],"product_tag":[],"class_list":{"0":"post-45844","1":"product","2":"type-product","3":"status-publish","4":"has-post-thumbnail","6":"product_cat-katzenklappen-de","8":"first","9":"instock","10":"taxable","11":"shipping-taxable","12":"purchasable","13":"product-type-variable","14":"has-default-attributes"},"acf":[],"_links":{"self":[{"href":"https:\/\/netpet.ch\/de\/wp-json\/wp\/v2\/product\/45844","targetHints":{"allow":["GET"]}}],"collection":[{"href":"https:\/\/netpet.ch\/de\/wp-json\/wp\/v2\/product"}],"about":[{"href":"https:\/\/netpet.ch\/de\/wp-json\/wp\/v2\/types\/product"}],"wp:featuredmedia":[{"embeddable":true,"href":"https:\/\/netpet.ch\/de\/wp-json\/wp\/v2\/media\/45728"}],"wp:attachment":[{"href":"https:\/\/netpet.ch\/de\/wp-json\/wp\/v2\/media?parent=45844"}],"wp:term":[{"taxonomy":"product_brand","embeddable":true,"href":"https:\/\/netpet.ch\/de\/wp-json\/wp\/v2\/product_brand?post=45844"},{"taxonomy":"product_cat","embeddable":true,"href":"https:\/\/netpet.ch\/de\/wp-json\/wp\/v2\/product_cat?post=45844"},{"taxonomy":"product_tag","embeddable":true,"href":"https:\/\/netpet.ch\/de\/wp-json\/wp\/v2\/product_tag?post=45844"}],"curies":[{"name":"wp","href":"https:\/\/api.w.org\/{rel}","templated":true}]}}