{"id":45860,"date":"2023-10-07T20:54:38","date_gmt":"2023-10-07T18:54:38","guid":{"rendered":"https:\/\/netpet.ch\/?post_type=product&#038;p=45860"},"modified":"2026-01-04T12:02:53","modified_gmt":"2026-01-04T11:02:53","slug":"petsafe-staywell-haustiertuer-mit-4-verschlussoptionen","status":"publish","type":"product","link":"https:\/\/netpet.ch\/de\/produit\/petsafe-staywell-haustiertuer-mit-4-verschlussoptionen\/","title":{"rendered":"PetSafe - Staywell Haustiert\u00fcr mit 4 Verschlussoptionen"},"content":{"rendered":"<p>Mit der Staywell\u00ae Haustiert\u00fcr f\u00fcr <strong>grosse Katzen<\/strong> und <strong>kleine Hunde<\/strong> von PetSafe\u00ae k\u00f6nnen Sie Ihrem Haustier mehr Freiheit lassen oder den Zugang zu bestimmten R\u00e4umen kontrollieren.<\/p>\n<p>Diese T\u00fcr mit ihrem schlanken Profil passt zu Glasfenstern und -t\u00fcren, Fenstert\u00fcren und Schiebet\u00fcren sowie zu Oberfl\u00e4chen aus Holz, PVC und Metall.<\/p>\n<p><strong>Hauptmerkmale der Staywell Haustiert\u00fcr mit 4 Verschlussoptionen:<\/strong><br \/>\n\u2022 geeignet f\u00fcr grosse Katzen und kleine Hunde bis zu 10kg<br \/>\n\u2022 manuelles Verriegelungssystem mit 4 Positionen: Ein- und Ausgang, nur Ausgang, nur Eingang, vollst\u00e4ndig geschlossen<br \/>\n\u2022 bestehend aus einem eleganten, widerstandsf\u00e4higen Rahmen aus transparentem Kunststoff in Frostoptik und einer starren Klappe in matter Ausf\u00fchrung<br \/>\n\u2022 Klappe mit Zugluftabdichtung<br \/>\n\u2022 Einbau m\u00f6glich in Fenster und T\u00fcren mit Einfach- und Doppelverglasung* sowie in Holz-, Kunststoff- und Metalltr\u00e4ger<br \/>\n\u2022 optionale Tunnelverl\u00e4ngerung bis zu 5cm enthalten<br \/>\n\u2022 3 Jahre Herstellergarantie, vorbehaltlich einer Online-Registrierung beim Kauf.<\/p>\n<p><strong>Abmessungen:<\/strong><br \/>\n\u2022 Abmessungen des Aussenrahmens: 292x292mm (BxH)<br \/>\n\u2022 Durchmesser des Ausschnitts in Glas: 263mm<br \/>\n\u2022 Ausschnittsgr\u00f6sse in Holz, PVC und Metall: 228x235mm (BxH)<br \/>\n\u2022 maximale Schulterbreite des Haustieres: 180mm<br \/>\n\u2022 maximales Gewicht des Tieres: 10kg<\/p>\n<p>*es ist nicht m\u00f6glich, geh\u00e4rtetes Glas oder Doppel- oder Dreifachverglasung zuzuschneiden, au\u00dfer bei der Herstellung; ein Glaser wird Sie beraten.<\/p>\n<p>(\u00fcbersetzt mit www.deepL.com)<\/p>\n","protected":false},"excerpt":{"rendered":"<p>Transparentes Modell in gefrosteter Optik<\/p>\n","protected":false},"featured_media":45855,"template":"","meta":{"_acf_changed":false,"wds_primary_product_brand":0,"wds_primary_product_cat":0},"product_brand":[],"product_cat":[473,526],"product_tag":[444],"class_list":{"0":"post-45860","1":"product","2":"type-product","3":"status-publish","4":"has-post-thumbnail","6":"product_cat-katzenklappen-de-2","7":"product_cat-tueren","8":"product_tag-promo-de","10":"first","11":"instock","12":"sale","13":"taxable","14":"shipping-taxable","15":"purchasable","16":"product-type-simple"},"acf":[],"_links":{"self":[{"href":"https:\/\/netpet.ch\/de\/wp-json\/wp\/v2\/product\/45860","targetHints":{"allow":["GET"]}}],"collection":[{"href":"https:\/\/netpet.ch\/de\/wp-json\/wp\/v2\/product"}],"about":[{"href":"https:\/\/netpet.ch\/de\/wp-json\/wp\/v2\/types\/product"}],"wp:featuredmedia":[{"embeddable":true,"href":"https:\/\/netpet.ch\/de\/wp-json\/wp\/v2\/media\/45855"}],"wp:attachment":[{"href":"https:\/\/netpet.ch\/de\/wp-json\/wp\/v2\/media?parent=45860"}],"wp:term":[{"taxonomy":"product_brand","embeddable":true,"href":"https:\/\/netpet.ch\/de\/wp-json\/wp\/v2\/product_brand?post=45860"},{"taxonomy":"product_cat","embeddable":true,"href":"https:\/\/netpet.ch\/de\/wp-json\/wp\/v2\/product_cat?post=45860"},{"taxonomy":"product_tag","embeddable":true,"href":"https:\/\/netpet.ch\/de\/wp-json\/wp\/v2\/product_tag?post=45860"}],"curies":[{"name":"wp","href":"https:\/\/api.w.org\/{rel}","templated":true}]}}