{"id":45987,"date":"2023-10-21T11:36:13","date_gmt":"2023-10-21T09:36:13","guid":{"rendered":"https:\/\/netpet.ch\/?post_type=product&#038;p=45987"},"modified":"2023-11-26T11:23:57","modified_gmt":"2023-11-26T10:23:57","slug":"petsafe-staywell-4-wege-katzenklappe-klassisch","status":"publish","type":"product","link":"https:\/\/netpet.ch\/de\/produit\/petsafe-staywell-4-wege-katzenklappe-klassisch\/","title":{"rendered":"PetSafe - Staywell 4-Wege-Katzenklappe \"Klassisch\""},"content":{"rendered":"<p>Die manuelle 4-Wege-Verriegelung dieser Staywell\u00ae Katzenklappe \"Klassisch\" von PetSafe\u00ae sorgt f\u00fcr maximale Flexibilit\u00e4t. Sie entscheiden, ob Sie die T\u00fcr auf offen, geschlossen, nur Eingang oder nur Ausgang einstellen m\u00f6chten.<\/p>\n<p><strong>Hauptmerkmale der Staywell 4-Wege-Katzenklappe \"Klassisch\":<\/strong><br \/>\n\u2022 robuste Kunststoffstruktur mit UV-Inhibitoren, um Sonnensch\u00e4den zu reduzieren<br \/>\n\u2022 manuelles Verriegelungssystem mit 4 Positionen: Ein- und Ausgang, nur Ausgang, nur Eingang, vollst\u00e4ndig geschlossen<br \/>\n\u2022 starre, transparente Kunststoffklappe mit magnetischer Dichtung<br \/>\n\u2022 Einbau m\u00f6glich in Fenster und T\u00fcren mit Einfach- und Doppelverglasung*, auf Holz, Kunststoff und Metall oder in eine Wand; ; geeignet f\u00fcr Strukturen bis zu einer Dicke von 1cm (Tunnelverl\u00e4ngerungen von 1.8cm f\u00fcr breitere Strukturen, Produktcode : ps-940ml)<br \/>\n\u2022 3 Jahre Herstellergarantie, vorbehaltlich einer Online-Registrierung beim Kauf.<\/p>\n<p><strong>Abmessungen:<\/strong><br \/>\n\u2022 Abmessungen des Au\u00dfenrahmens: 224x224mm (BxH)<br \/>\n\u2022 Durchmesser des Ausschnitts in Glas: 210mm<br \/>\n\u2022 Ausschnittsgr\u00f6sse in Holz, PVC und Metall: 169x169mm (BxH)<br \/>\n\u2022 maximale Schulterbreite des Haustieres: 162mm<br \/>\n\u2022 maximales Gewicht des Haustieres: 7kg<\/p>\n<p>*es ist nicht m\u00f6glich, geh\u00e4rtetes Glas oder Doppel- oder Dreifachverglasung zuzuschneiden, au\u00dfer bei der Herstellung; ein Glaser wird Sie beraten.<\/p>\n<p>Auch erh\u00e4ltlich mit fixem Tunnel (Produktcode: ps-917sgifd).<\/p>\n<p>(\u00fcbersetzt mit www.deepL.com)<\/p>\n","protected":false},"excerpt":{"rendered":"<p>Modell ohne Tunnel<\/p>\n","protected":false},"featured_media":45959,"template":"","meta":{"_acf_changed":false,"wds_primary_product_brand":0,"wds_primary_product_cat":0},"product_brand":[],"product_cat":[473],"product_tag":[],"class_list":{"0":"post-45987","1":"product","2":"type-product","3":"status-publish","4":"has-post-thumbnail","6":"product_cat-katzenklappen-de-2","8":"first","9":"instock","10":"taxable","11":"shipping-taxable","12":"purchasable","13":"product-type-simple"},"acf":[],"_links":{"self":[{"href":"https:\/\/netpet.ch\/de\/wp-json\/wp\/v2\/product\/45987","targetHints":{"allow":["GET"]}}],"collection":[{"href":"https:\/\/netpet.ch\/de\/wp-json\/wp\/v2\/product"}],"about":[{"href":"https:\/\/netpet.ch\/de\/wp-json\/wp\/v2\/types\/product"}],"wp:featuredmedia":[{"embeddable":true,"href":"https:\/\/netpet.ch\/de\/wp-json\/wp\/v2\/media\/45959"}],"wp:attachment":[{"href":"https:\/\/netpet.ch\/de\/wp-json\/wp\/v2\/media?parent=45987"}],"wp:term":[{"taxonomy":"product_brand","embeddable":true,"href":"https:\/\/netpet.ch\/de\/wp-json\/wp\/v2\/product_brand?post=45987"},{"taxonomy":"product_cat","embeddable":true,"href":"https:\/\/netpet.ch\/de\/wp-json\/wp\/v2\/product_cat?post=45987"},{"taxonomy":"product_tag","embeddable":true,"href":"https:\/\/netpet.ch\/de\/wp-json\/wp\/v2\/product_tag?post=45987"}],"curies":[{"name":"wp","href":"https:\/\/api.w.org\/{rel}","templated":true}]}}