{"id":45993,"date":"2023-10-15T17:33:19","date_gmt":"2023-10-15T15:33:19","guid":{"rendered":"https:\/\/netpet.ch\/?post_type=product&#038;p=45993"},"modified":"2023-10-21T11:42:18","modified_gmt":"2023-10-21T09:42:18","slug":"petsafe-staywell-magnetische-4-wege-katzenklappe-klassisch","status":"publish","type":"product","link":"https:\/\/netpet.ch\/de\/produit\/petsafe-staywell-magnetische-4-wege-katzenklappe-klassisch\/","title":{"rendered":"PetSafe - Staywell magnetische 4-Wege-Katzenklappe \"Klassisch\""},"content":{"rendered":"<p>Nur Haustiere, die einen geeigneten Magnetschl\u00fcssel an ihrem Halsband tragen, k\u00f6nnen die Staywell\u00ae Katzenklappe \"Klassisch\" mit Magnetverschluss von PetSafe\u00ae benutzen. Streuner und andere unerw\u00fcnschte Kleintiere werden hingegen daran gehindert, Ihr Haus zu betreten.<\/p>\n<p>Zus\u00e4tzlich sorgt die manuelle 4-Wege-Verriegelung f\u00fcr maximale Flexibilit\u00e4t: Sie entscheiden, ob Sie die T\u00fcr auf offen, geschlossen, nur Eingang oder nur Ausgang einstellen m\u00f6chten.<\/p>\n<p><strong>Hauptmerkmale der Staywell magnetische 4-Wege-Katzenklappe \"Klassisch\":<\/strong><br \/>\n\u2022 Magnetschl\u00fcsselsystem mit 4-Positionen-Verriegelung: nur Eingang, nur Ausgang, offen und geschlossen<br \/>\n\u2022 die Katzenklappe wird mit einem Magnetschl\u00fcssel ge\u00f6ffnet, den die Katzen am Halsband tragen<br \/>\n\u2022 1 magnetischer Halsbandschl\u00fcssel im Lieferumfang enthalten; zus\u00e4tzliche Magnetschl\u00fcssel sind separat erh\u00e4ltlich, Ref: 980ml, Produktcode: ps-980ml<br \/>\n\u2022 robuste Kunststoffstruktur<br \/>\n\u2022 starre, transparente Kunststoffklappe<br \/>\n\u2022 Einbau m\u00f6glich in Fenster und T\u00fcren mit Einfach- und Doppelverglasung*, auf Holz, Kunststoff und Metall** oder in eine Wand, bis zu einer Dicke von 5cm<br \/>\n\u2022 integrierter Tunnel von 6cm (dieser fixe Tunnel ist ein integrierter Teil des Mechanismus und darf nicht geschnitten oder besch\u00e4digt werden)<br \/>\n\u2022 3 Jahre Herstellergarantie, vorbehaltlich einer Online-Registrierung beim Kauf.<\/p>\n<p><strong>Abmessungen:<\/strong><br \/>\n\u2022 Abmessungen des Au\u00dfenrahmens: 224x224mm (BxH)<br \/>\n\u2022 Durchmesser des Ausschnitts in Glas: 210mm<br \/>\n\u2022 Ausschnittsgr\u00f6sse in Holz, PVC und Metall: 169x169mm (BxH)<br \/>\n\u2022 maximale Schulterbreite des Haustieres: 162mm<br \/>\n\u2022 maximales Gewicht des Haustieres: 7kg<\/p>\n<p>*es ist nicht m\u00f6glich, geh\u00e4rtetes Glas oder Doppel- oder Dreifachverglasung zuzuschneiden, au\u00dfer bei der Herstellung; beim Einbau eines magnetischen Modells in Doppelglasscheiben muss ein Abstandhalter aus Plastik verwendet werden. Ein Glaser wird Sie beraten.<br \/>\n**magnetische Katzenklappen funktionieren nicht, wenn sie direkt in eine Metall enthaltende Oberfl\u00e4che installiert werden; die Einheit muss durch einen Holzrahmen (nicht im Lieferumfang enthalten) von solchen Materialien isoliert werden.<\/p>\n<p>(\u00fcbersetzt mit www.deepL.com)<\/p>\n","protected":false},"excerpt":{"rendered":"<p>Nur Haustiere, die einen geeigneten Magnetschl\u00fcssel an ihrem Halsband tragen, k\u00f6nnen die Staywell\u00ae Katzenklappe \"Klassisch\" mit Magnetverschluss von PetSafe\u00ae benutzen. Streuner und andere unerw\u00fcnschte Kleintiere werden hingegen daran gehindert, Ihr Haus zu betreten. Zus\u00e4tzlich sorgt die manuelle 4-Wege-Verriegelung f\u00fcr maximale Flexibilit\u00e4t: Sie entscheiden, ob Sie die T\u00fcr auf offen, geschlossen, nur Eingang oder nur Ausgang [&hellip;]<\/p>\n","protected":false},"featured_media":45979,"template":"","meta":{"_acf_changed":false,"wds_primary_product_brand":0,"wds_primary_product_cat":0},"product_brand":[],"product_cat":[473],"product_tag":[],"class_list":{"0":"post-45993","1":"product","2":"type-product","3":"status-publish","4":"has-post-thumbnail","6":"product_cat-katzenklappen-de-2","8":"first","9":"instock","10":"taxable","11":"shipping-taxable","12":"purchasable","13":"product-type-simple"},"acf":[],"_links":{"self":[{"href":"https:\/\/netpet.ch\/de\/wp-json\/wp\/v2\/product\/45993","targetHints":{"allow":["GET"]}}],"collection":[{"href":"https:\/\/netpet.ch\/de\/wp-json\/wp\/v2\/product"}],"about":[{"href":"https:\/\/netpet.ch\/de\/wp-json\/wp\/v2\/types\/product"}],"wp:featuredmedia":[{"embeddable":true,"href":"https:\/\/netpet.ch\/de\/wp-json\/wp\/v2\/media\/45979"}],"wp:attachment":[{"href":"https:\/\/netpet.ch\/de\/wp-json\/wp\/v2\/media?parent=45993"}],"wp:term":[{"taxonomy":"product_brand","embeddable":true,"href":"https:\/\/netpet.ch\/de\/wp-json\/wp\/v2\/product_brand?post=45993"},{"taxonomy":"product_cat","embeddable":true,"href":"https:\/\/netpet.ch\/de\/wp-json\/wp\/v2\/product_cat?post=45993"},{"taxonomy":"product_tag","embeddable":true,"href":"https:\/\/netpet.ch\/de\/wp-json\/wp\/v2\/product_tag?post=45993"}],"curies":[{"name":"wp","href":"https:\/\/api.w.org\/{rel}","templated":true}]}}