{"id":46007,"date":"2023-10-21T11:39:48","date_gmt":"2023-10-21T09:39:48","guid":{"rendered":"https:\/\/netpet.ch\/?post_type=product&#038;p=46007"},"modified":"2023-10-21T11:44:33","modified_gmt":"2023-10-21T09:44:33","slug":"petsafe-magnetische-halsbandschluessel-2er-pack","status":"publish","type":"product","link":"https:\/\/netpet.ch\/de\/produit\/petsafe-magnetische-halsbandschluessel-2er-pack\/","title":{"rendered":"PetSafe - Magnetische Halsbandschl\u00fcssel (2er-Pack)"},"content":{"rendered":"<p>Set mit 2 magnetischen Schl\u00fcsseln von PetSafe f\u00fcr Katzenhalsb\u00e4nder.<\/p>\n<p>Mit den magnetischen Halsbandschl\u00fcsseln k\u00f6nnen Ihre Haustiere die folgenden magnetischen Katzenklappen von PetSafe\u00ae \u00f6ffnen:<\/p>\n<p>\u2022 Staywell\u00ae Deluxe Katzenklappe mit magnetischer 4-Wege-Verriegelung (Serie 400).<br \/>\n\u2022 Staywell\u00ae magnetische 4-Wege-Katzenklappe \"Klassisch\" (Serie 900, Produktcode: ps-932ef).<\/p>\n<p>Sie k\u00f6nnen an allen Halsb\u00e4ndern befestigt werden und dienen als Ersatzschl\u00fcssel oder als Zusatzschl\u00fcssel f\u00fcr andere Haustiere.<\/p>\n<p>(\u00fcbersetzt mit www.deepL.com)<\/p>\n","protected":false},"excerpt":{"rendered":"<p>Set mit 2 magnetischen Schl\u00fcsseln von PetSafe f\u00fcr Katzenhalsb\u00e4nder. Mit den magnetischen Halsbandschl\u00fcsseln k\u00f6nnen Ihre Haustiere die folgenden magnetischen Katzenklappen von PetSafe\u00ae \u00f6ffnen: \u2022 Staywell\u00ae Deluxe Katzenklappe mit magnetischer 4-Wege-Verriegelung (Serie 400). \u2022 Staywell\u00ae magnetische 4-Wege-Katzenklappe \"Klassisch\" (Serie 900, Produktcode: ps-932ef). Sie k\u00f6nnen an allen Halsb\u00e4ndern befestigt werden und dienen als Ersatzschl\u00fcssel oder als Zusatzschl\u00fcssel [&hellip;]<\/p>\n","protected":false},"featured_media":45997,"template":"","meta":{"_acf_changed":false,"wds_primary_product_brand":0,"wds_primary_product_cat":0},"product_brand":[],"product_cat":[474],"product_tag":[],"class_list":{"0":"post-46007","1":"product","2":"type-product","3":"status-publish","4":"has-post-thumbnail","6":"product_cat-ersatzteile-zubehor-de","8":"first","9":"instock","10":"taxable","11":"shipping-taxable","12":"purchasable","13":"product-type-simple"},"acf":[],"_links":{"self":[{"href":"https:\/\/netpet.ch\/de\/wp-json\/wp\/v2\/product\/46007","targetHints":{"allow":["GET"]}}],"collection":[{"href":"https:\/\/netpet.ch\/de\/wp-json\/wp\/v2\/product"}],"about":[{"href":"https:\/\/netpet.ch\/de\/wp-json\/wp\/v2\/types\/product"}],"wp:featuredmedia":[{"embeddable":true,"href":"https:\/\/netpet.ch\/de\/wp-json\/wp\/v2\/media\/45997"}],"wp:attachment":[{"href":"https:\/\/netpet.ch\/de\/wp-json\/wp\/v2\/media?parent=46007"}],"wp:term":[{"taxonomy":"product_brand","embeddable":true,"href":"https:\/\/netpet.ch\/de\/wp-json\/wp\/v2\/product_brand?post=46007"},{"taxonomy":"product_cat","embeddable":true,"href":"https:\/\/netpet.ch\/de\/wp-json\/wp\/v2\/product_cat?post=46007"},{"taxonomy":"product_tag","embeddable":true,"href":"https:\/\/netpet.ch\/de\/wp-json\/wp\/v2\/product_tag?post=46007"}],"curies":[{"name":"wp","href":"https:\/\/api.w.org\/{rel}","templated":true}]}}