{"id":46099,"date":"2023-11-07T23:02:14","date_gmt":"2023-11-07T22:02:14","guid":{"rendered":"https:\/\/netpet.ch\/?post_type=product&#038;p=46099"},"modified":"2025-05-17T08:47:52","modified_gmt":"2025-05-17T06:47:52","slug":"eierhorde-fuer-72-wachteleier","status":"publish","type":"product","link":"https:\/\/netpet.ch\/de\/produit\/eierhorde-fuer-72-wachteleier\/","title":{"rendered":"Eierhorde f\u00fcr 72 Wachteleier"},"content":{"rendered":"<p>Diese Eierplatte aus blaufarbenem Kunststoff bietet Platz f\u00fcr bis zu 72 Wachteleier.<\/p>\n<p>Die Wabenstruktur sch\u00fctzt die Wachteleier wirksam und l\u00e4sst die Luft um sie herum zirkulieren, sodass sie besser aufbewahrt werden k\u00f6nnen, insbesondere vor dem Inkubieren.<\/p>\n<p>Die Wachteleierhorden lassen sich stapeln. Sie sind abwaschbar und k\u00f6nnen desinfiziert werden. <\/p>\n<p>Masse : 30x30cm.<\/p>\n<p>Hinweise :<br \/>\n\u2022 Die Aufbewahrung der Eier vor dem Inkubieren muss vertikal mit der Eispitze nach unten erfolgen.<br \/>\n\u2022 Die Eierhorden werden ohne Eier verkauft; die auf den Bildern sichtbaren Eier dienen nur der Illustration.<\/p>\n<p>(\u00fcbersetzt mit www.deepL.com)<\/p>\n","protected":false},"excerpt":{"rendered":"<p>Diese Eierplatte aus blaufarbenem Kunststoff bietet Platz f\u00fcr bis zu 72 Wachteleier. Die Wabenstruktur sch\u00fctzt die Wachteleier wirksam und l\u00e4sst die Luft um sie herum zirkulieren, sodass sie besser aufbewahrt werden k\u00f6nnen, insbesondere vor dem Inkubieren. Die Wachteleierhorden lassen sich stapeln. Sie sind abwaschbar und k\u00f6nnen desinfiziert werden. Masse : 30x30cm. Hinweise : \u2022 Die [&hellip;]<\/p>\n","protected":false},"featured_media":46089,"template":"","meta":{"_acf_changed":false,"wds_primary_product_brand":0,"wds_primary_product_cat":0},"product_brand":[],"product_cat":[436],"product_tag":[],"class_list":{"0":"post-46099","1":"product","2":"type-product","3":"status-publish","4":"has-post-thumbnail","6":"product_cat-eierschachteln-und-horden","8":"first","9":"instock","10":"taxable","11":"shipping-taxable","12":"purchasable","13":"product-type-simple"},"acf":[],"_links":{"self":[{"href":"https:\/\/netpet.ch\/de\/wp-json\/wp\/v2\/product\/46099","targetHints":{"allow":["GET"]}}],"collection":[{"href":"https:\/\/netpet.ch\/de\/wp-json\/wp\/v2\/product"}],"about":[{"href":"https:\/\/netpet.ch\/de\/wp-json\/wp\/v2\/types\/product"}],"wp:featuredmedia":[{"embeddable":true,"href":"https:\/\/netpet.ch\/de\/wp-json\/wp\/v2\/media\/46089"}],"wp:attachment":[{"href":"https:\/\/netpet.ch\/de\/wp-json\/wp\/v2\/media?parent=46099"}],"wp:term":[{"taxonomy":"product_brand","embeddable":true,"href":"https:\/\/netpet.ch\/de\/wp-json\/wp\/v2\/product_brand?post=46099"},{"taxonomy":"product_cat","embeddable":true,"href":"https:\/\/netpet.ch\/de\/wp-json\/wp\/v2\/product_cat?post=46099"},{"taxonomy":"product_tag","embeddable":true,"href":"https:\/\/netpet.ch\/de\/wp-json\/wp\/v2\/product_tag?post=46099"}],"curies":[{"name":"wp","href":"https:\/\/api.w.org\/{rel}","templated":true}]}}