{"id":46180,"date":"2023-10-21T13:46:19","date_gmt":"2023-10-21T11:46:19","guid":{"rendered":"https:\/\/netpet.ch\/?post_type=product&#038;p=46180"},"modified":"2023-11-11T18:51:13","modified_gmt":"2023-11-11T17:51:13","slug":"brinsea-pumpenanschluss-lang-fuer-ovation-ex","status":"publish","type":"product","link":"https:\/\/netpet.ch\/de\/produit\/brinsea-pumpenanschluss-lang-fuer-ovation-ex\/","title":{"rendered":"Brinsea - Pumpenanschluss (lang) f\u00fcr Ovation EX"},"content":{"rendered":"<p>Langer Ersatz-Pumpenanschluss f\u00fcr das Feuchtigkeitsregulierungsmodul bei den Brinsea-Brutger\u00e4ten Ovation 28 EX und Ovation 56 EX.<\/p>\n<p><em>Originales Brinsea-Ersatzteil.<\/em><\/p>\n<p>(\u00fcbersetzt mit www.deepL.com)<\/p>\n","protected":false},"excerpt":{"rendered":"<p>Langer Ersatz-Pumpenanschluss f\u00fcr das Feuchtigkeitsregulierungsmodul bei den Brinsea-Brutger\u00e4ten Ovation 28 EX und Ovation 56 EX. Originales Brinsea-Ersatzteil. (\u00fcbersetzt mit www.deepL.com)<\/p>\n","protected":false},"featured_media":46019,"template":"","meta":{"_acf_changed":false,"wds_primary_product_brand":0,"wds_primary_product_cat":0},"product_brand":[],"product_cat":[821],"product_tag":[],"class_list":{"0":"post-46180","1":"product","2":"type-product","3":"status-publish","4":"has-post-thumbnail","6":"product_cat-zubehoer-fuer-brinsea-inkubatoren","8":"first","9":"instock","10":"taxable","11":"shipping-taxable","12":"purchasable","13":"product-type-simple"},"acf":[],"_links":{"self":[{"href":"https:\/\/netpet.ch\/de\/wp-json\/wp\/v2\/product\/46180","targetHints":{"allow":["GET"]}}],"collection":[{"href":"https:\/\/netpet.ch\/de\/wp-json\/wp\/v2\/product"}],"about":[{"href":"https:\/\/netpet.ch\/de\/wp-json\/wp\/v2\/types\/product"}],"wp:featuredmedia":[{"embeddable":true,"href":"https:\/\/netpet.ch\/de\/wp-json\/wp\/v2\/media\/46019"}],"wp:attachment":[{"href":"https:\/\/netpet.ch\/de\/wp-json\/wp\/v2\/media?parent=46180"}],"wp:term":[{"taxonomy":"product_brand","embeddable":true,"href":"https:\/\/netpet.ch\/de\/wp-json\/wp\/v2\/product_brand?post=46180"},{"taxonomy":"product_cat","embeddable":true,"href":"https:\/\/netpet.ch\/de\/wp-json\/wp\/v2\/product_cat?post=46180"},{"taxonomy":"product_tag","embeddable":true,"href":"https:\/\/netpet.ch\/de\/wp-json\/wp\/v2\/product_tag?post=46180"}],"curies":[{"name":"wp","href":"https:\/\/api.w.org\/{rel}","templated":true}]}}