{"id":46181,"date":"2023-10-22T00:01:44","date_gmt":"2023-10-21T22:01:44","guid":{"rendered":"https:\/\/netpet.ch\/?post_type=product&#038;p=46181"},"modified":"2026-03-16T19:24:54","modified_gmt":"2026-03-16T18:24:54","slug":"brinsea-wassertankabdeckung-fuer-mini-mini-ii-und-maxi","status":"publish","type":"product","link":"https:\/\/netpet.ch\/de\/produit\/brinsea-wassertankabdeckung-fuer-mini-mini-ii-und-maxi\/","title":{"rendered":"Brinsea - Wassertankabdeckung f\u00fcr Mini, Mini II und Maxi"},"content":{"rendered":"<p>Diese Wassertankabdeckung f\u00fcr die Brutger\u00e4te Mini, Mini II und Maxi von Brinsea ist durch den antimikrobiellen Biomaster\u2122-Zusatz* gesch\u00fctzt.<\/p>\n<p><em>Originales Brinsea-Ersatzteil.<\/em><\/p>\n<p>*nachweislich reduziert der antimikrobielle Biomaster\u2122-Zusatz das Bakterienwachstum um bis zu 99.99% und ist 100% sicher f\u00fcr Eier, K\u00fcken und Menschen; er sch\u00fctzt die Schl\u00fcpfer vor mikrobieller \u00dcbertragung durch Kreuzkontamination und tr\u00e4gt so dazu bei, unerkl\u00e4rliche Schlupfversager zu reduzieren.<\/p>\n<p>(\u00fcbersetzt mit www.deepL.com)<\/p>\n","protected":false},"excerpt":{"rendered":"<p>Diese Wassertankabdeckung f\u00fcr die Brutger\u00e4te Mini, Mini II und Maxi von Brinsea ist durch den antimikrobiellen Biomaster\u2122-Zusatz* gesch\u00fctzt. Originales Brinsea-Ersatzteil. *nachweislich reduziert der antimikrobielle Biomaster\u2122-Zusatz das Bakterienwachstum um bis zu 99.99% und ist 100% sicher f\u00fcr Eier, K\u00fcken und Menschen; er sch\u00fctzt die Schl\u00fcpfer vor mikrobieller \u00dcbertragung durch Kreuzkontamination und tr\u00e4gt so dazu bei, unerkl\u00e4rliche [&hellip;]<\/p>\n","protected":false},"featured_media":46663,"template":"","meta":{"_acf_changed":false,"wds_primary_product_brand":0,"wds_primary_product_cat":0},"product_brand":[],"product_cat":[821],"product_tag":[],"class_list":{"0":"post-46181","1":"product","2":"type-product","3":"status-publish","4":"has-post-thumbnail","6":"product_cat-zubehoer-fuer-brinsea-inkubatoren","8":"first","9":"instock","10":"taxable","11":"shipping-taxable","12":"purchasable","13":"product-type-simple"},"acf":[],"_links":{"self":[{"href":"https:\/\/netpet.ch\/de\/wp-json\/wp\/v2\/product\/46181","targetHints":{"allow":["GET"]}}],"collection":[{"href":"https:\/\/netpet.ch\/de\/wp-json\/wp\/v2\/product"}],"about":[{"href":"https:\/\/netpet.ch\/de\/wp-json\/wp\/v2\/types\/product"}],"wp:featuredmedia":[{"embeddable":true,"href":"https:\/\/netpet.ch\/de\/wp-json\/wp\/v2\/media\/46663"}],"wp:attachment":[{"href":"https:\/\/netpet.ch\/de\/wp-json\/wp\/v2\/media?parent=46181"}],"wp:term":[{"taxonomy":"product_brand","embeddable":true,"href":"https:\/\/netpet.ch\/de\/wp-json\/wp\/v2\/product_brand?post=46181"},{"taxonomy":"product_cat","embeddable":true,"href":"https:\/\/netpet.ch\/de\/wp-json\/wp\/v2\/product_cat?post=46181"},{"taxonomy":"product_tag","embeddable":true,"href":"https:\/\/netpet.ch\/de\/wp-json\/wp\/v2\/product_tag?post=46181"}],"curies":[{"name":"wp","href":"https:\/\/api.w.org\/{rel}","templated":true}]}}