{"id":46182,"date":"2023-10-22T09:31:33","date_gmt":"2023-10-22T07:31:33","guid":{"rendered":"https:\/\/netpet.ch\/?post_type=product&#038;p=46182"},"modified":"2023-11-11T18:54:03","modified_gmt":"2023-11-11T17:54:03","slug":"brinsea-pumpschlauch-mit-anschluessen-fuer-mini-ii","status":"publish","type":"product","link":"https:\/\/netpet.ch\/de\/produit\/brinsea-pumpschlauch-mit-anschluessen-fuer-mini-ii\/","title":{"rendered":"Brinsea - Pumpschlauch mit Anschl\u00fcssen f\u00fcr Mini II"},"content":{"rendered":"<p>Ersatz-Wasserpumpschlauch mit Anschl\u00fcssen, geeignet f\u00fcr Brinsea-Brutger\u00e4te Mini II Eco, Mini II Advance und Mini II EX.<\/p>\n<p><em>Originales Brinsea-Ersatzteil.<\/em><\/p>\n<p>(\u00fcbersetzt mit www.deepL.com)<\/p>\n","protected":false},"excerpt":{"rendered":"<p>Ersatz-Wasserpumpschlauch mit Anschl\u00fcssen, geeignet f\u00fcr Brinsea-Brutger\u00e4te Mini II Eco, Mini II Advance und Mini II EX. Originales Brinsea-Ersatzteil. (\u00fcbersetzt mit www.deepL.com)<\/p>\n","protected":false},"featured_media":46029,"template":"","meta":{"_acf_changed":false,"wds_primary_product_brand":0,"wds_primary_product_cat":0},"product_brand":[],"product_cat":[821],"product_tag":[],"class_list":{"0":"post-46182","1":"product","2":"type-product","3":"status-publish","4":"has-post-thumbnail","6":"product_cat-zubehoer-fuer-brinsea-inkubatoren","8":"first","9":"instock","10":"taxable","11":"shipping-taxable","12":"purchasable","13":"product-type-simple"},"acf":[],"_links":{"self":[{"href":"https:\/\/netpet.ch\/de\/wp-json\/wp\/v2\/product\/46182","targetHints":{"allow":["GET"]}}],"collection":[{"href":"https:\/\/netpet.ch\/de\/wp-json\/wp\/v2\/product"}],"about":[{"href":"https:\/\/netpet.ch\/de\/wp-json\/wp\/v2\/types\/product"}],"wp:featuredmedia":[{"embeddable":true,"href":"https:\/\/netpet.ch\/de\/wp-json\/wp\/v2\/media\/46029"}],"wp:attachment":[{"href":"https:\/\/netpet.ch\/de\/wp-json\/wp\/v2\/media?parent=46182"}],"wp:term":[{"taxonomy":"product_brand","embeddable":true,"href":"https:\/\/netpet.ch\/de\/wp-json\/wp\/v2\/product_brand?post=46182"},{"taxonomy":"product_cat","embeddable":true,"href":"https:\/\/netpet.ch\/de\/wp-json\/wp\/v2\/product_cat?post=46182"},{"taxonomy":"product_tag","embeddable":true,"href":"https:\/\/netpet.ch\/de\/wp-json\/wp\/v2\/product_tag?post=46182"}],"curies":[{"name":"wp","href":"https:\/\/api.w.org\/{rel}","templated":true}]}}