{"id":46186,"date":"2023-11-08T00:05:08","date_gmt":"2023-11-07T23:05:08","guid":{"rendered":"https:\/\/netpet.ch\/?post_type=product&#038;p=46186"},"modified":"2025-10-02T19:43:49","modified_gmt":"2025-10-02T17:43:49","slug":"brinsea-enteneier-quadranten-fuer-brutgeraet-maxi-4er-pack","status":"publish","type":"product","link":"https:\/\/netpet.ch\/de\/produit\/brinsea-enteneier-quadranten-fuer-brutgeraet-maxi-4er-pack\/","title":{"rendered":"Brinsea - Enteneier-Quadranten f\u00fcr Brutger\u00e4t Maxi (4er-Pack)"},"content":{"rendered":"<p>Die Quadranten f\u00fcr Enteneier oder grosse H\u00fchnereier sind f\u00fcr die Inkubation von 12 Eiern in den Brinsea-Brutger\u00e4ten Maxi II Advance, Maxi II EX, Maxi 24 Advance und Maxi 24 EX konzipiert. Sie sorgen f\u00fcr eine behutsame und ideale Wendung der Eier w\u00e4hrend der Brutphase.<\/p>\n<p>Die Quadranten lassen sich einfach zusammenstecken und erm\u00f6glichen so das Inkubieren von Eiern der gleichen Gr\u00f6sse oder das Inkubieren von Eiern unterschiedlicher Gr\u00f6sse, wenn man Quadranten verwendet, die f\u00fcr verschiedene Rassen spezifisch sind.<\/p>\n<p>Folgende weitere Wendeeins\u00e4tze gibt es:<br \/>\n\u2022 Quadranten f\u00fcr kleine Eier, geeignet f\u00fcr 40 Wachteleier, Produktcode: bs-ac10<br \/>\n\u2022 Quadranten f\u00fcr mittelgrosse Eier, geeignet f\u00fcr 24 H\u00fchnereier, Produktcode: bs-ac06<br \/>\n\u2022 Quadranten f\u00fcr sehr grosse Eier, geeignet f\u00fcr 8 G\u00e4nseeier, Produktcode: bs-ac02.<\/p>\n<p>Die Quadranten sind durch den antimikrobiellen Biomaster\u2122-Zusatz* gesch\u00fctzt.<\/p>\n<p>*nachweislich reduziert der antimikrobielle Biomaster\u2122-Zusatz das Bakterienwachstum um bis zu 99.99% und ist 100% sicher f\u00fcr Eier, K\u00fcken und Menschen; er sch\u00fctzt den Inkubator vor mikrobiellem Wachstum, indem er das Risiko einer Kreuzkontamination verringert und eine hygienischere Umgebung f\u00fcr die Eier schafft.<\/p>\n<p>(\u00fcbersetzt mit www.deepL.com)<\/p>\n","protected":false},"excerpt":{"rendered":"<p><em>Originales Brinsea-Zubeh\u00f6r<\/em><\/p>\n","protected":false},"featured_media":46117,"template":"","meta":{"_acf_changed":false,"wds_primary_product_brand":0,"wds_primary_product_cat":0},"product_brand":[],"product_cat":[821],"product_tag":[],"class_list":{"0":"post-46186","1":"product","2":"type-product","3":"status-publish","4":"has-post-thumbnail","6":"product_cat-zubehoer-fuer-brinsea-inkubatoren","8":"first","9":"instock","10":"taxable","11":"shipping-taxable","12":"purchasable","13":"product-type-simple"},"acf":[],"_links":{"self":[{"href":"https:\/\/netpet.ch\/de\/wp-json\/wp\/v2\/product\/46186","targetHints":{"allow":["GET"]}}],"collection":[{"href":"https:\/\/netpet.ch\/de\/wp-json\/wp\/v2\/product"}],"about":[{"href":"https:\/\/netpet.ch\/de\/wp-json\/wp\/v2\/types\/product"}],"wp:featuredmedia":[{"embeddable":true,"href":"https:\/\/netpet.ch\/de\/wp-json\/wp\/v2\/media\/46117"}],"wp:attachment":[{"href":"https:\/\/netpet.ch\/de\/wp-json\/wp\/v2\/media?parent=46186"}],"wp:term":[{"taxonomy":"product_brand","embeddable":true,"href":"https:\/\/netpet.ch\/de\/wp-json\/wp\/v2\/product_brand?post=46186"},{"taxonomy":"product_cat","embeddable":true,"href":"https:\/\/netpet.ch\/de\/wp-json\/wp\/v2\/product_cat?post=46186"},{"taxonomy":"product_tag","embeddable":true,"href":"https:\/\/netpet.ch\/de\/wp-json\/wp\/v2\/product_tag?post=46186"}],"curies":[{"name":"wp","href":"https:\/\/api.w.org\/{rel}","templated":true}]}}