{"id":46188,"date":"2023-11-08T10:23:29","date_gmt":"2023-11-08T09:23:29","guid":{"rendered":"https:\/\/netpet.ch\/?post_type=product&#038;p=46188"},"modified":"2025-01-15T19:21:55","modified_gmt":"2025-01-15T18:21:55","slug":"brinsea-wachteleier-quadranten-fuer-brutgeraet-maxi-4er-pack","status":"publish","type":"product","link":"https:\/\/netpet.ch\/de\/produit\/brinsea-wachteleier-quadranten-fuer-brutgeraet-maxi-4er-pack\/","title":{"rendered":"Brinsea - Wachteleier-Quadranten f\u00fcr Brutger\u00e4t Maxi (4er-Pack)"},"content":{"rendered":"<p>Die Quadranten f\u00fcr Wachteleier sind f\u00fcr die Inkubation von 40 Eiern in den Brinsea-Brutger\u00e4ten Maxi II Advance, Maxi II EX, Maxi 24 Advance und Maxi 24 EX konzipiert. Sie sorgen f\u00fcr eine behutsame und ideale Wendung der Eier w\u00e4hrend der Brutphase.<\/p>\n<p>Die Quadranten lassen sich einfach zusammenstecken und erm\u00f6glichen so das Inkubieren von Eiern der gleichen Gr\u00f6sse oder das Inkubieren von Eiern unterschiedlicher Gr\u00f6sse, wenn man Quadranten verwendet, die f\u00fcr verschiedene Rassen spezifisch sind.<\/p>\n<p>Folgende weitere Wendeeins\u00e4tze gibt es:<br \/>\n\u2022 Quadranten f\u00fcr mittelgrosse Eier, geeignet f\u00fcr 24 H\u00fchnereier, Produktcode: bs-ac06<br \/>\n\u2022 Quadranten f\u00fcr grosse Eier, geeignet f\u00fcr 12 Enteneier, Produktcode: bs-ac03<br \/>\n\u2022 Quadranten f\u00fcr sehr grosse Eier, geeignet f\u00fcr 8 G\u00e4nseeier, Produktcode: bs-ac02.<\/p>\n<p>Die Quadranten sind durch den antimikrobiellen Biomaster\u2122-Zusatz* gesch\u00fctzt.<\/p>\n<p>*nachweislich reduziert der antimikrobielle Biomaster\u2122-Zusatz das Bakterienwachstum um bis zu 99.99% und ist 100% sicher f\u00fcr Eier, K\u00fcken und Menschen; er sch\u00fctzt den Inkubator vor mikrobiellem Wachstum, indem er das Risiko einer Kreuzkontamination verringert und eine hygienischere Umgebung f\u00fcr die Eier schafft.<br \/>\n<img loading=\"lazy\" decoding=\"async\" class=\"alignnone size-medium wp-image-48246\" src=\"https:\/\/netpet.ch\/wp-content\/uploads\/2023\/03\/bs-biomaster-2024-300x300.jpg\" alt=\"\" width=\"300\" height=\"300\" srcset=\"https:\/\/netpet.ch\/wp-content\/uploads\/2023\/03\/bs-biomaster-2024-300x300.jpg 300w, https:\/\/netpet.ch\/wp-content\/uploads\/2023\/03\/bs-biomaster-2024-1024x1024.jpg 1024w, https:\/\/netpet.ch\/wp-content\/uploads\/2023\/03\/bs-biomaster-2024-150x150.jpg 150w, https:\/\/netpet.ch\/wp-content\/uploads\/2023\/03\/bs-biomaster-2024-768x768.jpg 768w, https:\/\/netpet.ch\/wp-content\/uploads\/2023\/03\/bs-biomaster-2024-1536x1536.jpg 1536w, https:\/\/netpet.ch\/wp-content\/uploads\/2023\/03\/bs-biomaster-2024-2048x2048.jpg 2048w, https:\/\/netpet.ch\/wp-content\/uploads\/2023\/03\/bs-biomaster-2024-600x600.jpg 600w, https:\/\/netpet.ch\/wp-content\/uploads\/2023\/03\/bs-biomaster-2024-100x100.jpg 100w, https:\/\/netpet.ch\/wp-content\/uploads\/2023\/03\/bs-biomaster-2024.jpg 2362w\" sizes=\"auto, (max-width: 300px) 100vw, 300px\" \/><br \/>\n(\u00fcbersetzt mit www.deepL.com)<\/p>\n","protected":false},"excerpt":{"rendered":"<p><em>Originales Brinsea-Zubeh\u00f6r<\/em><\/p>\n<p>&nbsp;<\/p>\n<p><img loading=\"lazy\" decoding=\"async\" class=\"size-medium wp-image-48250 alignleft\" src=\"https:\/\/netpet.ch\/wp-content\/uploads\/2023\/03\/Image16-300x183.png\" alt=\"\" width=\"300\" height=\"183\" srcset=\"https:\/\/netpet.ch\/wp-content\/uploads\/2023\/03\/Image16-300x183.png 300w, https:\/\/netpet.ch\/wp-content\/uploads\/2023\/03\/Image16-1024x625.png 1024w, https:\/\/netpet.ch\/wp-content\/uploads\/2023\/03\/Image16-768x469.png 768w, https:\/\/netpet.ch\/wp-content\/uploads\/2023\/03\/Image16-1536x937.png 1536w, https:\/\/netpet.ch\/wp-content\/uploads\/2023\/03\/Image16-600x366.png 600w, https:\/\/netpet.ch\/wp-content\/uploads\/2023\/03\/Image16.png 1822w\" sizes=\"auto, (max-width: 300px) 100vw, 300px\" \/><\/p>\n","protected":false},"featured_media":46115,"template":"","meta":{"_acf_changed":false,"wds_primary_product_brand":0,"wds_primary_product_cat":0},"product_brand":[],"product_cat":[821],"product_tag":[],"class_list":{"0":"post-46188","1":"product","2":"type-product","3":"status-publish","4":"has-post-thumbnail","6":"product_cat-zubehoer-fuer-brinsea-inkubatoren","8":"first","9":"instock","10":"taxable","11":"shipping-taxable","12":"purchasable","13":"product-type-simple"},"acf":[],"_links":{"self":[{"href":"https:\/\/netpet.ch\/de\/wp-json\/wp\/v2\/product\/46188","targetHints":{"allow":["GET"]}}],"collection":[{"href":"https:\/\/netpet.ch\/de\/wp-json\/wp\/v2\/product"}],"about":[{"href":"https:\/\/netpet.ch\/de\/wp-json\/wp\/v2\/types\/product"}],"wp:featuredmedia":[{"embeddable":true,"href":"https:\/\/netpet.ch\/de\/wp-json\/wp\/v2\/media\/46115"}],"wp:attachment":[{"href":"https:\/\/netpet.ch\/de\/wp-json\/wp\/v2\/media?parent=46188"}],"wp:term":[{"taxonomy":"product_brand","embeddable":true,"href":"https:\/\/netpet.ch\/de\/wp-json\/wp\/v2\/product_brand?post=46188"},{"taxonomy":"product_cat","embeddable":true,"href":"https:\/\/netpet.ch\/de\/wp-json\/wp\/v2\/product_cat?post=46188"},{"taxonomy":"product_tag","embeddable":true,"href":"https:\/\/netpet.ch\/de\/wp-json\/wp\/v2\/product_tag?post=46188"}],"curies":[{"name":"wp","href":"https:\/\/api.w.org\/{rel}","templated":true}]}}