{"id":46218,"date":"2023-11-12T10:57:08","date_gmt":"2023-11-12T09:57:08","guid":{"rendered":"https:\/\/netpet.ch\/?post_type=product&#038;p=46218"},"modified":"2023-11-12T10:55:34","modified_gmt":"2023-11-12T09:55:34","slug":"brinsea-verbindungsschiene-fuer-eierhorde-fuer-ovation-28","status":"publish","type":"product","link":"https:\/\/netpet.ch\/de\/produit\/brinsea-verbindungsschiene-fuer-eierhorde-fuer-ovation-28\/","title":{"rendered":"Brinsea - Verbindungsschiene f\u00fcr Eierhorde f\u00fcr Ovation 28"},"content":{"rendered":"<p>Diese Verbindungsschiene f\u00fcr Eierhorde passt zu den Brutger\u00e4ten Ovation 28 von Brinsea; sie ist durch den antimikrobiellen Biomaster\u2122-Zusatz* gesch\u00fctzt.<\/p>\n<p><em>Originales Brinsea-Ersatzteil.<\/em><\/p>\n<p>*nachweislich reduziert der antimikrobielle Biomaster\u2122-Zusatz das Bakterienwachstum um bis zu 99.99% und ist 100% sicher f\u00fcr Eier, K\u00fcken und Menschen; er sch\u00fctzt die Schl\u00fcpfer vor mikrobieller \u00dcbertragung durch Kreuzkontamination und tr\u00e4gt so dazu bei, unerkl\u00e4rliche Schlupfversager zu reduzieren.<\/p>\n<p>(\u00fcbersetzt mit www.deepL.com)<\/p>\n","protected":false},"excerpt":{"rendered":"<p>Diese Verbindungsschiene f\u00fcr Eierhorde passt zu den Brutger\u00e4ten Ovation 28 von Brinsea; sie ist durch den antimikrobiellen Biomaster\u2122-Zusatz* gesch\u00fctzt. Originales Brinsea-Ersatzteil. *nachweislich reduziert der antimikrobielle Biomaster\u2122-Zusatz das Bakterienwachstum um bis zu 99.99% und ist 100% sicher f\u00fcr Eier, K\u00fcken und Menschen; er sch\u00fctzt die Schl\u00fcpfer vor mikrobieller \u00dcbertragung durch Kreuzkontamination und tr\u00e4gt so dazu bei, [&hellip;]<\/p>\n","protected":false},"featured_media":46197,"template":"","meta":{"_acf_changed":false,"wds_primary_product_brand":0,"wds_primary_product_cat":0},"product_brand":[],"product_cat":[821],"product_tag":[],"class_list":{"0":"post-46218","1":"product","2":"type-product","3":"status-publish","4":"has-post-thumbnail","6":"product_cat-zubehoer-fuer-brinsea-inkubatoren","8":"first","9":"instock","10":"taxable","11":"shipping-taxable","12":"purchasable","13":"product-type-simple"},"acf":[],"_links":{"self":[{"href":"https:\/\/netpet.ch\/de\/wp-json\/wp\/v2\/product\/46218","targetHints":{"allow":["GET"]}}],"collection":[{"href":"https:\/\/netpet.ch\/de\/wp-json\/wp\/v2\/product"}],"about":[{"href":"https:\/\/netpet.ch\/de\/wp-json\/wp\/v2\/types\/product"}],"wp:featuredmedia":[{"embeddable":true,"href":"https:\/\/netpet.ch\/de\/wp-json\/wp\/v2\/media\/46197"}],"wp:attachment":[{"href":"https:\/\/netpet.ch\/de\/wp-json\/wp\/v2\/media?parent=46218"}],"wp:term":[{"taxonomy":"product_brand","embeddable":true,"href":"https:\/\/netpet.ch\/de\/wp-json\/wp\/v2\/product_brand?post=46218"},{"taxonomy":"product_cat","embeddable":true,"href":"https:\/\/netpet.ch\/de\/wp-json\/wp\/v2\/product_cat?post=46218"},{"taxonomy":"product_tag","embeddable":true,"href":"https:\/\/netpet.ch\/de\/wp-json\/wp\/v2\/product_tag?post=46218"}],"curies":[{"name":"wp","href":"https:\/\/api.w.org\/{rel}","templated":true}]}}