{"id":46237,"date":"2023-11-26T11:46:40","date_gmt":"2023-11-26T10:46:40","guid":{"rendered":"https:\/\/netpet.ch\/?post_type=product&#038;p=46237"},"modified":"2026-01-22T08:13:55","modified_gmt":"2026-01-22T07:13:55","slug":"eierschachteln-aus-karton-fuer-6-eier-24-stueck","status":"publish","type":"product","link":"https:\/\/netpet.ch\/de\/produit\/eierschachteln-aus-karton-fuer-6-eier-24-stueck\/","title":{"rendered":"Eierschachteln aus Karton f\u00fcr 6 Eier (24 St\u00fcck)"},"content":{"rendered":"<p>Set von <strong>24 Schachteln<\/strong> aus recyceltem Karton <strong>f\u00fcr 6 H\u00fchnereier<\/strong>.<\/p>\n<p>Sie passen f\u00fcr Eier mit einem Gewicht zwischen 53g und 73g.<\/p>\n<p><span style=\"color: #999999\">Hinweise:<br \/>\n\u2022 diese paarweise zusammengebundenen Schachteln sind durch leichtes und vorsichtiges Auseinanderziehen zu trennen.<br \/>\n\u2022 die Schachteln werden ohne Eier verkauft; die auf den Bildern sichtbaren Eier dienen nur der Illustration.<\/span><\/p>\n<p>(\u00fcbersetzt mit www.deepL.com)<\/p>\n","protected":false},"excerpt":{"rendered":"<p>Set von 24 Schachteln aus recyceltem Karton f\u00fcr 6 H\u00fchnereier. Sie passen f\u00fcr Eier mit einem Gewicht zwischen 53g und 73g. Hinweise: \u2022 diese paarweise zusammengebundenen Schachteln sind durch leichtes und vorsichtiges Auseinanderziehen zu trennen. \u2022 die Schachteln werden ohne Eier verkauft; die auf den Bildern sichtbaren Eier dienen nur der Illustration. (\u00fcbersetzt mit www.deepL.com)<\/p>\n","protected":false},"featured_media":46227,"template":"","meta":{"_acf_changed":false,"wds_primary_product_brand":0,"wds_primary_product_cat":0},"product_brand":[],"product_cat":[436],"product_tag":[],"class_list":{"0":"post-46237","1":"product","2":"type-product","3":"status-publish","4":"has-post-thumbnail","6":"product_cat-eierschachteln-und-horden","8":"first","9":"instock","10":"taxable","11":"shipping-taxable","12":"purchasable","13":"product-type-simple"},"acf":[],"_links":{"self":[{"href":"https:\/\/netpet.ch\/de\/wp-json\/wp\/v2\/product\/46237","targetHints":{"allow":["GET"]}}],"collection":[{"href":"https:\/\/netpet.ch\/de\/wp-json\/wp\/v2\/product"}],"about":[{"href":"https:\/\/netpet.ch\/de\/wp-json\/wp\/v2\/types\/product"}],"wp:featuredmedia":[{"embeddable":true,"href":"https:\/\/netpet.ch\/de\/wp-json\/wp\/v2\/media\/46227"}],"wp:attachment":[{"href":"https:\/\/netpet.ch\/de\/wp-json\/wp\/v2\/media?parent=46237"}],"wp:term":[{"taxonomy":"product_brand","embeddable":true,"href":"https:\/\/netpet.ch\/de\/wp-json\/wp\/v2\/product_brand?post=46237"},{"taxonomy":"product_cat","embeddable":true,"href":"https:\/\/netpet.ch\/de\/wp-json\/wp\/v2\/product_cat?post=46237"},{"taxonomy":"product_tag","embeddable":true,"href":"https:\/\/netpet.ch\/de\/wp-json\/wp\/v2\/product_tag?post=46237"}],"curies":[{"name":"wp","href":"https:\/\/api.w.org\/{rel}","templated":true}]}}