{"id":46238,"date":"2023-12-02T09:43:29","date_gmt":"2023-12-02T08:43:29","guid":{"rendered":"https:\/\/netpet.ch\/?post_type=product&#038;p=46238"},"modified":"2023-12-02T09:37:56","modified_gmt":"2023-12-02T08:37:56","slug":"chicksafe-von-brinsea-riemenscheiben-kit","status":"publish","type":"product","link":"https:\/\/netpet.ch\/de\/produit\/chicksafe-von-brinsea-riemenscheiben-kit\/","title":{"rendered":"ChickSafe von Brinsea - Riemenscheiben-Kit"},"content":{"rendered":"<p>Das Riemenscheiben-Set von Brinsea ist die perfekte L\u00f6sung, wenn ein ChickSafe nicht mittig \u00fcber der anzuhebenden T\u00fcr installiert werden muss.<\/p>\n<p>Es besteht aus zwei robusten Riemenscheiben aus Kunststoff, einer 2 Meter langen, sehr starken Schnur und zwei Edelstahlschrauben mit Teilgewinde, um die richtige Drehung der am H\u00fchnerstall befestigten Riemenscheiben zu gew\u00e4hrleisten.<\/p>\n<p>Hinweis: Die mitgelieferte Schnur muss an der vorhandenen Schnur der ChickSafe T\u00fcr\u00f6ffner befestigt werden; sie ist <strong>nicht<\/strong> als Ersatz f\u00fcr die existierende Schnur konzipiert.<\/p>\n<p>(\u00fcbersetzt mit www.deepL.com)<\/p>\n","protected":false},"excerpt":{"rendered":"<p><em>Originales Brinsea-Zubeh\u00f6r<\/em><\/p>\n","protected":false},"featured_media":46222,"template":"","meta":{"_acf_changed":false,"wds_primary_product_brand":0,"wds_primary_product_cat":0},"product_brand":[],"product_cat":[445],"product_tag":[],"class_list":{"0":"post-46238","1":"product","2":"type-product","3":"status-publish","4":"has-post-thumbnail","6":"product_cat-automatische-tueroeffner-fuer-huehnerstaelle","8":"first","9":"instock","10":"taxable","11":"shipping-taxable","12":"purchasable","13":"product-type-simple"},"acf":[],"_links":{"self":[{"href":"https:\/\/netpet.ch\/de\/wp-json\/wp\/v2\/product\/46238","targetHints":{"allow":["GET"]}}],"collection":[{"href":"https:\/\/netpet.ch\/de\/wp-json\/wp\/v2\/product"}],"about":[{"href":"https:\/\/netpet.ch\/de\/wp-json\/wp\/v2\/types\/product"}],"wp:featuredmedia":[{"embeddable":true,"href":"https:\/\/netpet.ch\/de\/wp-json\/wp\/v2\/media\/46222"}],"wp:attachment":[{"href":"https:\/\/netpet.ch\/de\/wp-json\/wp\/v2\/media?parent=46238"}],"wp:term":[{"taxonomy":"product_brand","embeddable":true,"href":"https:\/\/netpet.ch\/de\/wp-json\/wp\/v2\/product_brand?post=46238"},{"taxonomy":"product_cat","embeddable":true,"href":"https:\/\/netpet.ch\/de\/wp-json\/wp\/v2\/product_cat?post=46238"},{"taxonomy":"product_tag","embeddable":true,"href":"https:\/\/netpet.ch\/de\/wp-json\/wp\/v2\/product_tag?post=46238"}],"curies":[{"name":"wp","href":"https:\/\/api.w.org\/{rel}","templated":true}]}}