{"id":46288,"date":"2023-12-02T15:07:07","date_gmt":"2023-12-02T14:07:07","guid":{"rendered":"https:\/\/netpet.ch\/?post_type=product&#038;p=46288"},"modified":"2025-11-16T20:00:11","modified_gmt":"2025-11-16T19:00:11","slug":"ersatz-winkelstueck-mit-pipette-fuer-traenke-mit-klappdeckel","status":"publish","type":"product","link":"https:\/\/netpet.ch\/de\/produit\/ersatz-winkelstueck-mit-pipette-fuer-traenke-mit-klappdeckel\/","title":{"rendered":"Ersatz-Pipette und Winkelst\u00fcck f\u00fcr Gefl\u00fcgeltr\u00e4nken"},"content":{"rendered":"<p>Ersatzteil, bestehend aus einem Winkelst\u00fcck und einem Nippel, f\u00fcr<br \/>\n\u2022 Nippeltr\u00e4nke mit Klappdeckel mit einem Fassungsverm\u00f6gen von 0.5L (Produktcode: <span style=\"color: #0000ff\"><a style=\"color: #0000ff\" href=\"https:\/\/netpet.ch\/de\/produit\/abreuvoir-a-pipette-avec-couvercle-articule-0-5l\/\" target=\"_blank\" rel=\"noopener\">olnl-dfk05c_ku<\/a><\/span>) oder mit einem Fassungsverm\u00f6gen von 1L (Produktcode: <span style=\"color: #0000ff\"><a style=\"color: #0000ff\" href=\"https:\/\/netpet.ch\/de\/produit\/abreuvoir-a-pipette-avec-couvercle-articule-et-anneau-de-fixation-1l\/\" target=\"_blank\" rel=\"noopener\">olnl-dfk10c_ku<\/a><\/span>),<br \/>\n\u2022 AviAqua Tr\u00e4nke mit Nippeln (Produktcode: <a href=\"https:\/\/netpet.ch\/de\/produit\/aviaqua-wand-traenke-8l-verschiedene-varianten\/\" target=\"_blank\" rel=\"noopener\"><span style=\"color: #0000ff\">olnl-aa-abc<\/span><\/a>) et automatische Tr\u00e4nkesysteme AviAqua mit Nippeln (Produktcode: <a href=\"https:\/\/netpet.ch\/de\/produit\/automatisches-traenkesystem-aviaqua-8l-in-3-varianten\/\" target=\"_blank\" rel=\"noopener\"><span style=\"color: #0000ff\">olnl-aaf-abc<\/span><\/a>), mit einem Fassungsverm\u00f6gen von 8L.<\/p>\n<p>(\u00fcbersetzt mit www.deepL.com)<\/p>\n","protected":false},"excerpt":{"rendered":"<p>Ersatzteil, bestehend aus einem Winkelst\u00fcck und einem Nippel, f\u00fcr \u2022 Nippeltr\u00e4nke mit Klappdeckel mit einem Fassungsverm\u00f6gen von 0.5L (Produktcode: olnl-dfk05c_ku) oder mit einem Fassungsverm\u00f6gen von 1L (Produktcode: olnl-dfk10c_ku), \u2022 AviAqua Tr\u00e4nke mit Nippeln (Produktcode: olnl-aa-abc) et automatische Tr\u00e4nkesysteme AviAqua mit Nippeln (Produktcode: olnl-aaf-abc), mit einem Fassungsverm\u00f6gen von 8L. (\u00fcbersetzt mit www.deepL.com)<\/p>\n","protected":false},"featured_media":46287,"template":"","meta":{"_acf_changed":false,"wds_primary_product_brand":0,"wds_primary_product_cat":0},"product_brand":[],"product_cat":[457,433],"product_tag":[],"class_list":{"0":"post-46288","1":"product","2":"type-product","3":"status-publish","4":"has-post-thumbnail","6":"product_cat-fur-kuken-und-wachteln","7":"product_cat-tranken","9":"first","10":"instock","11":"taxable","12":"shipping-taxable","13":"purchasable","14":"product-type-simple"},"acf":[],"_links":{"self":[{"href":"https:\/\/netpet.ch\/de\/wp-json\/wp\/v2\/product\/46288","targetHints":{"allow":["GET"]}}],"collection":[{"href":"https:\/\/netpet.ch\/de\/wp-json\/wp\/v2\/product"}],"about":[{"href":"https:\/\/netpet.ch\/de\/wp-json\/wp\/v2\/types\/product"}],"wp:featuredmedia":[{"embeddable":true,"href":"https:\/\/netpet.ch\/de\/wp-json\/wp\/v2\/media\/46287"}],"wp:attachment":[{"href":"https:\/\/netpet.ch\/de\/wp-json\/wp\/v2\/media?parent=46288"}],"wp:term":[{"taxonomy":"product_brand","embeddable":true,"href":"https:\/\/netpet.ch\/de\/wp-json\/wp\/v2\/product_brand?post=46288"},{"taxonomy":"product_cat","embeddable":true,"href":"https:\/\/netpet.ch\/de\/wp-json\/wp\/v2\/product_cat?post=46288"},{"taxonomy":"product_tag","embeddable":true,"href":"https:\/\/netpet.ch\/de\/wp-json\/wp\/v2\/product_tag?post=46288"}],"curies":[{"name":"wp","href":"https:\/\/api.w.org\/{rel}","templated":true}]}}