{"id":46575,"date":"2024-01-03T22:52:56","date_gmt":"2024-01-03T21:52:56","guid":{"rendered":"https:\/\/netpet.ch\/produit\/humidificateur-a-ultrasons-limpia-4l-pour-couveuses-fiem\/"},"modified":"2025-12-28T18:43:58","modified_gmt":"2025-12-28T17:43:58","slug":"humidificateur-a-ultrasons-limpia-4l-pour-couveuses-fiem","status":"publish","type":"product","link":"https:\/\/netpet.ch\/de\/produit\/humidificateur-a-ultrasons-limpia-4l-pour-couveuses-fiem\/","title":{"rendered":"Ultraschall-Luftbefeuchter Limpia 4L f\u00fcr Fiem-Brutger\u00e4te"},"content":{"rendered":"<div class=\"value\" data-dynamic=\"overview\">\n<p>Der Ultraschall-Luftbefeuchter Olimpia Splendid Limpia 4L wird vom italienischen Hersteller von Brutk\u00e4sten und Schlupfbr\u00fctern Fiem angeboten, um die Befeuchtung der Brut- und Schlupfumgebung zu f\u00f6rdern.<\/p>\n<p>Durch die Zerlegung von Wassermolek\u00fclen in Millionen von Partikeln erzeugt das System einen \"Nebel\"-Effekt, ohne die Temperatur in der Maschine zu ver\u00e4ndern. In Verbindung mit dem digitalen Hygrostat erm\u00f6glicht es eine zuverl\u00e4ssige und leistungsf\u00e4hige automatische Befeuchtung von kompatiblen Fiem-Brutk\u00e4sten und Schlupfbr\u00fctern.<\/p>\n<\/div>\n<div class=\"value\" data-dynamic=\"overview\">\n<p><strong>Hauptmerkmale:<\/strong><\/p>\n<ul>\n<li>Kalt-Ultraschalltechnologie<\/li>\n<li>Halbtransparenter 4l-Tank<\/li>\n<li>Anschlussschlauch<\/li>\n<li>Alarm bei leerem Tank<\/li>\n<li>Beleuchtung mit farbigen LEDs<\/li>\n<li>Einstellbare Luftfeuchtigkeit von 30 bis zu 80%<\/li>\n<li>Fernbedienung<\/li>\n<li>Integrierter Timer programmierbar bis zu 8 Stunden<\/li>\n<li>Abmessungen: 20.4x20.5x29cm (BxTxH)<\/li>\n<li>Stromversorgung: 100-240V \/ 50-60Hz; Stromverbrauch: 25W<\/li>\n<\/ul>\n<p>(\u00fcbersetzt mit www.deepL.com)<\/p>\n<\/div>\n","protected":false},"excerpt":{"rendered":"<p>Der Ultraschall-Luftbefeuchter Olimpia Splendid Limpia 4L wird vom italienischen Hersteller von Brutk\u00e4sten und Schlupfbr\u00fctern Fiem angeboten, um die Befeuchtung der Brut- und Schlupfumgebung zu f\u00f6rdern. Durch die Zerlegung von Wassermolek\u00fclen in Millionen von Partikeln erzeugt das System einen \"Nebel\"-Effekt, ohne die Temperatur in der Maschine zu ver\u00e4ndern. In Verbindung mit dem digitalen Hygrostat erm\u00f6glicht es [&hellip;]<\/p>\n","protected":false},"featured_media":46498,"template":"","meta":{"_acf_changed":false,"wds_primary_product_brand":0,"wds_primary_product_cat":0},"product_brand":[],"product_cat":[447],"product_tag":[],"class_list":{"0":"post-46575","1":"product","2":"type-product","3":"status-publish","4":"has-post-thumbnail","6":"product_cat-zubehoer-fuer-fiem-inkubatoren","8":"first","9":"instock","10":"taxable","11":"shipping-taxable","12":"purchasable","13":"product-type-simple"},"acf":[],"_links":{"self":[{"href":"https:\/\/netpet.ch\/de\/wp-json\/wp\/v2\/product\/46575","targetHints":{"allow":["GET"]}}],"collection":[{"href":"https:\/\/netpet.ch\/de\/wp-json\/wp\/v2\/product"}],"about":[{"href":"https:\/\/netpet.ch\/de\/wp-json\/wp\/v2\/types\/product"}],"wp:featuredmedia":[{"embeddable":true,"href":"https:\/\/netpet.ch\/de\/wp-json\/wp\/v2\/media\/46498"}],"wp:attachment":[{"href":"https:\/\/netpet.ch\/de\/wp-json\/wp\/v2\/media?parent=46575"}],"wp:term":[{"taxonomy":"product_brand","embeddable":true,"href":"https:\/\/netpet.ch\/de\/wp-json\/wp\/v2\/product_brand?post=46575"},{"taxonomy":"product_cat","embeddable":true,"href":"https:\/\/netpet.ch\/de\/wp-json\/wp\/v2\/product_cat?post=46575"},{"taxonomy":"product_tag","embeddable":true,"href":"https:\/\/netpet.ch\/de\/wp-json\/wp\/v2\/product_tag?post=46575"}],"curies":[{"name":"wp","href":"https:\/\/api.w.org\/{rel}","templated":true}]}}