{"id":46811,"date":"2024-01-05T21:35:58","date_gmt":"2024-01-05T20:35:58","guid":{"rendered":"https:\/\/netpet.ch\/?post_type=product&#038;p=46811"},"modified":"2026-03-10T08:20:50","modified_gmt":"2026-03-10T07:20:50","slug":"fiem-brutgeraet-mg100-150-b-family-mini-led","status":"publish","type":"product","link":"https:\/\/netpet.ch\/de\/produit\/fiem-brutgeraet-mg100-150-b-family-mini-led\/","title":{"rendered":"Fiem - Brutger\u00e4t MG100\/150 B.Family Mini LED"},"content":{"rendered":"<p>Das Modell MG100\/150 B.Family Mini LED der italienischen Firma Fiem kombiniert eine gro\u00dfe Kapazit\u00e4t f\u00fcr Ihre Eier, einfache Benutzung, Zuverl\u00e4ssigkeit und Robustheit.<\/p>\n<p><strong>Wichtigste Merkmale:<\/strong><\/p>\n<ul>\n<li>Vorlackierte, isolierte Stahlkabine, in robuster und haltbarer Konstruktion<\/li>\n<li>Automatische Eierwendevorrichtung mithilfe von speziellen Schalen mit Metallwiegen, die f\u00fcr alle Arten von Eiern geeignet sind<\/li>\n<li>Automatische Befeuchtung durch externen mitgelieferten Beh\u00e4lter<\/li>\n<li>Hochwertiger Mini LED-Thermostat mit Dezimalgenauigkeit erm\u00f6glicht eine einfache und pr\u00e4zise Einstellung der verschiedenen Parameter; die multifunktionale Mini LED-Steuereinheit bietet folgende Funktionen: Temperaturanzeige und -kontrolle mit dreistelligem Display, Feuchtigkeitsanzeige, Umrechnung \u00b0C\/\u00b0F, Wahl des Temperaturregelungsmodus PID\/ON-OFF, M\u00f6glichkeit der digitalen Kalibrierung der Temperatur- und Feuchtigkeitssensoren<\/li>\n<li>Ablesen der Temperatur mithilfe eines Pr\u00e4zisionsthermometers in \u00b0F, dessen Geh\u00e4use zur leichteren Reinigung abnehmbar ist<\/li>\n<li>Feuchtigkeits- und Temperatursensoren im Inneren des Inkubators v\u00f6llig getrennt und unverbunden, um die Genauigkeit und Zuverl\u00e4ssigkeit des Messwerts zu maximieren<\/li>\n<li>Integrierter Ventilator f\u00fcr eine gleichm\u00e4ssige W\u00e4rmeverteilung innerhalb des Brutkastens und geeignete L\u00fcftungs\u00f6ffnungen f\u00fcr einen angemessenen Luftaustausch und den Abzug von Kohlendioxid<\/li>\n<li>Sichtfenster in der T\u00fcr und integrierte Beleuchtung f\u00fcr eine perfekte Sicht in den Brutkasten w\u00e4hrend des gesamten Brutzyklus<\/li>\n<li>Schlupfkorb aus Kunststoff optional erh\u00e4ltlich<\/li>\n<li>2 Jahre Herstellergarantie<\/li>\n<\/ul>\n<p><strong>Maximale Eierkapazit\u00e4ten f\u00fcr die Inkubation (ungef\u00e4hr):<\/strong><\/p>\n<ul>\n<li>Huhn, Ente:\u00a0140<\/li>\n<li>Fasan:\u00a0160<\/li>\n<li>Rothuhn:\u00a0540<\/li>\n<li>Rebhuhn, Wachtel:\u00a0600<\/li>\n<li>Truthahn:\u00a0120<\/li>\n<li>Gans (spezifische Schale auf Bestellung): 36<\/li>\n<\/ul>\n<p><strong>Technische Daten:<\/strong><\/p>\n<ul>\n<li>Abmessungen: 53x60x55cm (BxTxH)<\/li>\n<li>Gewicht:\u00a030kg<\/li>\n<li>Stromversorgung: 220-240V \/ 50-60Hz; Stromverbrauch:\u00a0120W<\/li>\n<\/ul>\n<p><em>Hinweis :<\/em> eine automatische Befeuchtung durch ein Heizelement oder eine externe automatische Ultraschallbefeuchtung, die von der elektronischen Steuereinheit gesteuert wird, ist separat als Option erh\u00e4ltlich (<a href=\"https:\/\/netpet.ch\/de\/produit\/humidificateur-a-ultrasons-limpia-4l-pour-couveuses-fiem\/\" target=\"_blank\" rel=\"noopener\">Ultraschall-Luftbefeuchter Limpia4L f\u00fcr Fiem-Brutger\u00e4te, Produktcode: fiit-limpia4l<\/a>).<\/p>\n<p>&nbsp;<\/p>\n<hr \/>\n<p>Der <strong>offizielle Kundendienst f\u00fcr die Marken Fiem und Brinsea<\/strong> wird von Ihrem Team von <span style=\"color: #f05957\"><strong>netpet.ch<\/strong><\/span> et <strong><a href=\"http:\/\/couveuse.ch\" target=\"_blank\" rel=\"noopener\"><span style=\"color: #436a33\">couveuse.ch<\/span><\/a><\/strong> : lokale und von Fiem und Brinsea autorisierte Serviceleistungen, direkte Partnerschaft mit den Marken, garantierte Original-Ersatzteile, Einhaltung der Qualit\u00e4tsstandards der Hersteller.<\/p>\n<hr \/>\n<p>Das gesamte Fiem-Sortiment finden Sie unter <a href=\"https:\/\/fiem.it\/de\/\" target=\"_blank\" rel=\"noopener\"><span style=\"color: #a0201b\">fiem.it<\/span><\/a>. Gerne stehen wir Ihnen jederzeit f\u00fcr ein individuelles Angebot zur Verf\u00fcgung.<\/p>\n<p><img loading=\"lazy\" decoding=\"async\" class=\"alignnone size-medium wp-image-50573\" src=\"https:\/\/netpet.ch\/wp-content\/uploads\/2026\/02\/FIEM-logo-300x186.png\" alt=\"\" width=\"300\" height=\"186\" srcset=\"https:\/\/netpet.ch\/wp-content\/uploads\/2026\/02\/FIEM-logo-300x186.png 300w, https:\/\/netpet.ch\/wp-content\/uploads\/2026\/02\/FIEM-logo-1024x635.png 1024w, https:\/\/netpet.ch\/wp-content\/uploads\/2026\/02\/FIEM-logo-768x476.png 768w, https:\/\/netpet.ch\/wp-content\/uploads\/2026\/02\/FIEM-logo-600x372.png 600w, https:\/\/netpet.ch\/wp-content\/uploads\/2026\/02\/FIEM-logo.png 1036w\" sizes=\"auto, (max-width: 300px) 100vw, 300px\" \/>\u00a0 \u00a0 \u00a0 \u00a0 <img loading=\"lazy\" decoding=\"async\" class=\"alignnone wp-image-50575\" src=\"https:\/\/netpet.ch\/wp-content\/uploads\/2026\/02\/FIEM-made-in-italy-300x222.png\" alt=\"\" width=\"147\" height=\"109\" srcset=\"https:\/\/netpet.ch\/wp-content\/uploads\/2026\/02\/FIEM-made-in-italy-300x222.png 300w, https:\/\/netpet.ch\/wp-content\/uploads\/2026\/02\/FIEM-made-in-italy-600x445.png 600w, https:\/\/netpet.ch\/wp-content\/uploads\/2026\/02\/FIEM-made-in-italy.png 626w\" sizes=\"auto, (max-width: 147px) 100vw, 147px\" \/>\u00a0 \u00a0 \u00a0 <img loading=\"lazy\" decoding=\"async\" class=\"alignnone size-medium wp-image-50616\" src=\"https:\/\/netpet.ch\/wp-content\/uploads\/2026\/02\/FIEM-mg-1024x373-1-300x109.png\" alt=\"\" width=\"300\" height=\"109\" srcset=\"https:\/\/netpet.ch\/wp-content\/uploads\/2026\/02\/FIEM-mg-1024x373-1-300x109.png 300w, https:\/\/netpet.ch\/wp-content\/uploads\/2026\/02\/FIEM-mg-1024x373-1-768x280.png 768w, https:\/\/netpet.ch\/wp-content\/uploads\/2026\/02\/FIEM-mg-1024x373-1-600x219.png 600w, https:\/\/netpet.ch\/wp-content\/uploads\/2026\/02\/FIEM-mg-1024x373-1.png 1024w\" sizes=\"auto, (max-width: 300px) 100vw, 300px\" \/><\/p>\n<p>&nbsp;<\/p>\n<p>(\u00fcbersetzt mit www.deepL.com)<\/p>\n","protected":false},"excerpt":{"rendered":"<p><span style=\"color: #999999\"><em><span style=\"font-size: x-small\">Katalogpreis:\u00a0CHF 1020.00<\/span><\/em><\/span><\/p>\n<hr \/>\n<p><img loading=\"lazy\" decoding=\"async\" class=\"alignnone wp-image-50573\" src=\"https:\/\/netpet.ch\/wp-content\/uploads\/2026\/02\/FIEM-logo-300x186.png\" alt=\"\" width=\"155\" height=\"96\" srcset=\"https:\/\/netpet.ch\/wp-content\/uploads\/2026\/02\/FIEM-logo-300x186.png 300w, https:\/\/netpet.ch\/wp-content\/uploads\/2026\/02\/FIEM-logo-1024x635.png 1024w, https:\/\/netpet.ch\/wp-content\/uploads\/2026\/02\/FIEM-logo-768x476.png 768w, https:\/\/netpet.ch\/wp-content\/uploads\/2026\/02\/FIEM-logo-600x372.png 600w, https:\/\/netpet.ch\/wp-content\/uploads\/2026\/02\/FIEM-logo.png 1036w\" sizes=\"auto, (max-width: 155px) 100vw, 155px\" \/><\/p>\n<p style=\"text-align: left\"><strong><span style=\"color: #f05957\">netpet.ch<span style=\"color: #000000\"> | Offizieller Direktimporteur und autorisierter Vertriebspartner von <span style=\"color: #a0201b\">Fiem<\/span> in der Schweiz<\/span><\/span><\/strong><\/p>\n<hr \/>\n","protected":false},"featured_media":46771,"template":"","meta":{"_acf_changed":false,"wds_primary_product_brand":0,"wds_primary_product_cat":0},"product_brand":[],"product_cat":[450],"product_tag":[],"class_list":{"0":"post-46811","1":"product","2":"type-product","3":"status-publish","4":"has-post-thumbnail","6":"product_cat-couveuses-fiem-de","8":"first","9":"instock","10":"taxable","11":"shipping-taxable","12":"purchasable","13":"product-type-variable"},"acf":[],"_links":{"self":[{"href":"https:\/\/netpet.ch\/de\/wp-json\/wp\/v2\/product\/46811","targetHints":{"allow":["GET"]}}],"collection":[{"href":"https:\/\/netpet.ch\/de\/wp-json\/wp\/v2\/product"}],"about":[{"href":"https:\/\/netpet.ch\/de\/wp-json\/wp\/v2\/types\/product"}],"wp:featuredmedia":[{"embeddable":true,"href":"https:\/\/netpet.ch\/de\/wp-json\/wp\/v2\/media\/46771"}],"wp:attachment":[{"href":"https:\/\/netpet.ch\/de\/wp-json\/wp\/v2\/media?parent=46811"}],"wp:term":[{"taxonomy":"product_brand","embeddable":true,"href":"https:\/\/netpet.ch\/de\/wp-json\/wp\/v2\/product_brand?post=46811"},{"taxonomy":"product_cat","embeddable":true,"href":"https:\/\/netpet.ch\/de\/wp-json\/wp\/v2\/product_cat?post=46811"},{"taxonomy":"product_tag","embeddable":true,"href":"https:\/\/netpet.ch\/de\/wp-json\/wp\/v2\/product_tag?post=46811"}],"curies":[{"name":"wp","href":"https:\/\/api.w.org\/{rel}","templated":true}]}}