{"id":47094,"date":"2024-02-12T23:39:00","date_gmt":"2024-02-12T22:39:00","guid":{"rendered":"https:\/\/netpet.ch\/produit\/caisse-de-transport-pour-poussins-et-cailles\/"},"modified":"2025-11-11T22:08:01","modified_gmt":"2025-11-11T21:08:01","slug":"caisse-de-transport-pour-poussins-et-cailles","status":"publish","type":"product","link":"https:\/\/netpet.ch\/de\/produit\/caisse-de-transport-pour-poussins-et-cailles\/","title":{"rendered":"Gefl\u00fcgeltransportkiste f\u00fcr K\u00fcken, Wachteln und Tauben"},"content":{"rendered":"<p>Diese rechteckige Transportbox ist der ideale K\u00e4fig, um K\u00fcken, Wachteln, Entenk\u00fcken und Junggefl\u00fcgel reisen zu lassen.<\/p>\n<p>Die Kiste ist aus bruchsicherem Kunststoff hergestellt und verf\u00fcgt \u00fcber eine Klappt\u00fcr am Deckel sowie eine Schiebet\u00fcr an der Seite, durch die die Tiere ruhig und stressfrei nach drau\u00dfen gelangen k\u00f6nnen.<\/p>\n<p>Mehrere Boxen k\u00f6nnen leicht gestapelt werden; durch den geschlossenen Boden wird dann verhindert, dass die Tiere von einer Kiste zur anderen verschmutzt werden.<\/p>\n<p>Aussenmasse und Kapazit\u00e4t: 67x45x15cm (LxBxH), f\u00fcr bis zu 20 Wachteln oder \u00e4hnliche Jungtiere.<\/p>\n<p>(\u00fcbersetzt mit www.deepL.com)<\/p>\n","protected":false},"excerpt":{"rendered":"<p>Diese rechteckige Transportbox ist der ideale K\u00e4fig, um K\u00fcken, Wachteln, Entenk\u00fcken und Junggefl\u00fcgel reisen zu lassen. Die Kiste ist aus bruchsicherem Kunststoff hergestellt und verf\u00fcgt \u00fcber eine Klappt\u00fcr am Deckel sowie eine Schiebet\u00fcr an der Seite, durch die die Tiere ruhig und stressfrei nach drau\u00dfen gelangen k\u00f6nnen. Mehrere Boxen k\u00f6nnen leicht gestapelt werden; durch den [&hellip;]<\/p>\n","protected":false},"featured_media":46967,"template":"","meta":{"_acf_changed":false,"wds_primary_product_brand":0,"wds_primary_product_cat":0},"product_brand":[],"product_cat":[453,434],"product_tag":[],"class_list":{"0":"post-47094","1":"product","2":"type-product","3":"status-publish","4":"has-post-thumbnail","6":"product_cat-kuekenaufzucht-zubehoer","7":"product_cat-zubehoer","9":"first","10":"instock","11":"taxable","12":"shipping-taxable","13":"purchasable","14":"product-type-simple"},"acf":[],"_links":{"self":[{"href":"https:\/\/netpet.ch\/de\/wp-json\/wp\/v2\/product\/47094","targetHints":{"allow":["GET"]}}],"collection":[{"href":"https:\/\/netpet.ch\/de\/wp-json\/wp\/v2\/product"}],"about":[{"href":"https:\/\/netpet.ch\/de\/wp-json\/wp\/v2\/types\/product"}],"wp:featuredmedia":[{"embeddable":true,"href":"https:\/\/netpet.ch\/de\/wp-json\/wp\/v2\/media\/46967"}],"wp:attachment":[{"href":"https:\/\/netpet.ch\/de\/wp-json\/wp\/v2\/media?parent=47094"}],"wp:term":[{"taxonomy":"product_brand","embeddable":true,"href":"https:\/\/netpet.ch\/de\/wp-json\/wp\/v2\/product_brand?post=47094"},{"taxonomy":"product_cat","embeddable":true,"href":"https:\/\/netpet.ch\/de\/wp-json\/wp\/v2\/product_cat?post=47094"},{"taxonomy":"product_tag","embeddable":true,"href":"https:\/\/netpet.ch\/de\/wp-json\/wp\/v2\/product_tag?post=47094"}],"curies":[{"name":"wp","href":"https:\/\/api.w.org\/{rel}","templated":true}]}}