{"id":47111,"date":"2024-02-13T07:39:13","date_gmt":"2024-02-13T06:39:13","guid":{"rendered":"https:\/\/netpet.ch\/produit\/plateau-a-oeufs-pour-30-oeufs-6\/"},"modified":"2026-01-22T08:13:55","modified_gmt":"2026-01-22T07:13:55","slug":"plateau-a-oeufs-pour-30-oeufs-6","status":"publish","type":"product","link":"https:\/\/netpet.ch\/de\/produit\/plateau-a-oeufs-pour-30-oeufs-6\/","title":{"rendered":"Eierhorde f\u00fcr 30 Eier"},"content":{"rendered":"<p>Eierplatte aus Kunststoff in einem sch\u00f6nen Rot f\u00fcr den bequemen Transport von 30 H\u00fchnereiern.<\/p>\n<p>Gr\u00f6\u00dfe von 300x300mm; leicht abwaschbar und stapelbar.<\/p>\n<p><span style=\"color: #999999\">Nicht kompatibel mit den anderen Eierhorden, die im Online-Shop netpet.ch angeboten werden.<\/span><\/p>\n<p>(\u00fcbersetzt mit www.deepL.com)<\/p>\n","protected":false},"excerpt":{"rendered":"<p>Eierplatte aus Kunststoff in einem sch\u00f6nen Rot f\u00fcr den bequemen Transport von 30 H\u00fchnereiern. Gr\u00f6\u00dfe von 300x300mm; leicht abwaschbar und stapelbar. Nicht kompatibel mit den anderen Eierhorden, die im Online-Shop netpet.ch angeboten werden. (\u00fcbersetzt mit www.deepL.com)<\/p>\n","protected":false},"featured_media":46990,"template":"","meta":{"_acf_changed":false,"wds_primary_product_brand":0,"wds_primary_product_cat":0},"product_brand":[],"product_cat":[436],"product_tag":[],"class_list":{"0":"post-47111","1":"product","2":"type-product","3":"status-publish","4":"has-post-thumbnail","6":"product_cat-eierschachteln-und-horden","8":"first","9":"instock","10":"taxable","11":"shipping-taxable","12":"purchasable","13":"product-type-simple"},"acf":[],"_links":{"self":[{"href":"https:\/\/netpet.ch\/de\/wp-json\/wp\/v2\/product\/47111","targetHints":{"allow":["GET"]}}],"collection":[{"href":"https:\/\/netpet.ch\/de\/wp-json\/wp\/v2\/product"}],"about":[{"href":"https:\/\/netpet.ch\/de\/wp-json\/wp\/v2\/types\/product"}],"wp:featuredmedia":[{"embeddable":true,"href":"https:\/\/netpet.ch\/de\/wp-json\/wp\/v2\/media\/46990"}],"wp:attachment":[{"href":"https:\/\/netpet.ch\/de\/wp-json\/wp\/v2\/media?parent=47111"}],"wp:term":[{"taxonomy":"product_brand","embeddable":true,"href":"https:\/\/netpet.ch\/de\/wp-json\/wp\/v2\/product_brand?post=47111"},{"taxonomy":"product_cat","embeddable":true,"href":"https:\/\/netpet.ch\/de\/wp-json\/wp\/v2\/product_cat?post=47111"},{"taxonomy":"product_tag","embeddable":true,"href":"https:\/\/netpet.ch\/de\/wp-json\/wp\/v2\/product_tag?post=47111"}],"curies":[{"name":"wp","href":"https:\/\/api.w.org\/{rel}","templated":true}]}}