{"id":47113,"date":"2024-02-13T07:37:38","date_gmt":"2024-02-13T06:37:38","guid":{"rendered":"https:\/\/netpet.ch\/produit\/panier-a-oeufs\/"},"modified":"2024-03-14T07:29:59","modified_gmt":"2024-03-14T06:29:59","slug":"panier-a-oeufs","status":"publish","type":"product","link":"https:\/\/netpet.ch\/de\/produit\/panier-a-oeufs\/","title":{"rendered":"Eierkorb"},"content":{"rendered":"<p>Dieser Gaun-Eierkorb ist ideal, um Sie zu begleiten, wenn Sie die frischen Eier Ihrer H\u00fchner sammeln.<\/p>\n<p>Hergestellt aus Metall ist er leicht, widerstandsf\u00e4hig und einfach mit einem feuchten Tuch zu reinigen.<\/p>\n<p>Sein Retro-Stil und seine sch\u00f6ne rote Farbe machen ihn auch zu einem idealen K\u00fcchenaccessoire, das als Pr\u00e4sentations- oder Aufbewahrungskorb dienen kann.<\/p>\n<p>Mit einem Durchmesser von 20cm und einer H\u00f6he von 15cm (26cm bei ausgeklapptem Tragegriff) bietet er Platz f\u00fcr ca. 30 Eier.<\/p>\n<p><span style=\"color: #999999\">Hinweis: Der Korb wird ohne Eier verkauft; die auf den Bildern sichtbaren Eier dienen nur der Illustration.<\/span><\/p>\n<p>(\u00fcbersetzt mit www.deepL.com)<\/p>\n","protected":false},"excerpt":{"rendered":"<p>Dieser Gaun-Eierkorb ist ideal, um Sie zu begleiten, wenn Sie die frischen Eier Ihrer H\u00fchner sammeln. Hergestellt aus Metall ist er leicht, widerstandsf\u00e4hig und einfach mit einem feuchten Tuch zu reinigen. Sein Retro-Stil und seine sch\u00f6ne rote Farbe machen ihn auch zu einem idealen K\u00fcchenaccessoire, das als Pr\u00e4sentations- oder Aufbewahrungskorb dienen kann. Mit einem Durchmesser [&hellip;]<\/p>\n","protected":false},"featured_media":46985,"template":"","meta":{"_acf_changed":false,"wds_primary_product_brand":0,"wds_primary_product_cat":0},"product_brand":[],"product_cat":[436],"product_tag":[],"class_list":{"0":"post-47113","1":"product","2":"type-product","3":"status-publish","4":"has-post-thumbnail","6":"product_cat-eierschachteln-und-horden","8":"first","9":"outofstock","10":"taxable","11":"shipping-taxable","12":"purchasable","13":"product-type-simple"},"acf":[],"_links":{"self":[{"href":"https:\/\/netpet.ch\/de\/wp-json\/wp\/v2\/product\/47113","targetHints":{"allow":["GET"]}}],"collection":[{"href":"https:\/\/netpet.ch\/de\/wp-json\/wp\/v2\/product"}],"about":[{"href":"https:\/\/netpet.ch\/de\/wp-json\/wp\/v2\/types\/product"}],"wp:featuredmedia":[{"embeddable":true,"href":"https:\/\/netpet.ch\/de\/wp-json\/wp\/v2\/media\/46985"}],"wp:attachment":[{"href":"https:\/\/netpet.ch\/de\/wp-json\/wp\/v2\/media?parent=47113"}],"wp:term":[{"taxonomy":"product_brand","embeddable":true,"href":"https:\/\/netpet.ch\/de\/wp-json\/wp\/v2\/product_brand?post=47113"},{"taxonomy":"product_cat","embeddable":true,"href":"https:\/\/netpet.ch\/de\/wp-json\/wp\/v2\/product_cat?post=47113"},{"taxonomy":"product_tag","embeddable":true,"href":"https:\/\/netpet.ch\/de\/wp-json\/wp\/v2\/product_tag?post=47113"}],"curies":[{"name":"wp","href":"https:\/\/api.w.org\/{rel}","templated":true}]}}