{"id":47125,"date":"2024-02-19T07:10:13","date_gmt":"2024-02-19T06:10:13","guid":{"rendered":"https:\/\/netpet.ch\/produit\/gaun-eleveuse-pour-poussins\/"},"modified":"2024-03-16T21:55:08","modified_gmt":"2024-03-16T20:55:08","slug":"gaun-eleveuse-pour-poussins","status":"publish","type":"product","link":"https:\/\/netpet.ch\/de\/produit\/gaun-eleveuse-pour-poussins\/","title":{"rendered":"K\u00fckenheim"},"content":{"rendered":"<p>Dieses rechteckige K\u00fckenheim ist aus hochwertigem verzinktem Metall gefertigt, das eine gleichm\u00e4ssige W\u00e4rmeverteilung f\u00f6rdert. Es steht sicher auf vier F\u00fcssen, verf\u00fcgt \u00fcber eine solide obere Gitterabdeckung und bietet Ihren Jungtieren eine sichere und komfortable Umgebung.<\/p>\n<p>Der Aufzuchtk\u00e4fig hat einen Gitterboden und eine herausziehbare Kotschale, die sich leicht reinigen l\u00e4sst (bei Bedarf kann diese Kotschale in den ersten Tagen der Aufzucht im K\u00e4fig installiert werden).<\/p>\n<p>Er bietet Platz f\u00fcr etwa 20 K\u00fcken\/Entenk\u00fcken oder 30 Wachteln.<\/p>\n<p>Abmessungen des K\u00e4figfachs: 94.5x45x24.5cm (LxBxH)<br \/>\nGesamtabmessungen einschliesslich W\u00e4rmelampenhalter: 102.7x47.7x96.5cm (LxBxH)<\/p>\n<p>&nbsp;<\/p>\n<p><span style=\"color: #f05957\"><em>Hinweis: Damit Sie Ihr K\u00fckenheim nach Ihren individuellen Bed\u00fcrfnissen einrichten k\u00f6nnen, wird dieses Produkt <strong>ohne Zubeh\u00f6r <\/strong> verkauft; die auf den Bildern sichtbaren Zubeh\u00f6re dienen nur der Illustration. <a href=\"https:\/\/netpet.ch\/de\/categorie-produit\/gefluegelzubehoer\/fur-kuken-und-wachteln\/\" target=\"_blank\" rel=\"noopener\"><span style=\"color: #0000ff\">Futterautomaten und -tr\u00f6ge, Tr\u00e4nken<\/span><\/a> und <a href=\"https:\/\/netpet.ch\/de\/categorie-produit\/gefluegelzubehoer\/kuekenaufzucht-zubehoer\/\" target=\"_blank\" rel=\"noopener\"><span style=\"color: #0000ff\">Heizungen<\/span><\/a><strong> sind separat erh\u00e4ltlich; fragen Sie uns daher, wenn Sie eine pers\u00f6nliche Beratung \u00fcber die beste Einrichtung w\u00fcnschen. <\/strong>Halter f\u00fcr einen Schutzkorb f\u00fcr W\u00e4rmelampen und Dunkelstrahler ist im Lieferumfang enthalten.<\/em><\/span><\/p>\n<p>(\u00fcbersetzt mit www.deepL.com)<\/p>\n","protected":false},"excerpt":{"rendered":"<p style=\"text-align: left\"><em><strong><span style=\"color: #f05957\">NEU IM SORTIMENT von netpet.ch<\/span><\/strong><\/em><\/p>\n<p><strong><span style=\"color: #339966\">EINF\u00dcHRUNGSPREIS<\/span><\/strong><\/p>\n","protected":false},"featured_media":47012,"template":"","meta":{"_acf_changed":false,"wds_primary_product_brand":0,"wds_primary_product_cat":0},"product_brand":[],"product_cat":[457,453],"product_tag":[],"class_list":{"0":"post-47125","1":"product","2":"type-product","3":"status-publish","4":"has-post-thumbnail","6":"product_cat-fur-kuken-und-wachteln","7":"product_cat-kuekenaufzucht-zubehoer","9":"first","10":"outofstock","11":"taxable","12":"shipping-taxable","13":"purchasable","14":"product-type-variable"},"acf":[],"_links":{"self":[{"href":"https:\/\/netpet.ch\/de\/wp-json\/wp\/v2\/product\/47125","targetHints":{"allow":["GET"]}}],"collection":[{"href":"https:\/\/netpet.ch\/de\/wp-json\/wp\/v2\/product"}],"about":[{"href":"https:\/\/netpet.ch\/de\/wp-json\/wp\/v2\/types\/product"}],"wp:featuredmedia":[{"embeddable":true,"href":"https:\/\/netpet.ch\/de\/wp-json\/wp\/v2\/media\/47012"}],"wp:attachment":[{"href":"https:\/\/netpet.ch\/de\/wp-json\/wp\/v2\/media?parent=47125"}],"wp:term":[{"taxonomy":"product_brand","embeddable":true,"href":"https:\/\/netpet.ch\/de\/wp-json\/wp\/v2\/product_brand?post=47125"},{"taxonomy":"product_cat","embeddable":true,"href":"https:\/\/netpet.ch\/de\/wp-json\/wp\/v2\/product_cat?post=47125"},{"taxonomy":"product_tag","embeddable":true,"href":"https:\/\/netpet.ch\/de\/wp-json\/wp\/v2\/product_tag?post=47125"}],"curies":[{"name":"wp","href":"https:\/\/api.w.org\/{rel}","templated":true}]}}