{"id":47138,"date":"2024-03-03T15:06:45","date_gmt":"2024-03-03T14:06:45","guid":{"rendered":"https:\/\/netpet.ch\/produit\/applicateur-de-terre-de-diatomee-2\/"},"modified":"2026-02-17T20:40:37","modified_gmt":"2026-02-17T19:40:37","slug":"applicateur-de-terre-de-diatomee-2","status":"publish","type":"product","link":"https:\/\/netpet.ch\/de\/produit\/applicateur-de-terre-de-diatomee-2\/","title":{"rendered":"Applikator f\u00fcr Kieselgur - Braun oder gr\u00fcn"},"content":{"rendered":"<p>Dieser Kunststoffapplikator, dessen Griff mit Ring einen guten Halt erm\u00f6glicht, ist ein einfaches und wirksames Hilfsmittel, um Kieselgur in einem H\u00fchnerstall zu verteilen.<\/p>\n<p>Er ist in Braun oder Gr\u00fcn erh\u00e4ltlich.<\/p>\n<p>(\u00fcbersetzt mit www.deepL.com)<\/p>\n","protected":false},"excerpt":{"rendered":"<p>Dieser Kunststoffapplikator, dessen Griff mit Ring einen guten Halt erm\u00f6glicht, ist ein einfaches und wirksames Hilfsmittel, um Kieselgur in einem H\u00fchnerstall zu verteilen. Er ist in Braun oder Gr\u00fcn erh\u00e4ltlich. (\u00fcbersetzt mit www.deepL.com)<\/p>\n","protected":false},"featured_media":46686,"template":"","meta":{"_acf_changed":false,"wds_primary_product_brand":0,"wds_primary_product_cat":0},"product_brand":[],"product_cat":[455],"product_tag":[],"class_list":{"0":"post-47138","1":"product","2":"type-product","3":"status-publish","4":"has-post-thumbnail","6":"product_cat-reinigung","8":"first","9":"instock","10":"taxable","11":"shipping-taxable","12":"purchasable","13":"product-type-variable"},"acf":[],"_links":{"self":[{"href":"https:\/\/netpet.ch\/de\/wp-json\/wp\/v2\/product\/47138","targetHints":{"allow":["GET"]}}],"collection":[{"href":"https:\/\/netpet.ch\/de\/wp-json\/wp\/v2\/product"}],"about":[{"href":"https:\/\/netpet.ch\/de\/wp-json\/wp\/v2\/types\/product"}],"wp:featuredmedia":[{"embeddable":true,"href":"https:\/\/netpet.ch\/de\/wp-json\/wp\/v2\/media\/46686"}],"wp:attachment":[{"href":"https:\/\/netpet.ch\/de\/wp-json\/wp\/v2\/media?parent=47138"}],"wp:term":[{"taxonomy":"product_brand","embeddable":true,"href":"https:\/\/netpet.ch\/de\/wp-json\/wp\/v2\/product_brand?post=47138"},{"taxonomy":"product_cat","embeddable":true,"href":"https:\/\/netpet.ch\/de\/wp-json\/wp\/v2\/product_cat?post=47138"},{"taxonomy":"product_tag","embeddable":true,"href":"https:\/\/netpet.ch\/de\/wp-json\/wp\/v2\/product_tag?post=47138"}],"curies":[{"name":"wp","href":"https:\/\/api.w.org\/{rel}","templated":true}]}}