{"id":47142,"date":"2024-03-03T12:03:48","date_gmt":"2024-03-03T11:03:48","guid":{"rendered":"https:\/\/netpet.ch\/produit\/grattoir-en-acier-inoxydable-20cm\/"},"modified":"2026-03-08T22:20:12","modified_gmt":"2026-03-08T21:20:12","slug":"grattoir-en-acier-inoxydable-20cm","status":"publish","type":"product","link":"https:\/\/netpet.ch\/de\/produit\/grattoir-en-acier-inoxydable-20cm\/","title":{"rendered":"Schaber mit Klinge aus rostfreiem Stahl, 20 cm"},"content":{"rendered":"<p>Dieser Schaber ist ein praktisches Werkzeug f\u00fcr die schnelle und effektive Reinigung von trockenem und verkrustetem Schmutz in einem H\u00fchnerstall, Kaninchenstall oder Taubenschlag.<\/p>\n<p>Er hat die Form eines Spachtels mit einer L\u00e4nge von 21.4cm, der aus einer 20cm breiten Edelstahlklinge und einem gr\u00fcnen Kunststoffgriff besteht; der Griff ist mit einem Loch zum Aufh\u00e4ngen des Werkzeugs versehen.<\/p>\n<p>(\u00fcbersetzt mit www.deepL.com)<\/p>\n","protected":false},"excerpt":{"rendered":"<p>Dieser Schaber ist ein praktisches Werkzeug f\u00fcr die schnelle und effektive Reinigung von trockenem und verkrustetem Schmutz in einem H\u00fchnerstall, Kaninchenstall oder Taubenschlag. Er hat die Form eines Spachtels mit einer L\u00e4nge von 21.4cm, der aus einer 20cm breiten Edelstahlklinge und einem gr\u00fcnen Kunststoffgriff besteht; der Griff ist mit einem Loch zum Aufh\u00e4ngen des Werkzeugs [&hellip;]<\/p>\n","protected":false},"featured_media":47082,"template":"","meta":{"_acf_changed":false,"wds_primary_product_brand":0,"wds_primary_product_cat":0},"product_brand":[],"product_cat":[455],"product_tag":[],"class_list":{"0":"post-47142","1":"product","2":"type-product","3":"status-publish","4":"has-post-thumbnail","6":"product_cat-reinigung","8":"first","9":"instock","10":"taxable","11":"shipping-taxable","12":"purchasable","13":"product-type-simple"},"acf":[],"_links":{"self":[{"href":"https:\/\/netpet.ch\/de\/wp-json\/wp\/v2\/product\/47142","targetHints":{"allow":["GET"]}}],"collection":[{"href":"https:\/\/netpet.ch\/de\/wp-json\/wp\/v2\/product"}],"about":[{"href":"https:\/\/netpet.ch\/de\/wp-json\/wp\/v2\/types\/product"}],"wp:featuredmedia":[{"embeddable":true,"href":"https:\/\/netpet.ch\/de\/wp-json\/wp\/v2\/media\/47082"}],"wp:attachment":[{"href":"https:\/\/netpet.ch\/de\/wp-json\/wp\/v2\/media?parent=47142"}],"wp:term":[{"taxonomy":"product_brand","embeddable":true,"href":"https:\/\/netpet.ch\/de\/wp-json\/wp\/v2\/product_brand?post=47142"},{"taxonomy":"product_cat","embeddable":true,"href":"https:\/\/netpet.ch\/de\/wp-json\/wp\/v2\/product_cat?post=47142"},{"taxonomy":"product_tag","embeddable":true,"href":"https:\/\/netpet.ch\/de\/wp-json\/wp\/v2\/product_tag?post=47142"}],"curies":[{"name":"wp","href":"https:\/\/api.w.org\/{rel}","templated":true}]}}