{"id":47342,"date":"2024-03-23T20:41:46","date_gmt":"2024-03-23T19:41:46","guid":{"rendered":"https:\/\/netpet.ch\/produit\/pondoir-avec-fond-en-plastique\/"},"modified":"2024-04-25T22:42:18","modified_gmt":"2024-04-25T20:42:18","slug":"pondoir-avec-fond-en-plastique","status":"publish","type":"product","link":"https:\/\/netpet.ch\/de\/produit\/pondoir-avec-fond-en-plastique\/","title":{"rendered":"Legenest mit Kunststoffboden"},"content":{"rendered":"<p>Das Abroll-Legenest mit Plastikboden von Gaun bietet H\u00fchnern eine komfortable und intime Umgebung, um ihre Eier zu legen.<\/p>\n<p>Der leicht geneigte Kunststoffboden sorgt daf\u00fcr, dass die Eier sanft in den Sammelbeh\u00e4lter mit Deckel rollen, was das Einsammeln vereinfacht und schmutzige, zerbrochene oder angepickte Eier der Vergangenheit angeh\u00f6ren l\u00e4sst!<\/p>\n<p>Das Legenest bietet Platz f\u00fcr 3 bis 4 H\u00fchner.<\/p>\n<p>Es besteht aus verzinktem Blech und hochwertigem Kunststoff und kann auf dem Boden oder an der Wand aufgeh\u00e4ngt werden. Es ist so konstruiert, dass es leicht zu reinigen ist; sein Schr\u00e4gdach verhindert unter anderem, dass sich das Gefl\u00fcgel auf dem Nest positioniert.<\/p>\n<p>Das Nest wird unmontiert als Bausatz geliefert. Die Abmessungen im zusammengebauten Zustand betragen 26.7x52x48cm (BxTxH).<\/p>\n<p>Hinweis: F\u00fcr noch mehr Komfort ist optional eine praktische und hygienische <a href=\"https:\/\/netpet.ch\/de\/produit\/tapis-de-ponte-pour-pondoir-gaun\/\" target=\"_blank\" rel=\"noopener\"><span style=\"color: #3366ff\">Nestmatte<\/span><\/a> erh\u00e4ltlich (Produktcode: <a href=\"https:\/\/netpet.ch\/de\/produit\/tapis-de-ponte-pour-pondoir-gaun\/\" target=\"_blank\" rel=\"noopener\"><span style=\"color: #3366ff\">gaes-10139<\/span><\/a>).<\/p>\n<p>(\u00fcbersetzt mit www.deepL.com)<\/p>\n","protected":false},"excerpt":{"rendered":"<p>Das Abroll-Legenest mit Plastikboden von Gaun bietet H\u00fchnern eine komfortable und intime Umgebung, um ihre Eier zu legen. Der leicht geneigte Kunststoffboden sorgt daf\u00fcr, dass die Eier sanft in den Sammelbeh\u00e4lter mit Deckel rollen, was das Einsammeln vereinfacht und schmutzige, zerbrochene oder angepickte Eier der Vergangenheit angeh\u00f6ren l\u00e4sst! Das Legenest bietet Platz f\u00fcr 3 bis [&hellip;]<\/p>\n","protected":false},"featured_media":47252,"template":"","meta":{"_acf_changed":false,"wds_primary_product_brand":0,"wds_primary_product_cat":0},"product_brand":[],"product_cat":[456],"product_tag":[],"class_list":{"0":"post-47342","1":"product","2":"type-product","3":"status-publish","4":"has-post-thumbnail","6":"product_cat-legenester","8":"first","9":"instock","10":"taxable","11":"shipping-taxable","12":"purchasable","13":"product-type-variable"},"acf":[],"_links":{"self":[{"href":"https:\/\/netpet.ch\/de\/wp-json\/wp\/v2\/product\/47342","targetHints":{"allow":["GET"]}}],"collection":[{"href":"https:\/\/netpet.ch\/de\/wp-json\/wp\/v2\/product"}],"about":[{"href":"https:\/\/netpet.ch\/de\/wp-json\/wp\/v2\/types\/product"}],"wp:featuredmedia":[{"embeddable":true,"href":"https:\/\/netpet.ch\/de\/wp-json\/wp\/v2\/media\/47252"}],"wp:attachment":[{"href":"https:\/\/netpet.ch\/de\/wp-json\/wp\/v2\/media?parent=47342"}],"wp:term":[{"taxonomy":"product_brand","embeddable":true,"href":"https:\/\/netpet.ch\/de\/wp-json\/wp\/v2\/product_brand?post=47342"},{"taxonomy":"product_cat","embeddable":true,"href":"https:\/\/netpet.ch\/de\/wp-json\/wp\/v2\/product_cat?post=47342"},{"taxonomy":"product_tag","embeddable":true,"href":"https:\/\/netpet.ch\/de\/wp-json\/wp\/v2\/product_tag?post=47342"}],"curies":[{"name":"wp","href":"https:\/\/api.w.org\/{rel}","templated":true}]}}