{"id":47356,"date":"2024-03-24T16:22:37","date_gmt":"2024-03-24T15:22:37","guid":{"rendered":"https:\/\/netpet.ch\/?post_type=product&#038;p=47356"},"modified":"2024-04-25T23:10:18","modified_gmt":"2024-04-25T21:10:18","slug":"nestmatte-fuer-gaun-legenest-aus-kunststoff","status":"publish","type":"product","link":"https:\/\/netpet.ch\/de\/produit\/nestmatte-fuer-gaun-legenest-aus-kunststoff\/","title":{"rendered":"Nestmatte f\u00fcr Gaun-Legenest aus Kunststoff"},"content":{"rendered":"<p>Diese Nestmatte macht die Legenester aus Kunststoff mit Sammelbeh\u00e4lter der Marke Gaun noch komfortabler und hygienischer (Legenest aus Kunststoff mit Sammelbeh\u00e4lter, Produktcode: <a href=\"https:\/\/netpet.ch\/de\/produit\/pondoir-en-plastique-avec-bac-de-collecte\/\" target=\"_blank\" rel=\"noopener\"><span style=\"color: #3366ff\">gaes-10125<\/span><\/a>, und Outdoor Legenest aus Kunststoff mit Sammelbeh\u00e4lter, Produktcode: <a href=\"https:\/\/netpet.ch\/de\/produit\/outdoor-legenest-aus-kunststoff-mit-sammelbehaelter\/\" target=\"_blank\" rel=\"noopener\"><span style=\"color: #3366ff\">gaes-10133<\/span><\/a>).<\/p>\n<p>Dieses einfache und praktische Zubeh\u00f6r filtert den Schmutz, der so auf den Boden des Legenestes f\u00e4llt; die Reinigung der Anlage wird erleichtert, da die Nestmatte nur angehoben werden muss, um sie vom Schmutz zu entleeren; zus\u00e4tzlich kann die Matte mit einem Wasserstrahl gereinigt werden.<\/p>\n<p>Im Gegensatz zu Stroh, das in das Legenest gelegt werden k\u00f6nnte, hindert die Nestmatte aus Kunststoff das Ei nicht daran, in den Sammelbeh\u00e4lter zu rollen.<\/p>\n<p>Abmessungen: 27.9x40.2cm (BxT).<\/p>\n<p>(\u00fcbersetzt mit www.deepL.com)<\/p>\n","protected":false},"excerpt":{"rendered":"<p>Diese Nestmatte macht die Legenester aus Kunststoff mit Sammelbeh\u00e4lter der Marke Gaun noch komfortabler und hygienischer (Legenest aus Kunststoff mit Sammelbeh\u00e4lter, Produktcode: gaes-10125, und Outdoor Legenest aus Kunststoff mit Sammelbeh\u00e4lter, Produktcode: gaes-10133). Dieses einfache und praktische Zubeh\u00f6r filtert den Schmutz, der so auf den Boden des Legenestes f\u00e4llt; die Reinigung der Anlage wird erleichtert, da [&hellip;]<\/p>\n","protected":false},"featured_media":47261,"template":"","meta":{"_acf_changed":false,"wds_primary_product_brand":0,"wds_primary_product_cat":0},"product_brand":[],"product_cat":[456],"product_tag":[],"class_list":{"0":"post-47356","1":"product","2":"type-product","3":"status-publish","4":"has-post-thumbnail","6":"product_cat-legenester","8":"first","9":"instock","10":"taxable","11":"shipping-taxable","12":"purchasable","13":"product-type-simple"},"acf":[],"_links":{"self":[{"href":"https:\/\/netpet.ch\/de\/wp-json\/wp\/v2\/product\/47356","targetHints":{"allow":["GET"]}}],"collection":[{"href":"https:\/\/netpet.ch\/de\/wp-json\/wp\/v2\/product"}],"about":[{"href":"https:\/\/netpet.ch\/de\/wp-json\/wp\/v2\/types\/product"}],"wp:featuredmedia":[{"embeddable":true,"href":"https:\/\/netpet.ch\/de\/wp-json\/wp\/v2\/media\/47261"}],"wp:attachment":[{"href":"https:\/\/netpet.ch\/de\/wp-json\/wp\/v2\/media?parent=47356"}],"wp:term":[{"taxonomy":"product_brand","embeddable":true,"href":"https:\/\/netpet.ch\/de\/wp-json\/wp\/v2\/product_brand?post=47356"},{"taxonomy":"product_cat","embeddable":true,"href":"https:\/\/netpet.ch\/de\/wp-json\/wp\/v2\/product_cat?post=47356"},{"taxonomy":"product_tag","embeddable":true,"href":"https:\/\/netpet.ch\/de\/wp-json\/wp\/v2\/product_tag?post=47356"}],"curies":[{"name":"wp","href":"https:\/\/api.w.org\/{rel}","templated":true}]}}