{"id":47357,"date":"2024-03-23T11:33:58","date_gmt":"2024-03-23T10:33:58","guid":{"rendered":"https:\/\/netpet.ch\/produit\/abreuvoir-siphoide-1-5l-diverses-couleurs\/"},"modified":"2024-05-02T14:20:35","modified_gmt":"2024-05-02T12:20:35","slug":"abreuvoir-siphoide-1-5l-diverses-couleurs","status":"publish","type":"product","link":"https:\/\/netpet.ch\/de\/produit\/abreuvoir-siphoide-1-5l-diverses-couleurs\/","title":{"rendered":"Siphontr\u00e4nke, 1.5L - Verschiedene Farben"},"content":{"rendered":"<p>Diese Tr\u00e4nke mit Bajonettverschluss hat ein Fassungsverm\u00f6gen von 1.5L und ist in verschiedenen Farben erh\u00e4ltlich.<\/p>\n<p>Sie bietet viele Vorteile:<br \/>\n\u2022 sie kann sowohl auf dem Boden oder einem Sockel Ihrer Wahl platziert als auch ganz einfach an einem Seil* aufgeh\u00e4ngt werden<br \/>\n\u2022 zuverl\u00e4ssiger und stabiler Bajonettverschluss<br \/>\n\u2022 einfaches Bef\u00fcllen und Reinigen, indem man sie auf den Kopf stellt<br \/>\n\u2022 hohe Widerstandsf\u00e4higkeit des verwendeten Materials (Polypropylen-Copolymer), u.a. gegen K\u00e4lte<br \/>\n\u2022 lange Lebensdauer durch UV-Schutz.<\/p>\n<p>*die verstellbare Aufh\u00e4ngung ist separat erh\u00e4ltlich (Produktcode: olnl-oh-prset).<\/p>\n<p>(\u00fcbersetzt mit www.deepL.com)<\/p>\n","protected":false},"excerpt":{"rendered":"<p>Diese Tr\u00e4nke mit Bajonettverschluss hat ein Fassungsverm\u00f6gen von 1.5L und ist in verschiedenen Farben erh\u00e4ltlich. Sie bietet viele Vorteile: \u2022 sie kann sowohl auf dem Boden oder einem Sockel Ihrer Wahl platziert als auch ganz einfach an einem Seil* aufgeh\u00e4ngt werden \u2022 zuverl\u00e4ssiger und stabiler Bajonettverschluss \u2022 einfaches Bef\u00fcllen und Reinigen, indem man sie auf [&hellip;]<\/p>\n","protected":false},"featured_media":47218,"template":"","meta":{"_acf_changed":false,"wds_primary_product_brand":0,"wds_primary_product_cat":0},"product_brand":[],"product_cat":[457,433],"product_tag":[],"class_list":{"0":"post-47357","1":"product","2":"type-product","3":"status-publish","4":"has-post-thumbnail","6":"product_cat-fur-kuken-und-wachteln","7":"product_cat-tranken","9":"first","10":"instock","11":"sale","12":"taxable","13":"shipping-taxable","14":"purchasable","15":"product-type-variable"},"acf":[],"_links":{"self":[{"href":"https:\/\/netpet.ch\/de\/wp-json\/wp\/v2\/product\/47357","targetHints":{"allow":["GET"]}}],"collection":[{"href":"https:\/\/netpet.ch\/de\/wp-json\/wp\/v2\/product"}],"about":[{"href":"https:\/\/netpet.ch\/de\/wp-json\/wp\/v2\/types\/product"}],"wp:featuredmedia":[{"embeddable":true,"href":"https:\/\/netpet.ch\/de\/wp-json\/wp\/v2\/media\/47218"}],"wp:attachment":[{"href":"https:\/\/netpet.ch\/de\/wp-json\/wp\/v2\/media?parent=47357"}],"wp:term":[{"taxonomy":"product_brand","embeddable":true,"href":"https:\/\/netpet.ch\/de\/wp-json\/wp\/v2\/product_brand?post=47357"},{"taxonomy":"product_cat","embeddable":true,"href":"https:\/\/netpet.ch\/de\/wp-json\/wp\/v2\/product_cat?post=47357"},{"taxonomy":"product_tag","embeddable":true,"href":"https:\/\/netpet.ch\/de\/wp-json\/wp\/v2\/product_tag?post=47357"}],"curies":[{"name":"wp","href":"https:\/\/api.w.org\/{rel}","templated":true}]}}