{"id":47404,"date":"2024-03-18T23:11:30","date_gmt":"2024-03-18T22:11:30","guid":{"rendered":"https:\/\/netpet.ch\/produit\/balance-digitale-a-cuillere-pour-oeufs\/"},"modified":"2025-04-03T22:52:34","modified_gmt":"2025-04-03T20:52:34","slug":"balance-digitale-a-cuillere-pour-oeufs","status":"publish","type":"product","link":"https:\/\/netpet.ch\/de\/produit\/balance-digitale-a-cuillere-pour-oeufs\/","title":{"rendered":"Digitale Messl\u00f6ffel-Waage f\u00fcr Eier"},"content":{"rendered":"<p>Diese platzsparende und praktisch zu bedienende digitale L\u00f6ffelwaage hat ein gro\u00dfes LCD-Display f\u00fcr eine einfache Ablesung mit einer Genauigkeit von 0.1g bis zu einer maximalen Belastbarkeit von 500g. Sie verf\u00fcgt \u00fcber eine Tarafunktion.<\/p>\n<p>Sie wird mit 2 AAA-Batterien betrieben (im Lieferumfang enthalten).<\/p>\n<p>Abmessungen: 23x5cm (LxB)<\/p>\n<p>(\u00fcbersetzt mit www.deepL.com)<\/p>\n","protected":false},"excerpt":{"rendered":"<p>Diese platzsparende und praktisch zu bedienende digitale L\u00f6ffelwaage hat ein gro\u00dfes LCD-Display f\u00fcr eine einfache Ablesung mit einer Genauigkeit von 0.1g bis zu einer maximalen Belastbarkeit von 500g. Sie verf\u00fcgt \u00fcber eine Tarafunktion. Sie wird mit 2 AAA-Batterien betrieben (im Lieferumfang enthalten). Abmessungen: 23x5cm (LxB) (\u00fcbersetzt mit www.deepL.com)<\/p>\n","protected":false},"featured_media":47169,"template":"","meta":{"_acf_changed":false,"wds_primary_product_brand":0,"wds_primary_product_cat":0},"product_brand":[],"product_cat":[434],"product_tag":[],"class_list":{"0":"post-47404","1":"product","2":"type-product","3":"status-publish","4":"has-post-thumbnail","6":"product_cat-zubehoer","8":"first","9":"instock","10":"taxable","11":"shipping-taxable","12":"purchasable","13":"product-type-simple"},"acf":[],"_links":{"self":[{"href":"https:\/\/netpet.ch\/de\/wp-json\/wp\/v2\/product\/47404","targetHints":{"allow":["GET"]}}],"collection":[{"href":"https:\/\/netpet.ch\/de\/wp-json\/wp\/v2\/product"}],"about":[{"href":"https:\/\/netpet.ch\/de\/wp-json\/wp\/v2\/types\/product"}],"wp:featuredmedia":[{"embeddable":true,"href":"https:\/\/netpet.ch\/de\/wp-json\/wp\/v2\/media\/47169"}],"wp:attachment":[{"href":"https:\/\/netpet.ch\/de\/wp-json\/wp\/v2\/media?parent=47404"}],"wp:term":[{"taxonomy":"product_brand","embeddable":true,"href":"https:\/\/netpet.ch\/de\/wp-json\/wp\/v2\/product_brand?post=47404"},{"taxonomy":"product_cat","embeddable":true,"href":"https:\/\/netpet.ch\/de\/wp-json\/wp\/v2\/product_cat?post=47404"},{"taxonomy":"product_tag","embeddable":true,"href":"https:\/\/netpet.ch\/de\/wp-json\/wp\/v2\/product_tag?post=47404"}],"curies":[{"name":"wp","href":"https:\/\/api.w.org\/{rel}","templated":true}]}}