{"id":47405,"date":"2024-03-20T20:57:50","date_gmt":"2024-03-20T19:57:50","guid":{"rendered":"https:\/\/netpet.ch\/produit\/xxxbalance-digitale-a-cuillere-pour-oeufs\/"},"modified":"2024-05-02T12:10:15","modified_gmt":"2024-05-02T10:10:15","slug":"xxxbalance-digitale-a-cuillere-pour-oeufs","status":"publish","type":"product","link":"https:\/\/netpet.ch\/de\/produit\/xxxbalance-digitale-a-cuillere-pour-oeufs\/","title":{"rendered":"Digitale \"Notebook\"-Waage f\u00fcr Eier"},"content":{"rendered":"<p>Mit ihrem Namen, der sich auf ihre Form bezieht, ist diese digitale \"Notebook\"-Waage kompakt, leicht und einfach zu verstauen oder zu transportieren. Sie hat ein grosses, f\u00fcnfstelliges LCD-Display, das eine einfache Ablesung mit einer Genauigkeit von 0,01g bis zu einer maximalen Belastbarkeit von 500g erm\u00f6glicht. Sie verf\u00fcgt \u00fcber eine Tarafunktion und ist einfach und intuitiv zu bedienen.<\/p>\n<p>Die Waage wird mit 2 AAA-Batterien betrieben (im Lieferumfang enthalten) und hat eine automatische Abschaltfunktion.<\/p>\n<p>Abmessungen:<br \/>\n- Waage: 16.5x10x2.3cm (LxBxH) geschlossen, bzw. 16.5x20.5x2cm (LxBxH) ge\u00f6ffnet<br \/>\n- Schale aus rostfreiem Stahl: 11.5x9cm (LxB)<\/p>\n<p>(\u00fcbersetzt mit www.deepL.com)<\/p>\n","protected":false},"excerpt":{"rendered":"<p style=\"text-align: left\"><em><strong><span style=\"color: #f05957\">NEU IM SORTIMENT von netpet.ch<\/span><\/strong><\/em><\/p>\n<p><strong><span style=\"color: #339966\">EINF\u00dcHRUNGSPREIS<\/span><\/strong><\/p>\n","protected":false},"featured_media":47183,"template":"","meta":{"_acf_changed":false,"wds_primary_product_brand":0,"wds_primary_product_cat":0},"product_brand":[],"product_cat":[434],"product_tag":[],"class_list":{"0":"post-47405","1":"product","2":"type-product","3":"status-publish","4":"has-post-thumbnail","6":"product_cat-zubehoer","8":"first","9":"instock","10":"sale","11":"taxable","12":"shipping-taxable","13":"purchasable","14":"product-type-simple"},"acf":[],"_links":{"self":[{"href":"https:\/\/netpet.ch\/de\/wp-json\/wp\/v2\/product\/47405","targetHints":{"allow":["GET"]}}],"collection":[{"href":"https:\/\/netpet.ch\/de\/wp-json\/wp\/v2\/product"}],"about":[{"href":"https:\/\/netpet.ch\/de\/wp-json\/wp\/v2\/types\/product"}],"wp:featuredmedia":[{"embeddable":true,"href":"https:\/\/netpet.ch\/de\/wp-json\/wp\/v2\/media\/47183"}],"wp:attachment":[{"href":"https:\/\/netpet.ch\/de\/wp-json\/wp\/v2\/media?parent=47405"}],"wp:term":[{"taxonomy":"product_brand","embeddable":true,"href":"https:\/\/netpet.ch\/de\/wp-json\/wp\/v2\/product_brand?post=47405"},{"taxonomy":"product_cat","embeddable":true,"href":"https:\/\/netpet.ch\/de\/wp-json\/wp\/v2\/product_cat?post=47405"},{"taxonomy":"product_tag","embeddable":true,"href":"https:\/\/netpet.ch\/de\/wp-json\/wp\/v2\/product_tag?post=47405"}],"curies":[{"name":"wp","href":"https:\/\/api.w.org\/{rel}","templated":true}]}}