{"id":47440,"date":"2024-03-21T19:43:42","date_gmt":"2024-03-21T18:43:42","guid":{"rendered":"https:\/\/netpet.ch\/produit\/caisse-de-transport-premium-pour-volailles\/"},"modified":"2024-05-26T22:58:59","modified_gmt":"2024-05-26T20:58:59","slug":"caisse-de-transport-premium-pour-volailles","status":"publish","type":"product","link":"https:\/\/netpet.ch\/de\/produit\/caisse-de-transport-premium-pour-volailles\/","title":{"rendered":"Premium-Transportkiste f\u00fcr Gefl\u00fcgel (nur Abholung im Depot)"},"content":{"rendered":"<p>Diese rechteckige Transportbox in Premiumqualit\u00e4t ist der ideale K\u00e4fig, um Gefl\u00fcgel und andere V\u00f6gel reisen zu lassen.<\/p>\n<p>Die zum Teil aus recycelten Materialien hergestellte Kiste aus robustem Kunststoff verf\u00fcgt \u00fcber grosse weisse Schiebet\u00fcren am Deckel, die eine einfache Benutzung erm\u00f6glichen.<\/p>\n<p>Mehrere Boxen k\u00f6nnen leicht gestapelt werden; durch den geschlossenen Boden wird dann verhindert, dass die Tiere von einer Kiste zur anderen verschmutzt werden.<\/p>\n<p>Aussenabmessungen: 85x50x30cm (LxBxH); Innenabmessungen: ca. 80x45x26cm (LxBxH)<br \/>\nKapazit\u00e4t: f\u00fcr ca. 12 Tiere, je nach Gr\u00f6sse<br \/>\nLeergewicht: 5.5kg<\/p>\n<p><span style=\"color: #ff6600\">Bitte beachten Sie: Dieses Produkt muss im Depot abgeholt werden; f\u00fcr andere Vereinbarungen kontaktieren Sie uns bitte vor der Bestellung.<\/span><\/p>\n<p>(\u00fcbersetzt mit www.deepL.com)<\/p>\n","protected":false},"excerpt":{"rendered":"<p><span style=\"color: #ff6600\">Achtung: Dieses Produkt muss im Lager abgeholt werden; sollten Sie eine andere Vereinbarung treffen wollen, kontaktieren Sie uns bitte vor einer Bestellung.<\/span><\/p>\n","protected":false},"featured_media":47191,"template":"","meta":{"_acf_changed":false,"wds_primary_product_brand":0,"wds_primary_product_cat":0},"product_brand":[],"product_cat":[453,434],"product_tag":[],"class_list":{"0":"post-47440","1":"product","2":"type-product","3":"status-publish","4":"has-post-thumbnail","6":"product_cat-kuekenaufzucht-zubehoer","7":"product_cat-zubehoer","9":"first","10":"instock","11":"taxable","12":"shipping-taxable","13":"purchasable","14":"product-type-simple"},"acf":[],"_links":{"self":[{"href":"https:\/\/netpet.ch\/de\/wp-json\/wp\/v2\/product\/47440","targetHints":{"allow":["GET"]}}],"collection":[{"href":"https:\/\/netpet.ch\/de\/wp-json\/wp\/v2\/product"}],"about":[{"href":"https:\/\/netpet.ch\/de\/wp-json\/wp\/v2\/types\/product"}],"wp:featuredmedia":[{"embeddable":true,"href":"https:\/\/netpet.ch\/de\/wp-json\/wp\/v2\/media\/47191"}],"wp:attachment":[{"href":"https:\/\/netpet.ch\/de\/wp-json\/wp\/v2\/media?parent=47440"}],"wp:term":[{"taxonomy":"product_brand","embeddable":true,"href":"https:\/\/netpet.ch\/de\/wp-json\/wp\/v2\/product_brand?post=47440"},{"taxonomy":"product_cat","embeddable":true,"href":"https:\/\/netpet.ch\/de\/wp-json\/wp\/v2\/product_cat?post=47440"},{"taxonomy":"product_tag","embeddable":true,"href":"https:\/\/netpet.ch\/de\/wp-json\/wp\/v2\/product_tag?post=47440"}],"curies":[{"name":"wp","href":"https:\/\/api.w.org\/{rel}","templated":true}]}}