{"id":47443,"date":"2024-05-02T15:39:53","date_gmt":"2024-05-02T13:39:53","guid":{"rendered":"https:\/\/netpet.ch\/?post_type=product&#038;p=47443"},"modified":"2024-05-02T15:40:43","modified_gmt":"2024-05-02T13:40:43","slug":"fuss-fuer-trennplatte-fuer-kueken","status":"publish","type":"product","link":"https:\/\/netpet.ch\/de\/produit\/fuss-fuer-trennplatte-fuer-kueken\/","title":{"rendered":"Fuss f\u00fcr Trennplatte f\u00fcr K\u00fcken"},"content":{"rendered":"<p>Diese Kunststoffst\u00e4nder k\u00f6nnen als Erg\u00e4nzung zu den Trenngitter f\u00fcr K\u00fcken (Produktcode: olnl-pw80g) verwendet werden.<\/p>\n<p>Sie sind nach der Aufzucht leicht zu reinigen.<\/p>\n<p>(\u00fcbersetzt mit www.deepL.com)<\/p>\n","protected":false},"excerpt":{"rendered":"<p>Diese Kunststoffst\u00e4nder k\u00f6nnen als Erg\u00e4nzung zu den Trenngitter f\u00fcr K\u00fcken (Produktcode: olnl-pw80g) verwendet werden. Sie sind nach der Aufzucht leicht zu reinigen. (\u00fcbersetzt mit www.deepL.com)<\/p>\n","protected":false},"featured_media":47414,"template":"","meta":{"_acf_changed":false,"wds_primary_product_brand":0,"wds_primary_product_cat":0},"product_brand":[],"product_cat":[457,453],"product_tag":[],"class_list":{"0":"post-47443","1":"product","2":"type-product","3":"status-publish","4":"has-post-thumbnail","6":"product_cat-fur-kuken-und-wachteln","7":"product_cat-kuekenaufzucht-zubehoer","9":"first","10":"instock","11":"taxable","12":"shipping-taxable","13":"purchasable","14":"product-type-simple"},"acf":[],"_links":{"self":[{"href":"https:\/\/netpet.ch\/de\/wp-json\/wp\/v2\/product\/47443","targetHints":{"allow":["GET"]}}],"collection":[{"href":"https:\/\/netpet.ch\/de\/wp-json\/wp\/v2\/product"}],"about":[{"href":"https:\/\/netpet.ch\/de\/wp-json\/wp\/v2\/types\/product"}],"wp:featuredmedia":[{"embeddable":true,"href":"https:\/\/netpet.ch\/de\/wp-json\/wp\/v2\/media\/47414"}],"wp:attachment":[{"href":"https:\/\/netpet.ch\/de\/wp-json\/wp\/v2\/media?parent=47443"}],"wp:term":[{"taxonomy":"product_brand","embeddable":true,"href":"https:\/\/netpet.ch\/de\/wp-json\/wp\/v2\/product_brand?post=47443"},{"taxonomy":"product_cat","embeddable":true,"href":"https:\/\/netpet.ch\/de\/wp-json\/wp\/v2\/product_cat?post=47443"},{"taxonomy":"product_tag","embeddable":true,"href":"https:\/\/netpet.ch\/de\/wp-json\/wp\/v2\/product_tag?post=47443"}],"curies":[{"name":"wp","href":"https:\/\/api.w.org\/{rel}","templated":true}]}}