{"id":47455,"date":"2024-05-02T16:37:35","date_gmt":"2024-05-02T14:37:35","guid":{"rendered":"https:\/\/netpet.ch\/?post_type=product&#038;p=47455"},"modified":"2024-05-02T16:58:25","modified_gmt":"2024-05-02T14:58:25","slug":"traenkewaermeplatte-oe-25cm","status":"publish","type":"product","link":"https:\/\/netpet.ch\/de\/produit\/traenkewaermeplatte-oe-25cm\/","title":{"rendered":"Tr\u00e4nkew\u00e4rmeplatte \u00d8 25cm"},"content":{"rendered":"<p>Wasser ist f\u00fcr alle Tiere, insbesondere f\u00fcr Gefl\u00fcgel, von lebenswichtiger Bedeutung.<\/p>\n<p>Mit diesem Tr\u00e4nkenw\u00e4rmer mit einem Durchmesser von 25cm k\u00f6nnen Sie Ihre Tr\u00e4nken aufw\u00e4rmen, damit sie im Winter nicht einfrieren.<\/p>\n<p><strong>Hauptvorteile der Tr\u00e4nkew\u00e4rmeplatte:<\/strong><br \/>\n\u2022 ein Klemmsystem (gelb), das sich an verschiedene Gr\u00f6\u00dfen von Tr\u00e4nken anpasst<br \/>\n\u2022 Wasser bleibt bis zu einer Umgebungstemperatur von -25\u00b0C frostfrei<br \/>\n\u2022 kein W\u00e4rmeverlust durch eine hervorragende Isolierung aus 15mm dickem Polyurethan (PU), die die W\u00e4rme nach oben leitet<br \/>\n\u2022 risikolos durch die Verwendung von Niederspannung<br \/>\n\u2022 geringerer Stromverbrauch von nur 20 Watt.<\/p>\n<p>Der Tr\u00e4nkenw\u00e4rmer eignet sich insbesondere hervorragend f\u00fcr die 1.5L-Siphontr\u00e4nke, Produktcode olnl-d1500bn.<\/p>\n<p>Inklusive Adapter 230v ac &gt; 24v dc.<\/p>\n<p>(\u00fcbersetzt mit www.deepL.com)<\/p>\n","protected":false},"excerpt":{"rendered":"<p>Wasser ist f\u00fcr alle Tiere, insbesondere f\u00fcr Gefl\u00fcgel, von lebenswichtiger Bedeutung. Mit diesem Tr\u00e4nkenw\u00e4rmer mit einem Durchmesser von 25cm k\u00f6nnen Sie Ihre Tr\u00e4nken aufw\u00e4rmen, damit sie im Winter nicht einfrieren. Hauptvorteile der Tr\u00e4nkew\u00e4rmeplatte: \u2022 ein Klemmsystem (gelb), das sich an verschiedene Gr\u00f6\u00dfen von Tr\u00e4nken anpasst \u2022 Wasser bleibt bis zu einer Umgebungstemperatur von -25\u00b0C frostfrei [&hellip;]<\/p>\n","protected":false},"featured_media":47446,"template":"","meta":{"_acf_changed":false,"wds_primary_product_brand":0,"wds_primary_product_cat":0},"product_brand":[],"product_cat":[433],"product_tag":[],"class_list":{"0":"post-47455","1":"product","2":"type-product","3":"status-publish","4":"has-post-thumbnail","6":"product_cat-tranken","8":"first","9":"instock","10":"taxable","11":"shipping-taxable","12":"purchasable","13":"product-type-simple"},"acf":[],"_links":{"self":[{"href":"https:\/\/netpet.ch\/de\/wp-json\/wp\/v2\/product\/47455","targetHints":{"allow":["GET"]}}],"collection":[{"href":"https:\/\/netpet.ch\/de\/wp-json\/wp\/v2\/product"}],"about":[{"href":"https:\/\/netpet.ch\/de\/wp-json\/wp\/v2\/types\/product"}],"wp:featuredmedia":[{"embeddable":true,"href":"https:\/\/netpet.ch\/de\/wp-json\/wp\/v2\/media\/47446"}],"wp:attachment":[{"href":"https:\/\/netpet.ch\/de\/wp-json\/wp\/v2\/media?parent=47455"}],"wp:term":[{"taxonomy":"product_brand","embeddable":true,"href":"https:\/\/netpet.ch\/de\/wp-json\/wp\/v2\/product_brand?post=47455"},{"taxonomy":"product_cat","embeddable":true,"href":"https:\/\/netpet.ch\/de\/wp-json\/wp\/v2\/product_cat?post=47455"},{"taxonomy":"product_tag","embeddable":true,"href":"https:\/\/netpet.ch\/de\/wp-json\/wp\/v2\/product_tag?post=47455"}],"curies":[{"name":"wp","href":"https:\/\/api.w.org\/{rel}","templated":true}]}}