{"id":47466,"date":"2024-05-02T17:52:18","date_gmt":"2024-05-02T15:52:18","guid":{"rendered":"https:\/\/netpet.ch\/produit\/epuisette-a-main-renforcee-o-38cm\/"},"modified":"2024-05-02T22:07:11","modified_gmt":"2024-05-02T20:07:11","slug":"epuisette-a-main-renforcee-o-38cm","status":"publish","type":"product","link":"https:\/\/netpet.ch\/de\/produit\/epuisette-a-main-renforcee-o-38cm\/","title":{"rendered":"Fangnetz mit kurzem Handgriff, \u00d8 38cm"},"content":{"rendered":"<p>Dieses praktische und leicht zu tragende Fangnetz mit kurzem Handgriff erm\u00f6glicht es Ihnen, Ihre Tiere dank der kleinen Maschen des Netzes einfach und verletzungsfrei zu fangen. Der schwarze Aluminiumrahmen mit einem Durchmesser von 38cm und das Netz aus Polyethylen sind verst\u00e4rkt und eignen sich f\u00fcr den t\u00e4glichen Gebrauch.<\/p>\n<p>Abmessungen:<br \/>\n\u2022 L\u00e4nge: 65cm<br \/>\n\u2022 Durchmesser des Rahmens: 38cm<br \/>\n\u2022 Tiefe des Netzes: +\/- 48cm<\/p>\n","protected":false},"excerpt":{"rendered":"<p>Dieses praktische und leicht zu tragende Fangnetz mit kurzem Handgriff erm\u00f6glicht es Ihnen, Ihre Tiere dank der kleinen Maschen des Netzes einfach und verletzungsfrei zu fangen. Der schwarze Aluminiumrahmen mit einem Durchmesser von 38cm und das Netz aus Polyethylen sind verst\u00e4rkt und eignen sich f\u00fcr den t\u00e4glichen Gebrauch. Abmessungen: \u2022 L\u00e4nge: 65cm \u2022 Durchmesser des [&hellip;]<\/p>\n","protected":false},"featured_media":47463,"template":"","meta":{"_acf_changed":false,"wds_primary_product_brand":0,"wds_primary_product_cat":0},"product_brand":[],"product_cat":[434],"product_tag":[],"class_list":{"0":"post-47466","1":"product","2":"type-product","3":"status-publish","4":"has-post-thumbnail","6":"product_cat-zubehoer","8":"first","9":"instock","10":"taxable","11":"shipping-taxable","12":"purchasable","13":"product-type-simple"},"acf":[],"_links":{"self":[{"href":"https:\/\/netpet.ch\/de\/wp-json\/wp\/v2\/product\/47466","targetHints":{"allow":["GET"]}}],"collection":[{"href":"https:\/\/netpet.ch\/de\/wp-json\/wp\/v2\/product"}],"about":[{"href":"https:\/\/netpet.ch\/de\/wp-json\/wp\/v2\/types\/product"}],"wp:featuredmedia":[{"embeddable":true,"href":"https:\/\/netpet.ch\/de\/wp-json\/wp\/v2\/media\/47463"}],"wp:attachment":[{"href":"https:\/\/netpet.ch\/de\/wp-json\/wp\/v2\/media?parent=47466"}],"wp:term":[{"taxonomy":"product_brand","embeddable":true,"href":"https:\/\/netpet.ch\/de\/wp-json\/wp\/v2\/product_brand?post=47466"},{"taxonomy":"product_cat","embeddable":true,"href":"https:\/\/netpet.ch\/de\/wp-json\/wp\/v2\/product_cat?post=47466"},{"taxonomy":"product_tag","embeddable":true,"href":"https:\/\/netpet.ch\/de\/wp-json\/wp\/v2\/product_tag?post=47466"}],"curies":[{"name":"wp","href":"https:\/\/api.w.org\/{rel}","templated":true}]}}