{"id":47564,"date":"2024-05-04T17:37:18","date_gmt":"2024-05-04T15:37:18","guid":{"rendered":"https:\/\/netpet.ch\/?post_type=product&#038;p=47564"},"modified":"2024-05-26T10:29:51","modified_gmt":"2024-05-26T08:29:51","slug":"gefluegelfutterautomat-aus-metall-mit-anti-verschwendungsring-20kg","status":"publish","type":"product","link":"https:\/\/netpet.ch\/de\/produit\/gefluegelfutterautomat-aus-metall-mit-anti-verschwendungsring-20kg\/","title":{"rendered":"Gefl\u00fcgelfutterautomat aus Metall mit Anti-Verschwendungsring, 20kg"},"content":{"rendered":"<p>Dieser robuste und langlebige Futtertrog aus verzinktem Blech der Marke Gaun hat ein Fassungsverm\u00f6gen von 20kg. Er verf\u00fcgt \u00fcber einen Trichter mit 3-fach verstellbarem Futterfluss und wird mit seinem Anti-Verschwendungsring aus widerstandsf\u00e4higem Kunststoff angeboten.<\/p>\n<p>Abmessungen: Durchmesser von 40.5cm und H\u00f6he von 47cm.<\/p>\n<p>(\u00fcbersetzt mit www.deepL.com)<\/p>\n","protected":false},"excerpt":{"rendered":"<p style=\"text-align: left\"><em><strong><span style=\"color: #f05957\">NEU IM SORTIMENT von netpet.ch<\/span><\/strong><\/em><\/p>\n","protected":false},"featured_media":47483,"template":"","meta":{"_acf_changed":false,"wds_primary_product_brand":0,"wds_primary_product_cat":0},"product_brand":[],"product_cat":[452],"product_tag":[],"class_list":{"0":"post-47564","1":"product","2":"type-product","3":"status-publish","4":"has-post-thumbnail","6":"product_cat-futterautomaten","8":"first","9":"instock","10":"taxable","11":"shipping-taxable","12":"purchasable","13":"product-type-simple"},"acf":[],"_links":{"self":[{"href":"https:\/\/netpet.ch\/de\/wp-json\/wp\/v2\/product\/47564","targetHints":{"allow":["GET"]}}],"collection":[{"href":"https:\/\/netpet.ch\/de\/wp-json\/wp\/v2\/product"}],"about":[{"href":"https:\/\/netpet.ch\/de\/wp-json\/wp\/v2\/types\/product"}],"wp:featuredmedia":[{"embeddable":true,"href":"https:\/\/netpet.ch\/de\/wp-json\/wp\/v2\/media\/47483"}],"wp:attachment":[{"href":"https:\/\/netpet.ch\/de\/wp-json\/wp\/v2\/media?parent=47564"}],"wp:term":[{"taxonomy":"product_brand","embeddable":true,"href":"https:\/\/netpet.ch\/de\/wp-json\/wp\/v2\/product_brand?post=47564"},{"taxonomy":"product_cat","embeddable":true,"href":"https:\/\/netpet.ch\/de\/wp-json\/wp\/v2\/product_cat?post=47564"},{"taxonomy":"product_tag","embeddable":true,"href":"https:\/\/netpet.ch\/de\/wp-json\/wp\/v2\/product_tag?post=47564"}],"curies":[{"name":"wp","href":"https:\/\/api.w.org\/{rel}","templated":true}]}}