{"id":47588,"date":"2024-05-26T17:06:34","date_gmt":"2024-05-26T15:06:34","guid":{"rendered":"https:\/\/netpet.ch\/?post_type=product&#038;p=47588"},"modified":"2024-05-26T17:05:20","modified_gmt":"2024-05-26T15:05:20","slug":"cat-mate-grosser-trinkbrunnen-fuer-haustiere-6l","status":"publish","type":"product","link":"https:\/\/netpet.ch\/de\/produit\/cat-mate-grosser-trinkbrunnen-fuer-haustiere-6l\/","title":{"rendered":"Cat Mate - Grosser Trinkbrunnen f\u00fcr Haustiere, 6L"},"content":{"rendered":"<p>Die Gesundheit und Vitalit\u00e4t unserer vierbeinigen Freunde h\u00e4ngt unter anderem davon ab, dass sie genug Wasser trinken.<\/p>\n<p>Dieser Cat Mate Trinkbrunnen f\u00fcr Haustiere mit einem Fassungsverm\u00f6gen von 6L wurde sorgf\u00e4ltig entworfen, um die Attraktivit\u00e4t des Wassers zu maximieren, indem er eine st\u00e4ndige Zirkulation bietet; diese Bewegung sorgt auch daf\u00fcr, dass das Wasser den ganzen Tag \u00fcber frisch, nat\u00fcrlich sauerstoffreich und schmackhaft bleibt.<\/p>\n<p><strong>Hauptmerkmale des grossen Haustierbrunnens von Cat Mate:<\/strong><br \/>\n\u2022 diskretes und elegantes Modell, ideal f\u00fcr Hunde aller Gr\u00f6ssen und neugierige Katzen<br \/>\n\u2022 Fassungsverm\u00f6gen von 6L<br \/>\n\u2022 3 Trinkh\u00f6hen, so dass es f\u00fcr alle passt<br \/>\n\u2022 Rampe, die Wasserspritzer reduziert<br \/>\n\u2022 konstante Wasserzirkulation<br \/>\n\u2022 isolierte Pumpe f\u00fcr ger\u00e4uscharmen Betrieb<br \/>\n\u2022 Wasserreinigung durch Aktivkohlefilter<br \/>\n\u2022 leicht zu reinigende, sp\u00fclmaschinenfeste N\u00e4pfe<br \/>\n\u2022 geringer Stromverbrauch von 2 Watt; 3m langes Kabel<br \/>\n\u2022 Gesamtabmessungen: 37x28x17cm (LxBxH)<br \/>\n\u2022 3 Jahre Herstellergarantie auf den Brunnen und 12 Monate Herstellergarantie auf die Pumpe, vorbehaltlich einer Online-Registrierung beim Kauf.<\/p>\n<p>&nbsp;<\/p>\n<p><em><span style=\"color: #993300\"><strong>Hinweis: Die Artikel sind neu, unbenutzt und voll funktionsf\u00e4hig. Die Verpackungen einiger Artikel weisen Manipulationsspuren auf; diese Exemplare, die unter Variante \"Verpackung -&gt; Neu, Spuren von Manipulationen\" erh\u00e4ltlich sind, werden zu reduzierten Preisen angeboten, solange der Vorrat reicht, im Zustand ihrer Verpackung und ohne R\u00fcckgaberecht aufgrund dieser Spuren auf den Verpackungen.<\/strong><\/span><\/em><\/p>\n<p>(\u00fcbersetzt mit www.deepL.com)<\/p>\n","protected":false},"excerpt":{"rendered":"<p><em><span style=\"color: #993300\"><strong>Neuartikel, der in seiner unbesch\u00e4digten Originalverpackung oder, bei niedrigeren Preisen, in seiner Originalverpackung mit Spuren von Manipulationen erh\u00e4ltlich ist.<\/strong><\/span><\/em><\/p>\n","protected":false},"featured_media":47579,"template":"","meta":{"_acf_changed":false,"wds_primary_product_brand":0,"wds_primary_product_cat":0},"product_brand":[],"product_cat":[479,520],"product_tag":[],"class_list":{"0":"post-47588","1":"product","2":"type-product","3":"status-publish","4":"has-post-thumbnail","6":"product_cat-cat-mate-de-2","7":"product_cat-trinkbrunnen-hunde","9":"first","10":"instock","11":"sale","12":"taxable","13":"shipping-taxable","14":"purchasable","15":"product-type-variable"},"acf":[],"_links":{"self":[{"href":"https:\/\/netpet.ch\/de\/wp-json\/wp\/v2\/product\/47588","targetHints":{"allow":["GET"]}}],"collection":[{"href":"https:\/\/netpet.ch\/de\/wp-json\/wp\/v2\/product"}],"about":[{"href":"https:\/\/netpet.ch\/de\/wp-json\/wp\/v2\/types\/product"}],"wp:featuredmedia":[{"embeddable":true,"href":"https:\/\/netpet.ch\/de\/wp-json\/wp\/v2\/media\/47579"}],"wp:attachment":[{"href":"https:\/\/netpet.ch\/de\/wp-json\/wp\/v2\/media?parent=47588"}],"wp:term":[{"taxonomy":"product_brand","embeddable":true,"href":"https:\/\/netpet.ch\/de\/wp-json\/wp\/v2\/product_brand?post=47588"},{"taxonomy":"product_cat","embeddable":true,"href":"https:\/\/netpet.ch\/de\/wp-json\/wp\/v2\/product_cat?post=47588"},{"taxonomy":"product_tag","embeddable":true,"href":"https:\/\/netpet.ch\/de\/wp-json\/wp\/v2\/product_tag?post=47588"}],"curies":[{"name":"wp","href":"https:\/\/api.w.org\/{rel}","templated":true}]}}