{"id":47604,"date":"2024-06-10T09:01:36","date_gmt":"2024-06-10T07:01:36","guid":{"rendered":"https:\/\/netpet.ch\/?post_type=product&#038;p=47604"},"modified":"2024-06-10T09:03:55","modified_gmt":"2024-06-10T07:03:55","slug":"nestei-aus-holz-fuer-legehuehner","status":"publish","type":"product","link":"https:\/\/netpet.ch\/de\/produit\/nestei-aus-holz-fuer-legehuehner\/","title":{"rendered":"Nestei aus Holz f\u00fcr Legeh\u00fchner (1 St\u00fcck)"},"content":{"rendered":"<p>Falsche Nesteier k\u00f6nnen verschiedene Zwecke erf\u00fcllen:<br \/>\n\u2022 H\u00fchner dazu bringen, ihre Eier an der richtigen Stelle zu legen<br \/>\n\u2022 sie davon abhalten, ihre Eier zu fressen<br \/>\n\u2022 als Lockvogel dienen, wenn Eier aus einem Nest entfernt werden.<\/p>\n<p>Diese falschen Nesteier aus Holz sind 60x45mm gross und 37g schwer; sie sind einzeln erh\u00e4ltlich.<\/p>\n<p>(\u00fcbersetzt mit www.deepL.com)<\/p>\n","protected":false},"excerpt":{"rendered":"<p>Falsche Nesteier k\u00f6nnen verschiedene Zwecke erf\u00fcllen: \u2022 H\u00fchner dazu bringen, ihre Eier an der richtigen Stelle zu legen \u2022 sie davon abhalten, ihre Eier zu fressen \u2022 als Lockvogel dienen, wenn Eier aus einem Nest entfernt werden. Diese falschen Nesteier aus Holz sind 60x45mm gross und 37g schwer; sie sind einzeln erh\u00e4ltlich. (\u00fcbersetzt mit www.deepL.com)<\/p>\n","protected":false},"featured_media":47603,"template":"","meta":{"_acf_changed":false,"wds_primary_product_brand":0,"wds_primary_product_cat":0},"product_brand":[],"product_cat":[456,434],"product_tag":[],"class_list":{"0":"post-47604","1":"product","2":"type-product","3":"status-publish","4":"has-post-thumbnail","6":"product_cat-legenester","7":"product_cat-zubehoer","9":"first","10":"instock","11":"taxable","12":"shipping-taxable","13":"purchasable","14":"product-type-simple"},"acf":[],"_links":{"self":[{"href":"https:\/\/netpet.ch\/de\/wp-json\/wp\/v2\/product\/47604","targetHints":{"allow":["GET"]}}],"collection":[{"href":"https:\/\/netpet.ch\/de\/wp-json\/wp\/v2\/product"}],"about":[{"href":"https:\/\/netpet.ch\/de\/wp-json\/wp\/v2\/types\/product"}],"wp:featuredmedia":[{"embeddable":true,"href":"https:\/\/netpet.ch\/de\/wp-json\/wp\/v2\/media\/47603"}],"wp:attachment":[{"href":"https:\/\/netpet.ch\/de\/wp-json\/wp\/v2\/media?parent=47604"}],"wp:term":[{"taxonomy":"product_brand","embeddable":true,"href":"https:\/\/netpet.ch\/de\/wp-json\/wp\/v2\/product_brand?post=47604"},{"taxonomy":"product_cat","embeddable":true,"href":"https:\/\/netpet.ch\/de\/wp-json\/wp\/v2\/product_cat?post=47604"},{"taxonomy":"product_tag","embeddable":true,"href":"https:\/\/netpet.ch\/de\/wp-json\/wp\/v2\/product_tag?post=47604"}],"curies":[{"name":"wp","href":"https:\/\/api.w.org\/{rel}","templated":true}]}}